{"id":10351,"date":"2026-01-12T12:32:01","date_gmt":"2026-01-12T11:32:01","guid":{"rendered":"https:\/\/bildungsmanagement.net\/?page_id=10351"},"modified":"2026-01-12T13:22:25","modified_gmt":"2026-01-12T12:22:25","slug":"kp-b","status":"publish","type":"page","link":"https:\/\/bildungsmanagement.net\/en\/kp-b\/","title":{"rendered":"KP-B"},"content":{"rendered":"\t\t<div data-elementor-type=\"wp-page\" data-elementor-id=\"10351\" data-post-id=\"10351\" data-obj-id=\"10351\" class=\"elementor elementor-10351 dce-elementor-post-10351\" data-elementor-post-type=\"page\">\n\t\t\t\t\t\t<section class=\"elementor-section elementor-top-section elementor-element elementor-element-551a58e elementor-section-boxed elementor-section-height-default elementor-section-height-default\" data-id=\"551a58e\" data-element_type=\"section\" data-e-type=\"section\">\n\t\t\t\t\t\t<div class=\"elementor-container elementor-column-gap-default\">\n\t\t\t\t\t<div class=\"elementor-column elementor-col-100 elementor-top-column elementor-element elementor-element-cf4690b\" data-id=\"cf4690b\" data-element_type=\"column\" data-e-type=\"column\">\n\t\t\t<div class=\"elementor-widget-wrap elementor-element-populated\">\n\t\t\t\t\t\t<div class=\"elementor-element elementor-element-5e67280 elementor-widget elementor-widget-heading\" data-id=\"5e67280\" data-element_type=\"widget\" data-e-type=\"widget\" data-widget_type=\"heading.default\">\n\t\t\t\t<div class=\"elementor-widget-container\">\n\t\t\t\t\t<h2 class=\"elementor-heading-title elementor-size-default\">Kompetenzprofil Beratung (KP-B)<\/h2>\t\t\t\t<\/div>\n\t\t\t\t<\/div>\n\t\t\t\t<section class=\"elementor-section elementor-inner-section elementor-element elementor-element-7696143 elementor-section-boxed elementor-section-height-default elementor-section-height-default\" data-id=\"7696143\" data-element_type=\"section\" data-e-type=\"section\">\n\t\t\t\t\t\t<div class=\"elementor-container elementor-column-gap-default\">\n\t\t\t\t\t<div class=\"elementor-column elementor-col-50 elementor-inner-column elementor-element elementor-element-ee9e56f\" data-id=\"ee9e56f\" data-element_type=\"column\" data-e-type=\"column\">\n\t\t\t<div class=\"elementor-widget-wrap elementor-element-populated\">\n\t\t\t\t\t\t<div class=\"elementor-element elementor-element-094bf33 dce_masking-none elementor-widget elementor-widget-image\" data-id=\"094bf33\" data-element_type=\"widget\" data-e-type=\"widget\" data-widget_type=\"image.default\">\n\t\t\t\t<div class=\"elementor-widget-container\">\n\t\t\t\t\t\t\t\t\t\t\t\t\t\t\t<img decoding=\"async\" width=\"170\" height=\"170\" src=\"https:\/\/bildungsmanagement.net\/wp-content\/uploads\/sites\/4\/2026\/01\/kp-b-170x170.png\" class=\"attachment-thumbnail size-thumbnail wp-image-10357\" alt=\"\" srcset=\"https:\/\/bildungsmanagement.net\/wp-content\/uploads\/sites\/4\/2026\/01\/kp-b-170x170.png 170w, https:\/\/bildungsmanagement.net\/wp-content\/uploads\/sites\/4\/2026\/01\/kp-b-400x400.png 400w, https:\/\/bildungsmanagement.net\/wp-content\/uploads\/sites\/4\/2026\/01\/kp-b-960x960.png 960w, https:\/\/bildungsmanagement.net\/wp-content\/uploads\/sites\/4\/2026\/01\/kp-b-768x768.png 768w, https:\/\/bildungsmanagement.net\/wp-content\/uploads\/sites\/4\/2026\/01\/kp-b.png 1080w\" sizes=\"(max-width: 170px) 100vw, 170px\" \/>\t\t\t\t\t\t\t\t\t\t\t\t\t\t\t<\/div>\n\t\t\t\t<\/div>\n\t\t\t\t\t<\/div>\n\t\t<\/div>\n\t\t\t\t<div class=\"elementor-column elementor-col-50 elementor-inner-column elementor-element elementor-element-38fee3e\" data-id=\"38fee3e\" data-element_type=\"column\" data-e-type=\"column\">\n\t\t\t<div class=\"elementor-widget-wrap elementor-element-populated\">\n\t\t\t\t\t\t<div class=\"elementor-element elementor-element-596f84f elementor-widget elementor-widget-text-editor\" data-id=\"596f84f\" data-element_type=\"widget\" data-e-type=\"widget\" data-widget_type=\"text-editor.default\">\n\t\t\t\t<div class=\"elementor-widget-container\">\n\t\t\t\t\t\t\t\t\t<p style=\"font-weight: 400;\">Das Self-Assessment ist speziell auf den Beratungskontext abgestimmt. Es ist in enger Kooperation mit Expert*innen aus Wissenschaft und Praxis f\u00fcr Beratung und Eignungsdiagnostik entstanden.<\/p><p style=\"font-weight: 400;\">Ziel ist eine pers\u00f6nliche Standortbestimmung in einem vertraulichen Rahmen. Durch die Auseinandersetzung mit spezifischen Beratungskompetenzen k\u00f6nnen die Teilnehmenden individuelle St\u00e4rken und Entwicklungsbedarfe reflektieren. Im Self-Assessment geht es um pers\u00f6nliche Weiterentwicklung, es geht <u>nicht<\/u> um Bewertung. Alle Angaben werden selbstverst\u00e4ndlich streng vertraulich behandelt.<\/p><p style=\"font-weight: 400;\">KP-B umfasst zwei Kompetenzbereiche mit insgesamt 40 Kompetenzdimensionen, die im Zusammenhang mit dem aktuellen Anforderungsprofil einer Beratungst\u00e4tigkeit im schulischen Kontext im Rahmen des SCP stehen. Diese gliedern sich in allgemeine Kompetenzen sowie t\u00e4tigkeitsbezogene Kompetenzen.<\/p><p style=\"font-weight: 400;\">Weitere Informationen folgen in K\u00fcrze.<\/p><p style=\"font-weight: 400;\">KP-B baut auf den Erfahrungen und Erkenntnissen von KPSM auf.<\/p><p style=\"font-weight: 400;\">Information zu KPSM: <a href=\"http:\/\/www.bildungsmanagement.net\/KPSM\">www.Bildungsmanagement.net\/KPSM<\/a><\/p>\t\t\t\t\t\t\t\t<\/div>\n\t\t\t\t<\/div>\n\t\t\t\t\t<\/div>\n\t\t<\/div>\n\t\t\t\t\t<\/div>\n\t\t<\/section>\n\t\t\t\t\t<\/div>\n\t\t<\/div>\n\t\t\t\t\t<\/div>\n\t\t<\/section>\n\t\t\t\t<\/div>\n\t\t","protected":false},"excerpt":{"rendered":"<p>Kompetenzprofil Beratung (KP-B) Das Self-Assessment ist speziell auf den Beratungskontext abgestimmt. Es ist in enger Kooperation mit Expert*innen aus Wissenschaft und Praxis f\u00fcr Beratung und Eignungsdiagnostik entstanden. Ziel ist eine pers\u00f6nliche Standortbestimmung in einem vertraulichen Rahmen. Durch die Auseinandersetzung mit spezifischen Beratungskompetenzen k\u00f6nnen die Teilnehmenden individuelle St\u00e4rken und Entwicklungsbedarfe reflektieren. Im Self-Assessment geht es um [&hellip;]<\/p>\n","protected":false},"author":1,"featured_media":0,"parent":0,"menu_order":0,"comment_status":"closed","ping_status":"closed","template":"","meta":{"footnotes":""},"class_list":["post-10351","page","type-page","status-publish","hentry"],"yoast_head":"<!-- This site is optimized with the Yoast SEO plugin v27.1.1 - https:\/\/yoast.com\/product\/yoast-seo-wordpress\/ -->\n<title>KP-B - Education Management<\/title>\n<meta name=\"robots\" content=\"index, follow, max-snippet:-1, max-image-preview:large, max-video-preview:-1\" \/>\n<link rel=\"canonical\" href=\"https:\/\/bildungsmanagement.net\/en\/kp-b\/\" \/>\n<meta property=\"og:locale\" content=\"en_US\" \/>\n<meta property=\"og:type\" content=\"article\" \/>\n<meta property=\"og:title\" content=\"KP-B - Education Management\" \/>\n<meta property=\"og:description\" content=\"Kompetenzprofil Beratung (KP-B) Das Self-Assessment ist speziell auf den Beratungskontext abgestimmt. Es ist in enger Kooperation mit Expert*innen aus Wissenschaft und Praxis f\u00fcr Beratung und Eignungsdiagnostik entstanden. Ziel ist eine pers\u00f6nliche Standortbestimmung in einem vertraulichen Rahmen. Durch die Auseinandersetzung mit spezifischen Beratungskompetenzen k\u00f6nnen die Teilnehmenden individuelle St\u00e4rken und Entwicklungsbedarfe reflektieren. Im Self-Assessment geht es um [&hellip;]\" \/>\n<meta property=\"og:url\" content=\"https:\/\/bildungsmanagement.net\/en\/kp-b\/\" \/>\n<meta property=\"og:site_name\" content=\"Education Management\" \/>\n<meta property=\"article:modified_time\" content=\"2026-01-12T12:22:25+00:00\" \/>\n<meta property=\"og:image\" content=\"https:\/\/bildungsmanagement.net\/wp-content\/uploads\/sites\/4\/2026\/01\/kp-b.png\" \/>\n\t<meta property=\"og:image:width\" content=\"1080\" \/>\n\t<meta property=\"og:image:height\" content=\"1080\" \/>\n\t<meta property=\"og:image:type\" content=\"image\/png\" \/>\n<meta name=\"twitter:card\" content=\"summary_large_image\" \/>\n<meta name=\"twitter:label1\" content=\"Est. reading time\" \/>\n\t<meta name=\"twitter:data1\" content=\"1 minute\" \/>\n<script type=\"application\/ld+json\" class=\"yoast-schema-graph\">{\"@context\":\"https:\/\/schema.org\",\"@graph\":[{\"@type\":\"WebPage\",\"@id\":\"https:\/\/bildungsmanagement.net\/en\/kp-b\/\",\"url\":\"https:\/\/bildungsmanagement.net\/en\/kp-b\/\",\"name\":\"KP-B - Education Management\",\"isPartOf\":{\"@id\":\"https:\/\/bildungsmanagement.net\/en\/#website\"},\"primaryImageOfPage\":{\"@id\":\"https:\/\/bildungsmanagement.net\/en\/kp-b\/#primaryimage\"},\"image\":{\"@id\":\"https:\/\/bildungsmanagement.net\/en\/kp-b\/#primaryimage\"},\"thumbnailUrl\":\"https:\/\/bildungsmanagement.net\/wp-content\/uploads\/sites\/4\/2026\/01\/kp-b-170x170.png\",\"datePublished\":\"2026-01-12T11:32:01+00:00\",\"dateModified\":\"2026-01-12T12:22:25+00:00\",\"breadcrumb\":{\"@id\":\"https:\/\/bildungsmanagement.net\/en\/kp-b\/#breadcrumb\"},\"inLanguage\":\"en-US\",\"potentialAction\":[{\"@type\":\"ReadAction\",\"target\":[\"https:\/\/bildungsmanagement.net\/en\/kp-b\/\"]}]},{\"@type\":\"ImageObject\",\"inLanguage\":\"en-US\",\"@id\":\"https:\/\/bildungsmanagement.net\/en\/kp-b\/#primaryimage\",\"url\":\"https:\/\/bildungsmanagement.net\/wp-content\/uploads\/sites\/4\/2026\/01\/kp-b-170x170.png\",\"contentUrl\":\"https:\/\/bildungsmanagement.net\/wp-content\/uploads\/sites\/4\/2026\/01\/kp-b-170x170.png\"},{\"@type\":\"BreadcrumbList\",\"@id\":\"https:\/\/bildungsmanagement.net\/en\/kp-b\/#breadcrumb\",\"itemListElement\":[{\"@type\":\"ListItem\",\"position\":1,\"name\":\"Startseite\",\"item\":\"https:\/\/bildungsmanagement.net\/en\/\"},{\"@type\":\"ListItem\",\"position\":2,\"name\":\"KP-B\"}]},{\"@type\":\"WebSite\",\"@id\":\"https:\/\/bildungsmanagement.net\/en\/#website\",\"url\":\"https:\/\/bildungsmanagement.net\/en\/\",\"name\":\"Education Management\",\"description\":\"\",\"potentialAction\":[{\"@type\":\"SearchAction\",\"target\":{\"@type\":\"EntryPoint\",\"urlTemplate\":\"https:\/\/bildungsmanagement.net\/en\/?s={search_term_string}\"},\"query-input\":{\"@type\":\"PropertyValueSpecification\",\"valueRequired\":true,\"valueName\":\"search_term_string\"}}],\"inLanguage\":\"en-US\"}]}<\/script>\n<!-- \/ Yoast SEO plugin. -->","yoast_head_json":{"title":"KP-B - Education Management","robots":{"index":"index","follow":"follow","max-snippet":"max-snippet:-1","max-image-preview":"max-image-preview:large","max-video-preview":"max-video-preview:-1"},"canonical":"https:\/\/bildungsmanagement.net\/en\/kp-b\/","og_locale":"en_US","og_type":"article","og_title":"KP-B - Education Management","og_description":"Kompetenzprofil Beratung (KP-B) Das Self-Assessment ist speziell auf den Beratungskontext abgestimmt. Es ist in enger Kooperation mit Expert*innen aus Wissenschaft und Praxis f\u00fcr Beratung und Eignungsdiagnostik entstanden. Ziel ist eine pers\u00f6nliche Standortbestimmung in einem vertraulichen Rahmen. Durch die Auseinandersetzung mit spezifischen Beratungskompetenzen k\u00f6nnen die Teilnehmenden individuelle St\u00e4rken und Entwicklungsbedarfe reflektieren. Im Self-Assessment geht es um [&hellip;]","og_url":"https:\/\/bildungsmanagement.net\/en\/kp-b\/","og_site_name":"Education Management","article_modified_time":"2026-01-12T12:22:25+00:00","og_image":[{"width":1080,"height":1080,"url":"https:\/\/bildungsmanagement.net\/wp-content\/uploads\/sites\/4\/2026\/01\/kp-b.png","type":"image\/png"}],"twitter_card":"summary_large_image","twitter_misc":{"Est. reading time":"1 minute"},"schema":{"@context":"https:\/\/schema.org","@graph":[{"@type":"WebPage","@id":"https:\/\/bildungsmanagement.net\/en\/kp-b\/","url":"https:\/\/bildungsmanagement.net\/en\/kp-b\/","name":"KP-B - Education Management","isPartOf":{"@id":"https:\/\/bildungsmanagement.net\/en\/#website"},"primaryImageOfPage":{"@id":"https:\/\/bildungsmanagement.net\/en\/kp-b\/#primaryimage"},"image":{"@id":"https:\/\/bildungsmanagement.net\/en\/kp-b\/#primaryimage"},"thumbnailUrl":"https:\/\/bildungsmanagement.net\/wp-content\/uploads\/sites\/4\/2026\/01\/kp-b-170x170.png","datePublished":"2026-01-12T11:32:01+00:00","dateModified":"2026-01-12T12:22:25+00:00","breadcrumb":{"@id":"https:\/\/bildungsmanagement.net\/en\/kp-b\/#breadcrumb"},"inLanguage":"en-US","potentialAction":[{"@type":"ReadAction","target":["https:\/\/bildungsmanagement.net\/en\/kp-b\/"]}]},{"@type":"ImageObject","inLanguage":"en-US","@id":"https:\/\/bildungsmanagement.net\/en\/kp-b\/#primaryimage","url":"https:\/\/bildungsmanagement.net\/wp-content\/uploads\/sites\/4\/2026\/01\/kp-b-170x170.png","contentUrl":"https:\/\/bildungsmanagement.net\/wp-content\/uploads\/sites\/4\/2026\/01\/kp-b-170x170.png"},{"@type":"BreadcrumbList","@id":"https:\/\/bildungsmanagement.net\/en\/kp-b\/#breadcrumb","itemListElement":[{"@type":"ListItem","position":1,"name":"Startseite","item":"https:\/\/bildungsmanagement.net\/en\/"},{"@type":"ListItem","position":2,"name":"KP-B"}]},{"@type":"WebSite","@id":"https:\/\/bildungsmanagement.net\/en\/#website","url":"https:\/\/bildungsmanagement.net\/en\/","name":"Education Management","description":"","potentialAction":[{"@type":"SearchAction","target":{"@type":"EntryPoint","urlTemplate":"https:\/\/bildungsmanagement.net\/en\/?s={search_term_string}"},"query-input":{"@type":"PropertyValueSpecification","valueRequired":true,"valueName":"search_term_string"}}],"inLanguage":"en-US"}]}},"_links":{"self":[{"href":"https:\/\/bildungsmanagement.net\/en\/wp-json\/wp\/v2\/pages\/10351","targetHints":{"allow":["GET"]}}],"collection":[{"href":"https:\/\/bildungsmanagement.net\/en\/wp-json\/wp\/v2\/pages"}],"about":[{"href":"https:\/\/bildungsmanagement.net\/en\/wp-json\/wp\/v2\/types\/page"}],"author":[{"embeddable":true,"href":"https:\/\/bildungsmanagement.net\/en\/wp-json\/wp\/v2\/users\/1"}],"replies":[{"embeddable":true,"href":"https:\/\/bildungsmanagement.net\/en\/wp-json\/wp\/v2\/comments?post=10351"}],"version-history":[{"count":10,"href":"https:\/\/bildungsmanagement.net\/en\/wp-json\/wp\/v2\/pages\/10351\/revisions"}],"predecessor-version":[{"id":10364,"href":"https:\/\/bildungsmanagement.net\/en\/wp-json\/wp\/v2\/pages\/10351\/revisions\/10364"}],"wp:attachment":[{"href":"https:\/\/bildungsmanagement.net\/en\/wp-json\/wp\/v2\/media?parent=10351"}],"curies":[{"name":"wp","href":"https:\/\/api.w.org\/{rel}","templated":true}]}}