{"id":4875,"date":"2022-04-21T18:15:24","date_gmt":"2022-04-21T16:15:24","guid":{"rendered":"https:\/\/bildungsmanagement.net\/digilead\/"},"modified":"2024-06-19T12:47:10","modified_gmt":"2024-06-19T10:47:10","slug":"digilead","status":"publish","type":"page","link":"https:\/\/bildungsmanagement.net\/en\/digilead\/","title":{"rendered":"DigiLead"},"content":{"rendered":"\t\t<div data-elementor-type=\"wp-page\" data-elementor-id=\"4875\" data-post-id=\"4875\" data-obj-id=\"4875\" class=\"elementor elementor-4875 dce-elementor-post-4875 elementor-3426\" data-elementor-post-type=\"page\">\n\t\t\t\t\t\t<section class=\"elementor-section elementor-top-section elementor-element elementor-element-b839b87 elementor-section-boxed elementor-section-height-default elementor-section-height-default\" data-id=\"b839b87\" data-element_type=\"section\" data-e-type=\"section\">\n\t\t\t\t\t\t<div class=\"elementor-container elementor-column-gap-default\">\n\t\t\t\t\t<div class=\"elementor-column elementor-col-100 elementor-top-column elementor-element elementor-element-89fb704\" data-id=\"89fb704\" data-element_type=\"column\" data-e-type=\"column\">\n\t\t\t<div class=\"elementor-widget-wrap elementor-element-populated\">\n\t\t\t\t\t\t<div class=\"elementor-element elementor-element-bbe48e8 elementor-widget elementor-widget-heading\" data-id=\"bbe48e8\" data-element_type=\"widget\" data-e-type=\"widget\" data-widget_type=\"heading.default\">\n\t\t\t\t<div class=\"elementor-widget-container\">\n\t\t\t\t\t<h2 class=\"elementor-heading-title elementor-size-default\">Digitalit\u00e4t und Leadership<\/h2>\t\t\t\t<\/div>\n\t\t\t\t<\/div>\n\t\t\t\t<div class=\"elementor-element elementor-element-5ea03f5 elementor-widget elementor-widget-heading\" data-id=\"5ea03f5\" data-element_type=\"widget\" data-e-type=\"widget\" data-widget_type=\"heading.default\">\n\t\t\t\t<div class=\"elementor-widget-container\">\n\t\t\t\t\t<h3 class=\"elementor-heading-title elementor-size-default\">DigiLead<\/h3>\t\t\t\t<\/div>\n\t\t\t\t<\/div>\n\t\t\t\t<div class=\"elementor-element elementor-element-a2d11bc elementor-widget elementor-widget-heading\" data-id=\"a2d11bc\" data-element_type=\"widget\" data-e-type=\"widget\" data-widget_type=\"heading.default\">\n\t\t\t\t<div class=\"elementor-widget-container\">\n\t\t\t\t\t<h4 class=\"elementor-heading-title elementor-size-default\">Digitale Fortbildungsoffensive - Impulse zur Schulentwicklung f\u00fcr Schulleitungen in NRW\u200b<\/h4>\t\t\t\t<\/div>\n\t\t\t\t<\/div>\n\t\t\t\t<div class=\"elementor-element elementor-element-88f0ee2 elementor-widget elementor-widget-text-editor\" data-id=\"88f0ee2\" data-element_type=\"widget\" data-e-type=\"widget\" data-widget_type=\"text-editor.default\">\n\t\t\t\t<div class=\"elementor-widget-container\">\n\t\t\t\t\t\t\t\t\t<p>Im Fr\u00fchjahr 2022 startete das <a href=\"https:\/\/www.schulministerium.nrw\/digitale-fortbildungsoffensive#:~:text=Die%20Schulleitungsma\u00dfnahme%20verfolgt%20das%20Ziel,Aufgabe%20als%20p\u00e4dagogische%20F\u00fchrung%20an.\" target=\"_blank\" rel=\"noopener\">Land Nordrhein-Westfalen die Digitale Fortbildungsoffensive f\u00fcr Schulleitungen<\/a>. Die Ma\u00dfnahme verfolgt das Ziel, Schulleitungen bei der digitalen Transformation zu unterst\u00fctzen und Schule zu einem zukunftsoffenen Ort der digitalisierten Welt zu machen.<\/p><p style=\"font-weight: 400;\">Das Fortbildungsangebot DigiLead wurde von Prof. Dr. Stephan Gerhard Huber entwickelt und mitgestaltet und wird von der Klett Gruppe (Klett MINT, AAP Lehrerwelt und RAABE) genutzt f\u00fcr die Umsetzung der digitalen Fortbildungsoffensive des Landes Nordrhein-Westfalen.<\/p><p style=\"font-weight: 400;\">DigiLead zielt auf einen Schulentwicklungsprozess und spricht die Schulleitung in ihrer Aufgabe als p\u00e4dagogische F\u00fchrung an. F\u00fcr den entsprechenden Schulentwicklungsprozess bietet die Ma\u00dfnahme sowohl der Schulleitung als auch ihrer projektbezogenen Gruppe vielf\u00e4ltige Angebote, die auf die Bed\u00fcrfnisse der einzelnen Schule individuell zugeschnitten werden k\u00f6nnen.<\/p><p style=\"font-weight: 400;\">Im Fokus des Fortbildungsangebotes stehen das Lernen mit Technologie und Lernen \u00fcber Technologie. Das erm\u00f6glicht Schulleitungen und ihren Teams, eine schulspezifische Gesamtstrategie f\u00fcr den digitalen Wandel zu formulieren.<\/p>\t\t\t\t\t\t\t\t<\/div>\n\t\t\t\t<\/div>\n\t\t\t\t<div class=\"elementor-element elementor-element-3ece5fd elementor-widget elementor-widget-text-editor\" data-id=\"3ece5fd\" data-element_type=\"widget\" data-e-type=\"widget\" data-widget_type=\"text-editor.default\">\n\t\t\t\t<div class=\"elementor-widget-container\">\n\t\t\t\t\t\t\t\t\t<p style=\"font-weight: 400;\"><strong>Umfassende \u00dcbersicht zu Digitalit\u00e4t und Leadership<\/strong><\/p><p style=\"font-weight: 400;\">Prof. Dr. Stephan Gerhard Huber wirkt in Form von Vortr\u00e4gen, Diskussionsbeitr\u00e4gen, Moderationen, Materialien sowie weiteren Lehr\/Lernformaten im Fortbildungsangebot aktiv mit.<\/p><p><span style=\"font-weight: 400;\">Eine vollst\u00e4ndige \u00dcbersicht ist <a href=\"https:\/\/bildungsmanagement.net\/digilead\/digilead-kursuebersicht\/\" target=\"_blank\" rel=\"noopener\"><strong>HIER<\/strong><\/a> zu finden.<\/span><\/p>\t\t\t\t\t\t\t\t<\/div>\n\t\t\t\t<\/div>\n\t\t\t\t<div class=\"elementor-element elementor-element-85800c2 elementor-widget elementor-widget-heading\" data-id=\"85800c2\" data-element_type=\"widget\" data-e-type=\"widget\" data-widget_type=\"heading.default\">\n\t\t\t\t<div class=\"elementor-widget-container\">\n\t\t\t\t\t<h3 class=\"elementor-heading-title elementor-size-default\">Exemplarische Statements von Prof. Dr. Stephan Gerhard Huber<\/h3>\t\t\t\t<\/div>\n\t\t\t\t<\/div>\n\t\t\t\t<section class=\"elementor-section elementor-inner-section elementor-element elementor-element-c7d100e elementor-section-boxed elementor-section-height-default elementor-section-height-default\" data-id=\"c7d100e\" data-element_type=\"section\" data-e-type=\"section\">\n\t\t\t\t\t\t<div class=\"elementor-container elementor-column-gap-default\">\n\t\t\t\t\t<div class=\"elementor-column elementor-col-33 elementor-inner-column elementor-element elementor-element-4afa52c\" data-id=\"4afa52c\" data-element_type=\"column\" data-e-type=\"column\">\n\t\t\t<div class=\"elementor-widget-wrap elementor-element-populated\">\n\t\t\t\t\t\t<div class=\"elementor-element elementor-element-cfd9fac elementor-widget elementor-widget-text-editor\" data-id=\"cfd9fac\" data-element_type=\"widget\" data-e-type=\"widget\" data-widget_type=\"text-editor.default\">\n\t\t\t\t<div class=\"elementor-widget-container\">\n\t\t\t\t\t\t\t\t\t<p style=\"font-weight: 400;\"><strong>Statement 1<\/strong>:<br \/>Schulleitung und Digitalit\u00e4t<\/p>\t\t\t\t\t\t\t\t<\/div>\n\t\t\t\t<\/div>\n\t\t\t\t<div class=\"elementor-element elementor-element-fec89a1 dce_masking-none elementor-widget elementor-widget-video\" data-id=\"fec89a1\" data-element_type=\"widget\" data-e-type=\"widget\" data-settings=\"{&quot;youtube_url&quot;:&quot;https:\\\/\\\/youtu.be\\\/HscQRc5cCSM&quot;,&quot;video_type&quot;:&quot;youtube&quot;,&quot;controls&quot;:&quot;yes&quot;}\" data-widget_type=\"video.default\">\n\t\t\t\t<div class=\"elementor-widget-container\">\n\t\t\t\t\t\t\t<div class=\"elementor-wrapper elementor-open-inline\">\n\t\t\t<div class=\"elementor-video\"><\/div>\t\t<\/div>\n\t\t\t\t\t\t<\/div>\n\t\t\t\t<\/div>\n\t\t\t\t\t<\/div>\n\t\t<\/div>\n\t\t\t\t<div class=\"elementor-column elementor-col-33 elementor-inner-column elementor-element elementor-element-8577ff1\" data-id=\"8577ff1\" data-element_type=\"column\" data-e-type=\"column\">\n\t\t\t<div class=\"elementor-widget-wrap elementor-element-populated\">\n\t\t\t\t\t\t<div class=\"elementor-element elementor-element-d3eb7ae elementor-widget elementor-widget-text-editor\" data-id=\"d3eb7ae\" data-element_type=\"widget\" data-e-type=\"widget\" data-widget_type=\"text-editor.default\">\n\t\t\t\t<div class=\"elementor-widget-container\">\n\t\t\t\t\t\t\t\t\t<p style=\"font-weight: 400;\"><strong>Statement 2<\/strong>:<br \/>Qualit\u00e4tsentwicklung und Professionalisierung<\/p>\t\t\t\t\t\t\t\t<\/div>\n\t\t\t\t<\/div>\n\t\t\t\t<div class=\"elementor-element elementor-element-d7d3b6a dce_masking-none elementor-widget elementor-widget-video\" data-id=\"d7d3b6a\" data-element_type=\"widget\" data-e-type=\"widget\" data-settings=\"{&quot;youtube_url&quot;:&quot;https:\\\/\\\/www.youtube.com\\\/watch?v=el7NxAHzG8g&quot;,&quot;video_type&quot;:&quot;youtube&quot;,&quot;controls&quot;:&quot;yes&quot;}\" data-widget_type=\"video.default\">\n\t\t\t\t<div class=\"elementor-widget-container\">\n\t\t\t\t\t\t\t<div class=\"elementor-wrapper elementor-open-inline\">\n\t\t\t<div class=\"elementor-video\"><\/div>\t\t<\/div>\n\t\t\t\t\t\t<\/div>\n\t\t\t\t<\/div>\n\t\t\t\t\t<\/div>\n\t\t<\/div>\n\t\t\t\t<div class=\"elementor-column elementor-col-33 elementor-inner-column elementor-element elementor-element-90a85fe\" data-id=\"90a85fe\" data-element_type=\"column\" data-e-type=\"column\">\n\t\t\t<div class=\"elementor-widget-wrap elementor-element-populated\">\n\t\t\t\t\t\t<div class=\"elementor-element elementor-element-bd8c3cc elementor-widget elementor-widget-text-editor\" data-id=\"bd8c3cc\" data-element_type=\"widget\" data-e-type=\"widget\" data-widget_type=\"text-editor.default\">\n\t\t\t\t<div class=\"elementor-widget-container\">\n\t\t\t\t\t\t\t\t\t<p style=\"font-weight: 400;\"><strong>Statement 3<\/strong>:<br \/>Wandel strategisch gestalten<\/p>\t\t\t\t\t\t\t\t<\/div>\n\t\t\t\t<\/div>\n\t\t\t\t<div class=\"elementor-element elementor-element-07eccd1 dce_masking-none elementor-widget elementor-widget-video\" data-id=\"07eccd1\" data-element_type=\"widget\" data-e-type=\"widget\" data-settings=\"{&quot;youtube_url&quot;:&quot;https:\\\/\\\/www.youtube.com\\\/watch?v=vnpOnD1VLgA&quot;,&quot;video_type&quot;:&quot;youtube&quot;,&quot;controls&quot;:&quot;yes&quot;}\" data-widget_type=\"video.default\">\n\t\t\t\t<div class=\"elementor-widget-container\">\n\t\t\t\t\t\t\t<div class=\"elementor-wrapper elementor-open-inline\">\n\t\t\t<div class=\"elementor-video\"><\/div>\t\t<\/div>\n\t\t\t\t\t\t<\/div>\n\t\t\t\t<\/div>\n\t\t\t\t\t<\/div>\n\t\t<\/div>\n\t\t\t\t\t<\/div>\n\t\t<\/section>\n\t\t\t\t\t<\/div>\n\t\t<\/div>\n\t\t\t\t\t<\/div>\n\t\t<\/section>\n\t\t\t\t<section class=\"elementor-section elementor-top-section elementor-element elementor-element-f6feb0b elementor-section-boxed elementor-section-height-default elementor-section-height-default\" data-id=\"f6feb0b\" data-element_type=\"section\" data-e-type=\"section\">\n\t\t\t\t\t\t<div class=\"elementor-container elementor-column-gap-default\">\n\t\t\t\t\t<div class=\"elementor-column elementor-col-100 elementor-top-column elementor-element elementor-element-1f5e8a7\" data-id=\"1f5e8a7\" data-element_type=\"column\" data-e-type=\"column\">\n\t\t\t<div class=\"elementor-widget-wrap elementor-element-populated\">\n\t\t\t\t\t\t<div class=\"elementor-element elementor-element-7992e39 dce_masking-none elementor-widget elementor-widget-image\" data-id=\"7992e39\" data-element_type=\"widget\" data-e-type=\"widget\" data-widget_type=\"image.default\">\n\t\t\t\t<div class=\"elementor-widget-container\">\n\t\t\t\t\t\t\t\t\t\t\t\t\t\t\t<img fetchpriority=\"high\" decoding=\"async\" width=\"640\" height=\"172\" src=\"https:\/\/bildungsmanagement.net\/wp-content\/uploads\/sites\/4\/2022\/04\/digilead.png\" class=\"attachment-large size-large wp-image-3434\" alt=\"\" srcset=\"https:\/\/bildungsmanagement.net\/wp-content\/uploads\/sites\/4\/2022\/04\/digilead.png 835w, https:\/\/bildungsmanagement.net\/wp-content\/uploads\/sites\/4\/2022\/04\/digilead-300x81.png 300w, https:\/\/bildungsmanagement.net\/wp-content\/uploads\/sites\/4\/2022\/04\/digilead-768x207.png 768w\" sizes=\"(max-width: 640px) 100vw, 640px\" \/>\t\t\t\t\t\t\t\t\t\t\t\t\t\t\t<\/div>\n\t\t\t\t<\/div>\n\t\t\t\t<div class=\"elementor-element elementor-element-ff90986 dce_masking-none elementor-widget elementor-widget-image\" data-id=\"ff90986\" data-element_type=\"widget\" data-e-type=\"widget\" data-widget_type=\"image.default\">\n\t\t\t\t<div class=\"elementor-widget-container\">\n\t\t\t\t\t\t\t\t\t\t\t\t\t\t\t\t<a href=\"https:\/\/bildungsmanagement.net\/wp-content\/uploads\/sites\/4\/2022\/07\/LogoPartner.png\" data-elementor-open-lightbox=\"no\">\n\t\t\t\t\t\t\t<img decoding=\"async\" width=\"640\" height=\"50\" src=\"https:\/\/bildungsmanagement.net\/wp-content\/uploads\/sites\/4\/2022\/07\/LogoPartner-1024x80.png\" class=\"attachment-large size-large wp-image-4032\" alt=\"\" srcset=\"https:\/\/bildungsmanagement.net\/wp-content\/uploads\/sites\/4\/2022\/07\/LogoPartner-1024x80.png 1024w, https:\/\/bildungsmanagement.net\/wp-content\/uploads\/sites\/4\/2022\/07\/LogoPartner-300x23.png 300w, https:\/\/bildungsmanagement.net\/wp-content\/uploads\/sites\/4\/2022\/07\/LogoPartner-768x60.png 768w, https:\/\/bildungsmanagement.net\/wp-content\/uploads\/sites\/4\/2022\/07\/LogoPartner.png 1280w\" sizes=\"(max-width: 640px) 100vw, 640px\" \/>\t\t\t\t\t\t\t\t<\/a>\n\t\t\t\t\t\t\t\t\t\t\t\t\t\t\t<\/div>\n\t\t\t\t<\/div>\n\t\t\t\t\t<\/div>\n\t\t<\/div>\n\t\t\t\t\t<\/div>\n\t\t<\/section>\n\t\t\t\t<\/div>\n\t\t","protected":false},"excerpt":{"rendered":"<p>Digitalit\u00e4t und Leadership DigiLead Digitale Fortbildungsoffensive &#8211; Impulse zur Schulentwicklung f\u00fcr Schulleitungen in NRW\u200b DigiLead: Kurs\u00fcbersicht DigiLead: Vortrag \u00fcber Digitalit\u00e4t, Schule und Bildung DigiLead: Experteninterviews DigiLead: Vortrag \u00fcber Schulleitung, Schulentwicklung und Digitalit\u00e4t DigiLead: Aus der Praxis f\u00fcr die Praxis (Mediothek wird sukzessive ausgebaut) DigiLead: Vortrag und Podiumsdiskussion beim Kick-off DigiLead: Vortrag beim 4. Live-Event DigiLead: [&hellip;]<\/p>\n","protected":false},"author":1,"featured_media":0,"parent":0,"menu_order":0,"comment_status":"closed","ping_status":"closed","template":"","meta":{"footnotes":""},"class_list":["post-4875","page","type-page","status-publish","hentry"],"yoast_head":"<!-- This site is optimized with the Yoast SEO plugin v27.1.1 - https:\/\/yoast.com\/product\/yoast-seo-wordpress\/ -->\n<title>DigiLead - Education Management<\/title>\n<meta name=\"robots\" content=\"index, follow, max-snippet:-1, max-image-preview:large, max-video-preview:-1\" \/>\n<link rel=\"canonical\" href=\"https:\/\/bildungsmanagement.net\/en\/digilead\/\" \/>\n<meta property=\"og:locale\" content=\"en_US\" \/>\n<meta property=\"og:type\" content=\"article\" \/>\n<meta property=\"og:title\" content=\"DigiLead - Education Management\" \/>\n<meta property=\"og:description\" content=\"Digitalit\u00e4t und Leadership DigiLead Digitale Fortbildungsoffensive &#8211; Impulse zur Schulentwicklung f\u00fcr Schulleitungen in NRW\u200b DigiLead: Kurs\u00fcbersicht DigiLead: Vortrag \u00fcber Digitalit\u00e4t, Schule und Bildung DigiLead: Experteninterviews DigiLead: Vortrag \u00fcber Schulleitung, Schulentwicklung und Digitalit\u00e4t DigiLead: Aus der Praxis f\u00fcr die Praxis (Mediothek wird sukzessive ausgebaut) DigiLead: Vortrag und Podiumsdiskussion beim Kick-off DigiLead: Vortrag beim 4. Live-Event DigiLead: [&hellip;]\" \/>\n<meta property=\"og:url\" content=\"https:\/\/bildungsmanagement.net\/en\/digilead\/\" \/>\n<meta property=\"og:site_name\" content=\"Education Management\" \/>\n<meta property=\"article:modified_time\" content=\"2024-06-19T10:47:10+00:00\" \/>\n<meta property=\"og:image\" content=\"https:\/\/bildungsmanagement.net\/wp-content\/uploads\/sites\/4\/2022\/04\/digilead.png\" \/>\n<meta name=\"twitter:card\" content=\"summary_large_image\" \/>\n<meta name=\"twitter:label1\" content=\"Est. reading time\" \/>\n\t<meta name=\"twitter:data1\" content=\"2 minutes\" \/>\n<script type=\"application\/ld+json\" class=\"yoast-schema-graph\">{\"@context\":\"https:\/\/schema.org\",\"@graph\":[{\"@type\":\"WebPage\",\"@id\":\"https:\/\/bildungsmanagement.net\/en\/digilead\/\",\"url\":\"https:\/\/bildungsmanagement.net\/en\/digilead\/\",\"name\":\"DigiLead - Education Management\",\"isPartOf\":{\"@id\":\"https:\/\/bildungsmanagement.net\/en\/#website\"},\"primaryImageOfPage\":{\"@id\":\"https:\/\/bildungsmanagement.net\/en\/digilead\/#primaryimage\"},\"image\":{\"@id\":\"https:\/\/bildungsmanagement.net\/en\/digilead\/#primaryimage\"},\"thumbnailUrl\":\"https:\/\/bildungsmanagement.net\/wp-content\/uploads\/sites\/4\/2022\/04\/digilead.png\",\"datePublished\":\"2022-04-21T16:15:24+00:00\",\"dateModified\":\"2024-06-19T10:47:10+00:00\",\"breadcrumb\":{\"@id\":\"https:\/\/bildungsmanagement.net\/en\/digilead\/#breadcrumb\"},\"inLanguage\":\"en-US\",\"potentialAction\":[{\"@type\":\"ReadAction\",\"target\":[\"https:\/\/bildungsmanagement.net\/en\/digilead\/\"]}]},{\"@type\":\"ImageObject\",\"inLanguage\":\"en-US\",\"@id\":\"https:\/\/bildungsmanagement.net\/en\/digilead\/#primaryimage\",\"url\":\"https:\/\/bildungsmanagement.net\/wp-content\/uploads\/sites\/4\/2022\/04\/digilead.png\",\"contentUrl\":\"https:\/\/bildungsmanagement.net\/wp-content\/uploads\/sites\/4\/2022\/04\/digilead.png\"},{\"@type\":\"BreadcrumbList\",\"@id\":\"https:\/\/bildungsmanagement.net\/en\/digilead\/#breadcrumb\",\"itemListElement\":[{\"@type\":\"ListItem\",\"position\":1,\"name\":\"Startseite\",\"item\":\"https:\/\/bildungsmanagement.net\/en\/\"},{\"@type\":\"ListItem\",\"position\":2,\"name\":\"DigiLead\"}]},{\"@type\":\"WebSite\",\"@id\":\"https:\/\/bildungsmanagement.net\/en\/#website\",\"url\":\"https:\/\/bildungsmanagement.net\/en\/\",\"name\":\"Education Management\",\"description\":\"\",\"potentialAction\":[{\"@type\":\"SearchAction\",\"target\":{\"@type\":\"EntryPoint\",\"urlTemplate\":\"https:\/\/bildungsmanagement.net\/en\/?s={search_term_string}\"},\"query-input\":{\"@type\":\"PropertyValueSpecification\",\"valueRequired\":true,\"valueName\":\"search_term_string\"}}],\"inLanguage\":\"en-US\"}]}<\/script>\n<!-- \/ Yoast SEO plugin. -->","yoast_head_json":{"title":"DigiLead - Education Management","robots":{"index":"index","follow":"follow","max-snippet":"max-snippet:-1","max-image-preview":"max-image-preview:large","max-video-preview":"max-video-preview:-1"},"canonical":"https:\/\/bildungsmanagement.net\/en\/digilead\/","og_locale":"en_US","og_type":"article","og_title":"DigiLead - Education Management","og_description":"Digitalit\u00e4t und Leadership DigiLead Digitale Fortbildungsoffensive &#8211; Impulse zur Schulentwicklung f\u00fcr Schulleitungen in NRW\u200b DigiLead: Kurs\u00fcbersicht DigiLead: Vortrag \u00fcber Digitalit\u00e4t, Schule und Bildung DigiLead: Experteninterviews DigiLead: Vortrag \u00fcber Schulleitung, Schulentwicklung und Digitalit\u00e4t DigiLead: Aus der Praxis f\u00fcr die Praxis (Mediothek wird sukzessive ausgebaut) DigiLead: Vortrag und Podiumsdiskussion beim Kick-off DigiLead: Vortrag beim 4. Live-Event DigiLead: [&hellip;]","og_url":"https:\/\/bildungsmanagement.net\/en\/digilead\/","og_site_name":"Education Management","article_modified_time":"2024-06-19T10:47:10+00:00","og_image":[{"url":"https:\/\/bildungsmanagement.net\/wp-content\/uploads\/sites\/4\/2022\/04\/digilead.png","type":"","width":"","height":""}],"twitter_card":"summary_large_image","twitter_misc":{"Est. reading time":"2 minutes"},"schema":{"@context":"https:\/\/schema.org","@graph":[{"@type":"WebPage","@id":"https:\/\/bildungsmanagement.net\/en\/digilead\/","url":"https:\/\/bildungsmanagement.net\/en\/digilead\/","name":"DigiLead - Education Management","isPartOf":{"@id":"https:\/\/bildungsmanagement.net\/en\/#website"},"primaryImageOfPage":{"@id":"https:\/\/bildungsmanagement.net\/en\/digilead\/#primaryimage"},"image":{"@id":"https:\/\/bildungsmanagement.net\/en\/digilead\/#primaryimage"},"thumbnailUrl":"https:\/\/bildungsmanagement.net\/wp-content\/uploads\/sites\/4\/2022\/04\/digilead.png","datePublished":"2022-04-21T16:15:24+00:00","dateModified":"2024-06-19T10:47:10+00:00","breadcrumb":{"@id":"https:\/\/bildungsmanagement.net\/en\/digilead\/#breadcrumb"},"inLanguage":"en-US","potentialAction":[{"@type":"ReadAction","target":["https:\/\/bildungsmanagement.net\/en\/digilead\/"]}]},{"@type":"ImageObject","inLanguage":"en-US","@id":"https:\/\/bildungsmanagement.net\/en\/digilead\/#primaryimage","url":"https:\/\/bildungsmanagement.net\/wp-content\/uploads\/sites\/4\/2022\/04\/digilead.png","contentUrl":"https:\/\/bildungsmanagement.net\/wp-content\/uploads\/sites\/4\/2022\/04\/digilead.png"},{"@type":"BreadcrumbList","@id":"https:\/\/bildungsmanagement.net\/en\/digilead\/#breadcrumb","itemListElement":[{"@type":"ListItem","position":1,"name":"Startseite","item":"https:\/\/bildungsmanagement.net\/en\/"},{"@type":"ListItem","position":2,"name":"DigiLead"}]},{"@type":"WebSite","@id":"https:\/\/bildungsmanagement.net\/en\/#website","url":"https:\/\/bildungsmanagement.net\/en\/","name":"Education Management","description":"","potentialAction":[{"@type":"SearchAction","target":{"@type":"EntryPoint","urlTemplate":"https:\/\/bildungsmanagement.net\/en\/?s={search_term_string}"},"query-input":{"@type":"PropertyValueSpecification","valueRequired":true,"valueName":"search_term_string"}}],"inLanguage":"en-US"}]}},"_links":{"self":[{"href":"https:\/\/bildungsmanagement.net\/en\/wp-json\/wp\/v2\/pages\/4875","targetHints":{"allow":["GET"]}}],"collection":[{"href":"https:\/\/bildungsmanagement.net\/en\/wp-json\/wp\/v2\/pages"}],"about":[{"href":"https:\/\/bildungsmanagement.net\/en\/wp-json\/wp\/v2\/types\/page"}],"author":[{"embeddable":true,"href":"https:\/\/bildungsmanagement.net\/en\/wp-json\/wp\/v2\/users\/1"}],"replies":[{"embeddable":true,"href":"https:\/\/bildungsmanagement.net\/en\/wp-json\/wp\/v2\/comments?post=4875"}],"version-history":[{"count":42,"href":"https:\/\/bildungsmanagement.net\/en\/wp-json\/wp\/v2\/pages\/4875\/revisions"}],"predecessor-version":[{"id":9269,"href":"https:\/\/bildungsmanagement.net\/en\/wp-json\/wp\/v2\/pages\/4875\/revisions\/9269"}],"wp:attachment":[{"href":"https:\/\/bildungsmanagement.net\/en\/wp-json\/wp\/v2\/media?parent=4875"}],"curies":[{"name":"wp","href":"https:\/\/api.w.org\/{rel}","templated":true}]}}