{"id":7226,"date":"2023-08-28T10:01:09","date_gmt":"2023-08-28T08:01:09","guid":{"rendered":"https:\/\/bildungsmanagement.net\/?page_id=7226"},"modified":"2024-01-04T18:40:59","modified_gmt":"2024-01-04T17:40:59","slug":"digilead-2023","status":"publish","type":"page","link":"https:\/\/bildungsmanagement.net\/en\/digilead-2023\/","title":{"rendered":"DigiLead"},"content":{"rendered":"\t\t<div data-elementor-type=\"wp-page\" data-elementor-id=\"7226\" data-post-id=\"7226\" data-obj-id=\"7226\" class=\"elementor elementor-7226 dce-elementor-post-7226\" data-elementor-post-type=\"page\">\n\t\t\t\t\t\t<section class=\"elementor-section elementor-top-section elementor-element elementor-element-1306b6e elementor-section-boxed elementor-section-height-default elementor-section-height-default\" data-id=\"1306b6e\" data-element_type=\"section\" data-e-type=\"section\">\n\t\t\t\t\t\t<div class=\"elementor-container elementor-column-gap-default\">\n\t\t\t\t\t<div class=\"elementor-column elementor-col-100 elementor-top-column elementor-element elementor-element-2001e332\" data-id=\"2001e332\" data-element_type=\"column\" data-e-type=\"column\">\n\t\t\t<div class=\"elementor-widget-wrap elementor-element-populated\">\n\t\t\t\t\t\t<div class=\"elementor-element elementor-element-4cc339f8 elementor-widget elementor-widget-heading\" data-id=\"4cc339f8\" data-element_type=\"widget\" data-e-type=\"widget\" data-widget_type=\"heading.default\">\n\t\t\t\t<div class=\"elementor-widget-container\">\n\t\t\t\t\t<h2 class=\"elementor-heading-title elementor-size-default\">Digitalit\u00e4t und Leadership<\/h2>\t\t\t\t<\/div>\n\t\t\t\t<\/div>\n\t\t\t\t<div class=\"elementor-element elementor-element-6402a61d elementor-widget elementor-widget-heading\" data-id=\"6402a61d\" data-element_type=\"widget\" data-e-type=\"widget\" data-widget_type=\"heading.default\">\n\t\t\t\t<div class=\"elementor-widget-container\">\n\t\t\t\t\t<h3 class=\"elementor-heading-title elementor-size-default\">DigiLead<\/h3>\t\t\t\t<\/div>\n\t\t\t\t<\/div>\n\t\t\t\t<div class=\"elementor-element elementor-element-54464bce elementor-widget elementor-widget-heading\" data-id=\"54464bce\" data-element_type=\"widget\" data-e-type=\"widget\" data-widget_type=\"heading.default\">\n\t\t\t\t<div class=\"elementor-widget-container\">\n\t\t\t\t\t<h4 class=\"elementor-heading-title elementor-size-default\">Digitale Fortbildungsoffensive - Impulse zur Schulentwicklung f\u00fcr Schulleitungen in NRW\u200b<\/h4>\t\t\t\t<\/div>\n\t\t\t\t<\/div>\n\t\t\t\t<div class=\"elementor-element elementor-element-50a18892 elementor-icon-list--layout-traditional elementor-list-item-link-full_width elementor-widget elementor-widget-icon-list\" data-id=\"50a18892\" data-element_type=\"widget\" data-e-type=\"widget\" data-widget_type=\"icon-list.default\">\n\t\t\t\t<div class=\"elementor-widget-container\">\n\t\t\t\t\t\t\t<ul class=\"elementor-icon-list-items\">\n\t\t\t\t\t\t\t<li class=\"elementor-icon-list-item\">\n\t\t\t\t\t\t\t\t\t\t\t<a href=\"https:\/\/bildungsmanagement.net\/digilead-2023\/kursuebersicht\/\">\n\n\t\t\t\t\t\t\t\t\t\t\t\t<span class=\"elementor-icon-list-icon\">\n\t\t\t\t\t\t\t<i aria-hidden=\"true\" class=\"fas fa-external-link-alt\"><\/i>\t\t\t\t\t\t<\/span>\n\t\t\t\t\t\t\t\t\t\t<span class=\"elementor-icon-list-text\">DigiLead: Kurs\u00fcbersicht<\/span>\n\t\t\t\t\t\t\t\t\t\t\t<\/a>\n\t\t\t\t\t\t\t\t\t<\/li>\n\t\t\t\t\t\t\t\t<li class=\"elementor-icon-list-item\">\n\t\t\t\t\t\t\t\t\t\t\t<a href=\"https:\/\/bildungsmanagement.net\/digilead-2023\/digitalitaet\/\">\n\n\t\t\t\t\t\t\t\t\t\t\t\t<span class=\"elementor-icon-list-icon\">\n\t\t\t\t\t\t\t<i aria-hidden=\"true\" class=\"fas fa-video\"><\/i>\t\t\t\t\t\t<\/span>\n\t\t\t\t\t\t\t\t\t\t<span class=\"elementor-icon-list-text\">DigiLead: Vortrag \u00fcber Digitalit\u00e4t, Schule und Bildung<\/span>\n\t\t\t\t\t\t\t\t\t\t\t<\/a>\n\t\t\t\t\t\t\t\t\t<\/li>\n\t\t\t\t\t\t\t\t<li class=\"elementor-icon-list-item\">\n\t\t\t\t\t\t\t\t\t\t\t<a href=\"https:\/\/bildungsmanagement.net\/digilead-2023\/experteninterviews\/\">\n\n\t\t\t\t\t\t\t\t\t\t\t\t<span class=\"elementor-icon-list-icon\">\n\t\t\t\t\t\t\t<i aria-hidden=\"true\" class=\"fas fa-external-link-alt\"><\/i>\t\t\t\t\t\t<\/span>\n\t\t\t\t\t\t\t\t\t\t<span class=\"elementor-icon-list-text\">DigiLead: Experteninterviews<\/span>\n\t\t\t\t\t\t\t\t\t\t\t<\/a>\n\t\t\t\t\t\t\t\t\t<\/li>\n\t\t\t\t\t\t\t\t<li class=\"elementor-icon-list-item\">\n\t\t\t\t\t\t\t\t\t\t\t<a href=\"https:\/\/bildungsmanagement.net\/digilead-2023\/schulleitung\/\">\n\n\t\t\t\t\t\t\t\t\t\t\t\t<span class=\"elementor-icon-list-icon\">\n\t\t\t\t\t\t\t<i aria-hidden=\"true\" class=\"fas fa-video\"><\/i>\t\t\t\t\t\t<\/span>\n\t\t\t\t\t\t\t\t\t\t<span class=\"elementor-icon-list-text\">DigiLead: Vortrag \u00fcber Schulleitung, Schulentwicklung und Digitalit\u00e4t<\/span>\n\t\t\t\t\t\t\t\t\t\t\t<\/a>\n\t\t\t\t\t\t\t\t\t<\/li>\n\t\t\t\t\t\t\t\t<li class=\"elementor-icon-list-item\">\n\t\t\t\t\t\t\t\t\t\t\t<a href=\"https:\/\/bildungsmanagement.net\/ausundfuerdiepraxis\/\">\n\n\t\t\t\t\t\t\t\t\t\t\t\t<span class=\"elementor-icon-list-icon\">\n\t\t\t\t\t\t\t<i aria-hidden=\"true\" class=\"fas fa-external-link-alt\"><\/i>\t\t\t\t\t\t<\/span>\n\t\t\t\t\t\t\t\t\t\t<span class=\"elementor-icon-list-text\">DigiLead: Aus der Praxis f\u00fcr die Praxis (Mediothek wird sukzessive ausgebaut)<\/span>\n\t\t\t\t\t\t\t\t\t\t\t<\/a>\n\t\t\t\t\t\t\t\t\t<\/li>\n\t\t\t\t\t\t\t\t<li class=\"elementor-icon-list-item\">\n\t\t\t\t\t\t\t\t\t\t\t<a href=\"https:\/\/bildungsmanagement.net\/digilead-2023\/kursuebersicht\/\">\n\n\t\t\t\t\t\t\t\t\t\t\t\t<span class=\"elementor-icon-list-icon\">\n\t\t\t\t\t\t\t<i aria-hidden=\"true\" class=\"fas fa-video\"><\/i>\t\t\t\t\t\t<\/span>\n\t\t\t\t\t\t\t\t\t\t<span class=\"elementor-icon-list-text\">DigiLead: Vortrag und Podiumsdiskussion beim Kick-off<\/span>\n\t\t\t\t\t\t\t\t\t\t\t<\/a>\n\t\t\t\t\t\t\t\t\t<\/li>\n\t\t\t\t\t\t\t\t<li class=\"elementor-icon-list-item\">\n\t\t\t\t\t\t\t\t\t\t\t<a href=\"https:\/\/youtu.be\/dYAv9_v9jeE\">\n\n\t\t\t\t\t\t\t\t\t\t\t\t<span class=\"elementor-icon-list-icon\">\n\t\t\t\t\t\t\t<i aria-hidden=\"true\" class=\"fas fa-video\"><\/i>\t\t\t\t\t\t<\/span>\n\t\t\t\t\t\t\t\t\t\t<span class=\"elementor-icon-list-text\">DigiLead: Vortrag beim 4. Live-Event<\/span>\n\t\t\t\t\t\t\t\t\t\t\t<\/a>\n\t\t\t\t\t\t\t\t\t<\/li>\n\t\t\t\t\t\t\t\t<li class=\"elementor-icon-list-item\">\n\t\t\t\t\t\t\t\t\t\t\t<a href=\"https:\/\/bildungsmanagement.net\/publikationen\/schule-in-der-digitalitaet-gestalten\/\">\n\n\t\t\t\t\t\t\t\t\t\t\t\t<span class=\"elementor-icon-list-icon\">\n\t\t\t\t\t\t\t<i aria-hidden=\"true\" class=\"fas fa-external-link-alt\"><\/i>\t\t\t\t\t\t<\/span>\n\t\t\t\t\t\t\t\t\t\t<span class=\"elementor-icon-list-text\">DigiLead: Literaturempfehlung<\/span>\n\t\t\t\t\t\t\t\t\t\t\t<\/a>\n\t\t\t\t\t\t\t\t\t<\/li>\n\t\t\t\t\t\t\t\t<li class=\"elementor-icon-list-item\">\n\t\t\t\t\t\t\t\t\t\t\t<a href=\"https:\/\/www.youtube.com\/watch?v=K_vXNsDlS08\">\n\n\t\t\t\t\t\t\t\t\t\t\t\t<span class=\"elementor-icon-list-icon\">\n\t\t\t\t\t\t\t<i aria-hidden=\"true\" class=\"fas fa-video\"><\/i>\t\t\t\t\t\t<\/span>\n\t\t\t\t\t\t\t\t\t\t<span class=\"elementor-icon-list-text\">DigiLead: Vortrag bei der digitalen Fortbildungsoffensive<\/span>\n\t\t\t\t\t\t\t\t\t\t\t<\/a>\n\t\t\t\t\t\t\t\t\t<\/li>\n\t\t\t\t\t\t\t\t<li class=\"elementor-icon-list-item\">\n\t\t\t\t\t\t\t\t\t\t\t<a href=\"https:\/\/www.youtube.com\/watch?v=HscQRc5cCSM\">\n\n\t\t\t\t\t\t\t\t\t\t\t\t<span class=\"elementor-icon-list-icon\">\n\t\t\t\t\t\t\t<i aria-hidden=\"true\" class=\"fas fa-video\"><\/i>\t\t\t\t\t\t<\/span>\n\t\t\t\t\t\t\t\t\t\t<span class=\"elementor-icon-list-text\">DigiLead: Statement 1 (digitale Fortbildungsoffensive)<\/span>\n\t\t\t\t\t\t\t\t\t\t\t<\/a>\n\t\t\t\t\t\t\t\t\t<\/li>\n\t\t\t\t\t\t\t\t<li class=\"elementor-icon-list-item\">\n\t\t\t\t\t\t\t\t\t\t\t<a href=\"https:\/\/www.youtube.com\/watch?v=el7NxAHzG8g\">\n\n\t\t\t\t\t\t\t\t\t\t\t\t<span class=\"elementor-icon-list-icon\">\n\t\t\t\t\t\t\t<i aria-hidden=\"true\" class=\"fas fa-video\"><\/i>\t\t\t\t\t\t<\/span>\n\t\t\t\t\t\t\t\t\t\t<span class=\"elementor-icon-list-text\">DigiLead: Statement 2 (digitale Fortbildungsoffensive)<\/span>\n\t\t\t\t\t\t\t\t\t\t\t<\/a>\n\t\t\t\t\t\t\t\t\t<\/li>\n\t\t\t\t\t\t\t\t<li class=\"elementor-icon-list-item\">\n\t\t\t\t\t\t\t\t\t\t\t<a href=\"https:\/\/www.youtube.com\/watch?v=vnpOnD1VLgA\">\n\n\t\t\t\t\t\t\t\t\t\t\t\t<span class=\"elementor-icon-list-icon\">\n\t\t\t\t\t\t\t<i aria-hidden=\"true\" class=\"fas fa-video\"><\/i>\t\t\t\t\t\t<\/span>\n\t\t\t\t\t\t\t\t\t\t<span class=\"elementor-icon-list-text\">DigiLead: Statement 3 (digitale Fortbildungsoffensive)<\/span>\n\t\t\t\t\t\t\t\t\t\t\t<\/a>\n\t\t\t\t\t\t\t\t\t<\/li>\n\t\t\t\t\t\t<\/ul>\n\t\t\t\t\t\t<\/div>\n\t\t\t\t<\/div>\n\t\t\t\t<div class=\"elementor-element elementor-element-22f65e65 elementor-widget elementor-widget-text-editor\" data-id=\"22f65e65\" data-element_type=\"widget\" data-e-type=\"widget\" data-widget_type=\"text-editor.default\">\n\t\t\t\t<div class=\"elementor-widget-container\">\n\t\t\t\t\t\t\t\t\t<p>Im Fr\u00fchjahr 2022 startete das Land Nordrhein-Westfalen die <a href=\"https:\/\/dfo-nrw-schulleitung.de\">Digitale Fortbildungsoffensive f\u00fcr Schulleitungen<\/a>. Die Ma\u00dfnahme verfolgt das Ziel, Schulleitungen bei der digitalen Transformation zu unterst\u00fctzen und Schule zu einem zukunftsoffenen Ort der digitalisierten Welt zu machen. Dieses Angebot zielt somit auf einen Schulentwicklungsprozess und spricht die Schulleitung in ihrer Aufgabe als p\u00e4dagogische F\u00fchrung an. F\u00fcr den entsprechenden Schulentwicklungsprozess bietet die Ma\u00dfnahme sowohl der Schulleitung als auch ihrer projektbezogenen Gruppe vielf\u00e4ltige Angebote, die auf die Bed\u00fcrfnisse der einzelnen Schule individuell zugeschnitten werden k\u00f6nnen.<\/p><p>Im Fokus des Fortbildungsangebotes stehen das Lernen mit Technologie und Lernen \u00fcber Technologie. Das erm\u00f6glicht Schulleitungen und ihren Teams, eine schulspezifische Gesamtstrategie f\u00fcr den digitalen Wandel zu formulieren.<\/p><p>Die Handlungsbereiche des <a href=\"https:\/\/www.medienberatung.schulministerium.nrw.de\/_Medienberatung-NRW\/Publikationen\/MB_NRW_Lehrkraefte_Orientierungsrahmen_2020_A4_final.pdf\">Orientierungsrahmens f\u00fcr die Lehrerausbildung und Lehrerfortbildung NRW<\/a>, insbesondere die Bereiche Unterrichten, Erziehen, Lernen und Leisten f\u00f6rdern, Schule entwickeln, bilden mit dem Ziel der digitalen Transformation den Kern dieses Fortbildungsangebotes. Alle Inhalte der Handlungsbereiche des Orientierungsrahmens werden auf die spezifischen Handlungsbereiche von Schulleitung \u00fcbertragen und mit ihnen verzahnt. Die Digitale Fortbildungsoffensive ist im Rahmen des Handlungsfelds 2 \u201eLehrkr\u00e4fte unterst\u00fctzen und qualifizieren\u201c in die <a href=\"http:\/\/www.broschueren.nrw\/digitalstrategie\/home\/#!\/Home\">Digitalstrategie Schule des Landes NRW<\/a> eingebettet. Das MSB hat in der Digitalstrategie und ganz aktuell im <a href=\"https:\/\/msb.brosch\u00fcren.nrw\/impulspapier-2-lernen-in-der-digitalen-welt\">Impulspapier II<\/a> weitere Leitlinien formuliert.<\/p><p>DigiLead wurde von Univ.-Prof. Dr. Stephan Huber entwickelt und wird von der Klett Gruppe (Klett MINT, AAP Lehrerwelt und RAABE) genutzt f\u00fcr die Umsetzung der digitalen Fortbildungsoffensive des Landes Nordrhein-Westfalen.<\/p>\t\t\t\t\t\t\t\t<\/div>\n\t\t\t\t<\/div>\n\t\t\t\t<div class=\"elementor-element elementor-element-21d3c657 dce_masking-none elementor-widget elementor-widget-image\" data-id=\"21d3c657\" data-element_type=\"widget\" data-e-type=\"widget\" data-widget_type=\"image.default\">\n\t\t\t\t<div class=\"elementor-widget-container\">\n\t\t\t\t\t\t\t\t\t\t\t\t\t\t\t<img fetchpriority=\"high\" decoding=\"async\" width=\"640\" height=\"172\" src=\"https:\/\/bildungsmanagement.net\/wp-content\/uploads\/sites\/4\/2022\/04\/digilead.png\" class=\"attachment-large size-large wp-image-3434\" alt=\"\" srcset=\"https:\/\/bildungsmanagement.net\/wp-content\/uploads\/sites\/4\/2022\/04\/digilead.png 835w, https:\/\/bildungsmanagement.net\/wp-content\/uploads\/sites\/4\/2022\/04\/digilead-300x81.png 300w, https:\/\/bildungsmanagement.net\/wp-content\/uploads\/sites\/4\/2022\/04\/digilead-768x207.png 768w\" sizes=\"(max-width: 640px) 100vw, 640px\" \/>\t\t\t\t\t\t\t\t\t\t\t\t\t\t\t<\/div>\n\t\t\t\t<\/div>\n\t\t\t\t\t<\/div>\n\t\t<\/div>\n\t\t\t\t\t<\/div>\n\t\t<\/section>\n\t\t\t\t<section class=\"elementor-section elementor-top-section elementor-element elementor-element-10330ef2 elementor-section-boxed elementor-section-height-default elementor-section-height-default\" data-id=\"10330ef2\" data-element_type=\"section\" data-e-type=\"section\">\n\t\t\t\t\t\t<div class=\"elementor-container elementor-column-gap-default\">\n\t\t\t\t\t<div class=\"elementor-column elementor-col-100 elementor-top-column elementor-element elementor-element-3c3a1f15\" data-id=\"3c3a1f15\" data-element_type=\"column\" data-e-type=\"column\">\n\t\t\t<div class=\"elementor-widget-wrap elementor-element-populated\">\n\t\t\t\t\t\t<div class=\"elementor-element elementor-element-8f4983c dce_masking-none elementor-widget elementor-widget-image\" data-id=\"8f4983c\" data-element_type=\"widget\" data-e-type=\"widget\" data-widget_type=\"image.default\">\n\t\t\t\t<div class=\"elementor-widget-container\">\n\t\t\t\t\t\t\t\t\t\t\t\t\t\t\t\t<a href=\"https:\/\/bildungsmanagement.net\/wp-content\/uploads\/sites\/4\/2023\/08\/LogoPartner-neu.png\" data-elementor-open-lightbox=\"no\">\n\t\t\t\t\t\t\t<img decoding=\"async\" width=\"640\" height=\"61\" src=\"https:\/\/bildungsmanagement.net\/wp-content\/uploads\/sites\/4\/2023\/08\/LogoPartner-neu-960x92.png\" class=\"attachment-large size-large wp-image-7232\" alt=\"\" srcset=\"https:\/\/bildungsmanagement.net\/wp-content\/uploads\/sites\/4\/2023\/08\/LogoPartner-neu-960x92.png 960w, https:\/\/bildungsmanagement.net\/wp-content\/uploads\/sites\/4\/2023\/08\/LogoPartner-neu-400x38.png 400w, https:\/\/bildungsmanagement.net\/wp-content\/uploads\/sites\/4\/2023\/08\/LogoPartner-neu-768x73.png 768w, https:\/\/bildungsmanagement.net\/wp-content\/uploads\/sites\/4\/2023\/08\/LogoPartner-neu.png 1045w\" sizes=\"(max-width: 640px) 100vw, 640px\" \/>\t\t\t\t\t\t\t\t<\/a>\n\t\t\t\t\t\t\t\t\t\t\t\t\t\t\t<\/div>\n\t\t\t\t<\/div>\n\t\t\t\t\t<\/div>\n\t\t<\/div>\n\t\t\t\t\t<\/div>\n\t\t<\/section>\n\t\t\t\t<\/div>\n\t\t","protected":false},"excerpt":{"rendered":"<p>Digitalit\u00e4t und Leadership DigiLead Digitale Fortbildungsoffensive &#8211; Impulse zur Schulentwicklung f\u00fcr Schulleitungen in NRW\u200b DigiLead: Kurs\u00fcbersicht DigiLead: Vortrag \u00fcber Digitalit\u00e4t, Schule und Bildung DigiLead: Experteninterviews DigiLead: Vortrag \u00fcber Schulleitung, Schulentwicklung und Digitalit\u00e4t DigiLead: Aus der Praxis f\u00fcr die Praxis (Mediothek wird sukzessive ausgebaut) DigiLead: Vortrag und Podiumsdiskussion beim Kick-off DigiLead: Vortrag beim 4. Live-Event DigiLead: [&hellip;]<\/p>\n","protected":false},"author":1,"featured_media":7315,"parent":0,"menu_order":0,"comment_status":"closed","ping_status":"closed","template":"","meta":{"footnotes":""},"class_list":["post-7226","page","type-page","status-publish","has-post-thumbnail","hentry"],"yoast_head":"<!-- This site is optimized with the Yoast SEO plugin v27.1.1 - https:\/\/yoast.com\/product\/yoast-seo-wordpress\/ -->\n<title>DigiLead - Education Management<\/title>\n<meta name=\"robots\" content=\"index, follow, max-snippet:-1, max-image-preview:large, max-video-preview:-1\" \/>\n<link rel=\"canonical\" href=\"https:\/\/bildungsmanagement.net\/en\/digilead-2023\/\" \/>\n<meta property=\"og:locale\" content=\"en_US\" \/>\n<meta property=\"og:type\" content=\"article\" \/>\n<meta property=\"og:title\" content=\"DigiLead - Education Management\" \/>\n<meta property=\"og:description\" content=\"Digitalit\u00e4t und Leadership DigiLead Digitale Fortbildungsoffensive &#8211; Impulse zur Schulentwicklung f\u00fcr Schulleitungen in NRW\u200b DigiLead: Kurs\u00fcbersicht DigiLead: Vortrag \u00fcber Digitalit\u00e4t, Schule und Bildung DigiLead: Experteninterviews DigiLead: Vortrag \u00fcber Schulleitung, Schulentwicklung und Digitalit\u00e4t DigiLead: Aus der Praxis f\u00fcr die Praxis (Mediothek wird sukzessive ausgebaut) DigiLead: Vortrag und Podiumsdiskussion beim Kick-off DigiLead: Vortrag beim 4. Live-Event DigiLead: [&hellip;]\" \/>\n<meta property=\"og:url\" content=\"https:\/\/bildungsmanagement.net\/en\/digilead-2023\/\" \/>\n<meta property=\"og:site_name\" content=\"Education Management\" \/>\n<meta property=\"article:modified_time\" content=\"2024-01-04T17:40:59+00:00\" \/>\n<meta property=\"og:image\" content=\"https:\/\/bildungsmanagement.net\/wp-content\/uploads\/sites\/4\/2023\/08\/digilead-bg-1.png\" \/>\n\t<meta property=\"og:image:width\" content=\"1280\" \/>\n\t<meta property=\"og:image:height\" content=\"720\" \/>\n\t<meta property=\"og:image:type\" content=\"image\/png\" \/>\n<meta name=\"twitter:card\" content=\"summary_large_image\" \/>\n<meta name=\"twitter:label1\" content=\"Est. reading time\" \/>\n\t<meta name=\"twitter:data1\" content=\"3 minutes\" \/>\n<script type=\"application\/ld+json\" class=\"yoast-schema-graph\">{\"@context\":\"https:\/\/schema.org\",\"@graph\":[{\"@type\":\"WebPage\",\"@id\":\"https:\/\/bildungsmanagement.net\/en\/digilead-2023\/\",\"url\":\"https:\/\/bildungsmanagement.net\/en\/digilead-2023\/\",\"name\":\"DigiLead - Education Management\",\"isPartOf\":{\"@id\":\"https:\/\/bildungsmanagement.net\/en\/#website\"},\"primaryImageOfPage\":{\"@id\":\"https:\/\/bildungsmanagement.net\/en\/digilead-2023\/#primaryimage\"},\"image\":{\"@id\":\"https:\/\/bildungsmanagement.net\/en\/digilead-2023\/#primaryimage\"},\"thumbnailUrl\":\"https:\/\/bildungsmanagement.net\/wp-content\/uploads\/sites\/4\/2023\/08\/digilead-bg-1.png\",\"datePublished\":\"2023-08-28T08:01:09+00:00\",\"dateModified\":\"2024-01-04T17:40:59+00:00\",\"breadcrumb\":{\"@id\":\"https:\/\/bildungsmanagement.net\/en\/digilead-2023\/#breadcrumb\"},\"inLanguage\":\"en-US\",\"potentialAction\":[{\"@type\":\"ReadAction\",\"target\":[\"https:\/\/bildungsmanagement.net\/en\/digilead-2023\/\"]}]},{\"@type\":\"ImageObject\",\"inLanguage\":\"en-US\",\"@id\":\"https:\/\/bildungsmanagement.net\/en\/digilead-2023\/#primaryimage\",\"url\":\"https:\/\/bildungsmanagement.net\/wp-content\/uploads\/sites\/4\/2023\/08\/digilead-bg-1.png\",\"contentUrl\":\"https:\/\/bildungsmanagement.net\/wp-content\/uploads\/sites\/4\/2023\/08\/digilead-bg-1.png\",\"width\":1280,\"height\":720},{\"@type\":\"BreadcrumbList\",\"@id\":\"https:\/\/bildungsmanagement.net\/en\/digilead-2023\/#breadcrumb\",\"itemListElement\":[{\"@type\":\"ListItem\",\"position\":1,\"name\":\"Startseite\",\"item\":\"https:\/\/bildungsmanagement.net\/en\/\"},{\"@type\":\"ListItem\",\"position\":2,\"name\":\"DigiLead\"}]},{\"@type\":\"WebSite\",\"@id\":\"https:\/\/bildungsmanagement.net\/en\/#website\",\"url\":\"https:\/\/bildungsmanagement.net\/en\/\",\"name\":\"Education Management\",\"description\":\"\",\"potentialAction\":[{\"@type\":\"SearchAction\",\"target\":{\"@type\":\"EntryPoint\",\"urlTemplate\":\"https:\/\/bildungsmanagement.net\/en\/?s={search_term_string}\"},\"query-input\":{\"@type\":\"PropertyValueSpecification\",\"valueRequired\":true,\"valueName\":\"search_term_string\"}}],\"inLanguage\":\"en-US\"}]}<\/script>\n<!-- \/ Yoast SEO plugin. -->","yoast_head_json":{"title":"DigiLead - Education Management","robots":{"index":"index","follow":"follow","max-snippet":"max-snippet:-1","max-image-preview":"max-image-preview:large","max-video-preview":"max-video-preview:-1"},"canonical":"https:\/\/bildungsmanagement.net\/en\/digilead-2023\/","og_locale":"en_US","og_type":"article","og_title":"DigiLead - Education Management","og_description":"Digitalit\u00e4t und Leadership DigiLead Digitale Fortbildungsoffensive &#8211; Impulse zur Schulentwicklung f\u00fcr Schulleitungen in NRW\u200b DigiLead: Kurs\u00fcbersicht DigiLead: Vortrag \u00fcber Digitalit\u00e4t, Schule und Bildung DigiLead: Experteninterviews DigiLead: Vortrag \u00fcber Schulleitung, Schulentwicklung und Digitalit\u00e4t DigiLead: Aus der Praxis f\u00fcr die Praxis (Mediothek wird sukzessive ausgebaut) DigiLead: Vortrag und Podiumsdiskussion beim Kick-off DigiLead: Vortrag beim 4. Live-Event DigiLead: [&hellip;]","og_url":"https:\/\/bildungsmanagement.net\/en\/digilead-2023\/","og_site_name":"Education Management","article_modified_time":"2024-01-04T17:40:59+00:00","og_image":[{"width":1280,"height":720,"url":"https:\/\/bildungsmanagement.net\/wp-content\/uploads\/sites\/4\/2023\/08\/digilead-bg-1.png","type":"image\/png"}],"twitter_card":"summary_large_image","twitter_misc":{"Est. reading time":"3 minutes"},"schema":{"@context":"https:\/\/schema.org","@graph":[{"@type":"WebPage","@id":"https:\/\/bildungsmanagement.net\/en\/digilead-2023\/","url":"https:\/\/bildungsmanagement.net\/en\/digilead-2023\/","name":"DigiLead - Education Management","isPartOf":{"@id":"https:\/\/bildungsmanagement.net\/en\/#website"},"primaryImageOfPage":{"@id":"https:\/\/bildungsmanagement.net\/en\/digilead-2023\/#primaryimage"},"image":{"@id":"https:\/\/bildungsmanagement.net\/en\/digilead-2023\/#primaryimage"},"thumbnailUrl":"https:\/\/bildungsmanagement.net\/wp-content\/uploads\/sites\/4\/2023\/08\/digilead-bg-1.png","datePublished":"2023-08-28T08:01:09+00:00","dateModified":"2024-01-04T17:40:59+00:00","breadcrumb":{"@id":"https:\/\/bildungsmanagement.net\/en\/digilead-2023\/#breadcrumb"},"inLanguage":"en-US","potentialAction":[{"@type":"ReadAction","target":["https:\/\/bildungsmanagement.net\/en\/digilead-2023\/"]}]},{"@type":"ImageObject","inLanguage":"en-US","@id":"https:\/\/bildungsmanagement.net\/en\/digilead-2023\/#primaryimage","url":"https:\/\/bildungsmanagement.net\/wp-content\/uploads\/sites\/4\/2023\/08\/digilead-bg-1.png","contentUrl":"https:\/\/bildungsmanagement.net\/wp-content\/uploads\/sites\/4\/2023\/08\/digilead-bg-1.png","width":1280,"height":720},{"@type":"BreadcrumbList","@id":"https:\/\/bildungsmanagement.net\/en\/digilead-2023\/#breadcrumb","itemListElement":[{"@type":"ListItem","position":1,"name":"Startseite","item":"https:\/\/bildungsmanagement.net\/en\/"},{"@type":"ListItem","position":2,"name":"DigiLead"}]},{"@type":"WebSite","@id":"https:\/\/bildungsmanagement.net\/en\/#website","url":"https:\/\/bildungsmanagement.net\/en\/","name":"Education Management","description":"","potentialAction":[{"@type":"SearchAction","target":{"@type":"EntryPoint","urlTemplate":"https:\/\/bildungsmanagement.net\/en\/?s={search_term_string}"},"query-input":{"@type":"PropertyValueSpecification","valueRequired":true,"valueName":"search_term_string"}}],"inLanguage":"en-US"}]}},"_links":{"self":[{"href":"https:\/\/bildungsmanagement.net\/en\/wp-json\/wp\/v2\/pages\/7226","targetHints":{"allow":["GET"]}}],"collection":[{"href":"https:\/\/bildungsmanagement.net\/en\/wp-json\/wp\/v2\/pages"}],"about":[{"href":"https:\/\/bildungsmanagement.net\/en\/wp-json\/wp\/v2\/types\/page"}],"author":[{"embeddable":true,"href":"https:\/\/bildungsmanagement.net\/en\/wp-json\/wp\/v2\/users\/1"}],"replies":[{"embeddable":true,"href":"https:\/\/bildungsmanagement.net\/en\/wp-json\/wp\/v2\/comments?post=7226"}],"version-history":[{"count":14,"href":"https:\/\/bildungsmanagement.net\/en\/wp-json\/wp\/v2\/pages\/7226\/revisions"}],"predecessor-version":[{"id":7821,"href":"https:\/\/bildungsmanagement.net\/en\/wp-json\/wp\/v2\/pages\/7226\/revisions\/7821"}],"wp:featuredmedia":[{"embeddable":true,"href":"https:\/\/bildungsmanagement.net\/en\/wp-json\/wp\/v2\/media\/7315"}],"wp:attachment":[{"href":"https:\/\/bildungsmanagement.net\/en\/wp-json\/wp\/v2\/media?parent=7226"}],"curies":[{"name":"wp","href":"https:\/\/api.w.org\/{rel}","templated":true}]}}