{"id":7276,"date":"2023-08-28T10:18:53","date_gmt":"2023-08-28T08:18:53","guid":{"rendered":"https:\/\/bildungsmanagement.net\/?page_id=7276"},"modified":"2023-08-28T10:49:37","modified_gmt":"2023-08-28T08:49:37","slug":"experteninterviews","status":"publish","type":"page","link":"https:\/\/bildungsmanagement.net\/en\/digilead-2023\/experteninterviews\/","title":{"rendered":"Experteninterviews"},"content":{"rendered":"\t\t<div data-elementor-type=\"wp-page\" data-elementor-id=\"7276\" data-post-id=\"7276\" data-obj-id=\"7276\" class=\"elementor elementor-7276 dce-elementor-post-7276\" data-elementor-post-type=\"page\">\n\t\t\t\t\t\t<section class=\"elementor-section elementor-top-section elementor-element elementor-element-700ff58f elementor-section-boxed elementor-section-height-default elementor-section-height-default\" data-id=\"700ff58f\" data-element_type=\"section\" data-e-type=\"section\">\n\t\t\t\t\t\t<div class=\"elementor-container elementor-column-gap-default\">\n\t\t\t\t\t<div class=\"elementor-column elementor-col-100 elementor-top-column elementor-element elementor-element-7b48d676\" data-id=\"7b48d676\" data-element_type=\"column\" data-e-type=\"column\">\n\t\t\t<div class=\"elementor-widget-wrap elementor-element-populated\">\n\t\t\t\t\t\t<div class=\"elementor-element elementor-element-4aaebe78 elementor-widget elementor-widget-heading\" data-id=\"4aaebe78\" data-element_type=\"widget\" data-e-type=\"widget\" data-widget_type=\"heading.default\">\n\t\t\t\t<div class=\"elementor-widget-container\">\n\t\t\t\t\t<h2 class=\"elementor-heading-title elementor-size-default\">DigiLead: Experteninterviews<\/h2>\t\t\t\t<\/div>\n\t\t\t\t<\/div>\n\t\t\t\t<div class=\"elementor-element elementor-element-2c06f787 elementor-widget elementor-widget-heading\" data-id=\"2c06f787\" data-element_type=\"widget\" data-e-type=\"widget\" data-widget_type=\"heading.default\">\n\t\t\t\t<div class=\"elementor-widget-container\">\n\t\t\t\t\t<h3 class=\"elementor-heading-title elementor-size-default\">Schule und Bildung in der Digitalit\u00e4t gestalten \u2013 Perspektiven von Expertinnen und Experten             <\/h3>\t\t\t\t<\/div>\n\t\t\t\t<\/div>\n\t\t\t\t<div class=\"elementor-element elementor-element-454e7e37 elementor-widget elementor-widget-text-editor\" data-id=\"454e7e37\" data-element_type=\"widget\" data-e-type=\"widget\" data-widget_type=\"text-editor.default\">\n\t\t\t\t<div class=\"elementor-widget-container\">\n\t\t\t\t\t\t\t\t\t<p>In den Interviews zeigen Fachexpertinnen und -experten aus der Bildungspraxis und dem Unterst\u00fctzungssystem auf, wie digitaler Wandel und Bildung integrativ gedacht werden k\u00f6nnen. In den Blick genommen werden sowohl die Ebene der Einzelschule als Organisation und die Rolle von F\u00fchrung als auch die Ebene des Schulsystems.<\/p>\t\t\t\t\t\t\t\t<\/div>\n\t\t\t\t<\/div>\n\t\t\t\t\t<\/div>\n\t\t<\/div>\n\t\t\t\t\t<\/div>\n\t\t<\/section>\n\t\t\t\t<section class=\"elementor-section elementor-top-section elementor-element elementor-element-6bc9593c elementor-section-boxed elementor-section-height-default elementor-section-height-default\" data-id=\"6bc9593c\" data-element_type=\"section\" data-e-type=\"section\">\n\t\t\t\t\t\t<div class=\"elementor-container elementor-column-gap-default\">\n\t\t\t\t\t<div class=\"elementor-column elementor-col-100 elementor-top-column elementor-element elementor-element-72102aa0\" data-id=\"72102aa0\" data-element_type=\"column\" data-e-type=\"column\">\n\t\t\t<div class=\"elementor-widget-wrap elementor-element-populated\">\n\t\t\t\t\t\t<div class=\"elementor-element elementor-element-1d8c7d48 elementor-widget elementor-widget-heading\" data-id=\"1d8c7d48\" data-element_type=\"widget\" data-e-type=\"widget\" data-widget_type=\"heading.default\">\n\t\t\t\t<div class=\"elementor-widget-container\">\n\t\t\t\t\t<h3 class=\"elementor-heading-title elementor-size-default\">Rahel Tschopp, Primarlehrerin, schulische Heilp\u00e4dagogin, Schulleiterin und Schulentwicklungsbegleiterin Denkreise GmbH<\/h3>\t\t\t\t<\/div>\n\t\t\t\t<\/div>\n\t\t\t\t\t<\/div>\n\t\t<\/div>\n\t\t\t\t\t<\/div>\n\t\t<\/section>\n\t\t\t\t<section class=\"elementor-section elementor-top-section elementor-element elementor-element-5131b7d4 elementor-section-boxed elementor-section-height-default elementor-section-height-default\" data-id=\"5131b7d4\" data-element_type=\"section\" data-e-type=\"section\">\n\t\t\t\t\t\t<div class=\"elementor-container elementor-column-gap-default\">\n\t\t\t\t\t<div class=\"elementor-column elementor-col-50 elementor-top-column elementor-element elementor-element-3fa4b4e7\" data-id=\"3fa4b4e7\" data-element_type=\"column\" data-e-type=\"column\">\n\t\t\t<div class=\"elementor-widget-wrap elementor-element-populated\">\n\t\t\t\t\t\t<div class=\"elementor-element elementor-element-1bafed53 dce_masking-none elementor-widget elementor-widget-video\" data-id=\"1bafed53\" data-element_type=\"widget\" data-e-type=\"widget\" data-settings=\"{&quot;youtube_url&quot;:&quot;https:\\\/\\\/youtu.be\\\/7WAFH1lATkA&quot;,&quot;video_type&quot;:&quot;youtube&quot;,&quot;controls&quot;:&quot;yes&quot;}\" data-widget_type=\"video.default\">\n\t\t\t\t<div class=\"elementor-widget-container\">\n\t\t\t\t\t\t\t<div class=\"elementor-wrapper elementor-open-inline\">\n\t\t\t<div class=\"elementor-video\"><\/div>\t\t<\/div>\n\t\t\t\t\t\t<\/div>\n\t\t\t\t<\/div>\n\t\t\t\t\t<\/div>\n\t\t<\/div>\n\t\t\t\t<div class=\"elementor-column elementor-col-50 elementor-top-column elementor-element elementor-element-1eac092b\" data-id=\"1eac092b\" data-element_type=\"column\" data-e-type=\"column\">\n\t\t\t<div class=\"elementor-widget-wrap elementor-element-populated\">\n\t\t\t\t\t\t<div class=\"elementor-element elementor-element-6c6edb7c dce_masking-none elementor-widget elementor-widget-video\" data-id=\"6c6edb7c\" data-element_type=\"widget\" data-e-type=\"widget\" data-settings=\"{&quot;youtube_url&quot;:&quot;https:\\\/\\\/youtu.be\\\/sZCyKWdF60c&quot;,&quot;video_type&quot;:&quot;youtube&quot;,&quot;controls&quot;:&quot;yes&quot;}\" data-widget_type=\"video.default\">\n\t\t\t\t<div class=\"elementor-widget-container\">\n\t\t\t\t\t\t\t<div class=\"elementor-wrapper elementor-open-inline\">\n\t\t\t<div class=\"elementor-video\"><\/div>\t\t<\/div>\n\t\t\t\t\t\t<\/div>\n\t\t\t\t<\/div>\n\t\t\t\t\t<\/div>\n\t\t<\/div>\n\t\t\t\t\t<\/div>\n\t\t<\/section>\n\t\t\t\t<section class=\"elementor-section elementor-top-section elementor-element elementor-element-6c3f37b7 elementor-section-boxed elementor-section-height-default elementor-section-height-default\" data-id=\"6c3f37b7\" data-element_type=\"section\" data-e-type=\"section\">\n\t\t\t\t\t\t<div class=\"elementor-container elementor-column-gap-default\">\n\t\t\t\t\t<div class=\"elementor-column elementor-col-100 elementor-top-column elementor-element elementor-element-5741b949\" data-id=\"5741b949\" data-element_type=\"column\" data-e-type=\"column\">\n\t\t\t<div class=\"elementor-widget-wrap elementor-element-populated\">\n\t\t\t\t\t\t<div class=\"elementor-element elementor-element-47238aea elementor-widget elementor-widget-heading\" data-id=\"47238aea\" data-element_type=\"widget\" data-e-type=\"widget\" data-widget_type=\"heading.default\">\n\t\t\t\t<div class=\"elementor-widget-container\">\n\t\t\t\t\t<h3 class=\"elementor-heading-title elementor-size-default\">Toni Ritz, Direktor von educa.ch, Schweizer Fachagentur f\u00fcr ICT und Bildung<\/h3>\t\t\t\t<\/div>\n\t\t\t\t<\/div>\n\t\t\t\t\t<\/div>\n\t\t<\/div>\n\t\t\t\t\t<\/div>\n\t\t<\/section>\n\t\t\t\t<section class=\"elementor-section elementor-top-section elementor-element elementor-element-3fd5f3c0 elementor-section-boxed elementor-section-height-default elementor-section-height-default\" data-id=\"3fd5f3c0\" data-element_type=\"section\" data-e-type=\"section\">\n\t\t\t\t\t\t<div class=\"elementor-container elementor-column-gap-default\">\n\t\t\t\t\t<div class=\"elementor-column elementor-col-50 elementor-top-column elementor-element elementor-element-7cbab225\" data-id=\"7cbab225\" data-element_type=\"column\" data-e-type=\"column\">\n\t\t\t<div class=\"elementor-widget-wrap elementor-element-populated\">\n\t\t\t\t\t\t<div class=\"elementor-element elementor-element-6583e12e dce_masking-none elementor-widget elementor-widget-video\" data-id=\"6583e12e\" data-element_type=\"widget\" data-e-type=\"widget\" data-settings=\"{&quot;youtube_url&quot;:&quot;https:\\\/\\\/youtu.be\\\/cPOgWd3ud4A&quot;,&quot;video_type&quot;:&quot;youtube&quot;,&quot;controls&quot;:&quot;yes&quot;}\" data-widget_type=\"video.default\">\n\t\t\t\t<div class=\"elementor-widget-container\">\n\t\t\t\t\t\t\t<div class=\"elementor-wrapper elementor-open-inline\">\n\t\t\t<div class=\"elementor-video\"><\/div>\t\t<\/div>\n\t\t\t\t\t\t<\/div>\n\t\t\t\t<\/div>\n\t\t\t\t\t<\/div>\n\t\t<\/div>\n\t\t\t\t<div class=\"elementor-column elementor-col-50 elementor-top-column elementor-element elementor-element-59d8a096\" data-id=\"59d8a096\" data-element_type=\"column\" data-e-type=\"column\">\n\t\t\t<div class=\"elementor-widget-wrap elementor-element-populated\">\n\t\t\t\t\t\t<div class=\"elementor-element elementor-element-293a2e71 dce_masking-none elementor-widget elementor-widget-video\" data-id=\"293a2e71\" data-element_type=\"widget\" data-e-type=\"widget\" data-settings=\"{&quot;youtube_url&quot;:&quot;https:\\\/\\\/youtu.be\\\/kYPMLDXeQb8&quot;,&quot;video_type&quot;:&quot;youtube&quot;,&quot;controls&quot;:&quot;yes&quot;}\" data-widget_type=\"video.default\">\n\t\t\t\t<div class=\"elementor-widget-container\">\n\t\t\t\t\t\t\t<div class=\"elementor-wrapper elementor-open-inline\">\n\t\t\t<div class=\"elementor-video\"><\/div>\t\t<\/div>\n\t\t\t\t\t\t<\/div>\n\t\t\t\t<\/div>\n\t\t\t\t\t<\/div>\n\t\t<\/div>\n\t\t\t\t\t<\/div>\n\t\t<\/section>\n\t\t\t\t<section class=\"elementor-section elementor-top-section elementor-element elementor-element-111450e7 elementor-section-boxed elementor-section-height-default elementor-section-height-default\" data-id=\"111450e7\" data-element_type=\"section\" data-e-type=\"section\">\n\t\t\t\t\t\t<div class=\"elementor-container elementor-column-gap-default\">\n\t\t\t\t\t<div class=\"elementor-column elementor-col-100 elementor-top-column elementor-element elementor-element-6a499101\" data-id=\"6a499101\" data-element_type=\"column\" data-e-type=\"column\">\n\t\t\t<div class=\"elementor-widget-wrap elementor-element-populated\">\n\t\t\t\t\t\t<div class=\"elementor-element elementor-element-eec7ce3 elementor-widget elementor-widget-heading\" data-id=\"eec7ce3\" data-element_type=\"widget\" data-e-type=\"widget\" data-widget_type=\"heading.default\">\n\t\t\t\t<div class=\"elementor-widget-container\">\n\t\t\t\t\t<h3 class=\"elementor-heading-title elementor-size-default\">Jacob Chammon, Vorstand bei Forum Bildung Digitalisierung e.V. und ehem. Schulleiter einer d\u00e4nischen Schule<\/h3>\t\t\t\t<\/div>\n\t\t\t\t<\/div>\n\t\t\t\t\t<\/div>\n\t\t<\/div>\n\t\t\t\t\t<\/div>\n\t\t<\/section>\n\t\t\t\t<section class=\"elementor-section elementor-top-section elementor-element elementor-element-6a41d5ca elementor-section-boxed elementor-section-height-default elementor-section-height-default\" data-id=\"6a41d5ca\" data-element_type=\"section\" data-e-type=\"section\">\n\t\t\t\t\t\t<div class=\"elementor-container elementor-column-gap-default\">\n\t\t\t\t\t<div class=\"elementor-column elementor-col-50 elementor-top-column elementor-element elementor-element-2094958e\" data-id=\"2094958e\" data-element_type=\"column\" data-e-type=\"column\">\n\t\t\t<div class=\"elementor-widget-wrap elementor-element-populated\">\n\t\t\t\t\t\t<div class=\"elementor-element elementor-element-7f220bc0 dce_masking-none elementor-widget elementor-widget-video\" data-id=\"7f220bc0\" data-element_type=\"widget\" data-e-type=\"widget\" data-settings=\"{&quot;youtube_url&quot;:&quot;https:\\\/\\\/youtu.be\\\/1AQSvGGz8nk&quot;,&quot;video_type&quot;:&quot;youtube&quot;,&quot;controls&quot;:&quot;yes&quot;}\" data-widget_type=\"video.default\">\n\t\t\t\t<div class=\"elementor-widget-container\">\n\t\t\t\t\t\t\t<div class=\"elementor-wrapper elementor-open-inline\">\n\t\t\t<div class=\"elementor-video\"><\/div>\t\t<\/div>\n\t\t\t\t\t\t<\/div>\n\t\t\t\t<\/div>\n\t\t\t\t\t<\/div>\n\t\t<\/div>\n\t\t\t\t<div class=\"elementor-column elementor-col-50 elementor-top-column elementor-element elementor-element-35819730\" data-id=\"35819730\" data-element_type=\"column\" data-e-type=\"column\">\n\t\t\t<div class=\"elementor-widget-wrap\">\n\t\t\t\t\t\t\t<\/div>\n\t\t<\/div>\n\t\t\t\t\t<\/div>\n\t\t<\/section>\n\t\t\t\t<\/div>\n\t\t","protected":false},"excerpt":{"rendered":"<p>DigiLead: Experteninterviews Schule und Bildung in der Digitalit\u00e4t gestalten \u2013 Perspektiven von Expertinnen und Experten In den Interviews zeigen Fachexpertinnen und -experten aus der Bildungspraxis und dem Unterst\u00fctzungssystem auf, wie digitaler Wandel und Bildung integrativ gedacht werden k\u00f6nnen. In den Blick genommen werden sowohl die Ebene der Einzelschule als Organisation und die Rolle von F\u00fchrung [&hellip;]<\/p>\n","protected":false},"author":1,"featured_media":7315,"parent":7226,"menu_order":0,"comment_status":"closed","ping_status":"closed","template":"","meta":{"footnotes":""},"class_list":["post-7276","page","type-page","status-publish","has-post-thumbnail","hentry"],"yoast_head":"<!-- This site is optimized with the Yoast SEO plugin v27.1.1 - https:\/\/yoast.com\/product\/yoast-seo-wordpress\/ -->\n<title>Experteninterviews - Education Management<\/title>\n<meta name=\"robots\" content=\"index, follow, max-snippet:-1, max-image-preview:large, max-video-preview:-1\" \/>\n<link rel=\"canonical\" href=\"https:\/\/bildungsmanagement.net\/en\/digilead-2023\/experteninterviews\/\" \/>\n<meta property=\"og:locale\" content=\"en_US\" \/>\n<meta property=\"og:type\" content=\"article\" \/>\n<meta property=\"og:title\" content=\"Experteninterviews - Education Management\" \/>\n<meta property=\"og:description\" content=\"DigiLead: Experteninterviews Schule und Bildung in der Digitalit\u00e4t gestalten \u2013 Perspektiven von Expertinnen und Experten In den Interviews zeigen Fachexpertinnen und -experten aus der Bildungspraxis und dem Unterst\u00fctzungssystem auf, wie digitaler Wandel und Bildung integrativ gedacht werden k\u00f6nnen. In den Blick genommen werden sowohl die Ebene der Einzelschule als Organisation und die Rolle von F\u00fchrung [&hellip;]\" \/>\n<meta property=\"og:url\" content=\"https:\/\/bildungsmanagement.net\/en\/digilead-2023\/experteninterviews\/\" \/>\n<meta property=\"og:site_name\" content=\"Education Management\" \/>\n<meta property=\"article:modified_time\" content=\"2023-08-28T08:49:37+00:00\" \/>\n<meta property=\"og:image\" content=\"https:\/\/bildungsmanagement.net\/wp-content\/uploads\/sites\/4\/2023\/08\/digilead-bg-1.png\" \/>\n\t<meta property=\"og:image:width\" content=\"1280\" \/>\n\t<meta property=\"og:image:height\" content=\"720\" \/>\n\t<meta property=\"og:image:type\" content=\"image\/png\" \/>\n<meta name=\"twitter:card\" content=\"summary_large_image\" \/>\n<meta name=\"twitter:label1\" content=\"Est. reading time\" \/>\n\t<meta name=\"twitter:data1\" content=\"1 minute\" \/>\n<script type=\"application\/ld+json\" class=\"yoast-schema-graph\">{\"@context\":\"https:\/\/schema.org\",\"@graph\":[{\"@type\":\"WebPage\",\"@id\":\"https:\/\/bildungsmanagement.net\/en\/digilead-2023\/experteninterviews\/\",\"url\":\"https:\/\/bildungsmanagement.net\/en\/digilead-2023\/experteninterviews\/\",\"name\":\"Experteninterviews - Education Management\",\"isPartOf\":{\"@id\":\"https:\/\/bildungsmanagement.net\/en\/#website\"},\"primaryImageOfPage\":{\"@id\":\"https:\/\/bildungsmanagement.net\/en\/digilead-2023\/experteninterviews\/#primaryimage\"},\"image\":{\"@id\":\"https:\/\/bildungsmanagement.net\/en\/digilead-2023\/experteninterviews\/#primaryimage\"},\"thumbnailUrl\":\"https:\/\/bildungsmanagement.net\/wp-content\/uploads\/sites\/4\/2023\/08\/digilead-bg-1.png\",\"datePublished\":\"2023-08-28T08:18:53+00:00\",\"dateModified\":\"2023-08-28T08:49:37+00:00\",\"breadcrumb\":{\"@id\":\"https:\/\/bildungsmanagement.net\/en\/digilead-2023\/experteninterviews\/#breadcrumb\"},\"inLanguage\":\"en-US\",\"potentialAction\":[{\"@type\":\"ReadAction\",\"target\":[\"https:\/\/bildungsmanagement.net\/en\/digilead-2023\/experteninterviews\/\"]}]},{\"@type\":\"ImageObject\",\"inLanguage\":\"en-US\",\"@id\":\"https:\/\/bildungsmanagement.net\/en\/digilead-2023\/experteninterviews\/#primaryimage\",\"url\":\"https:\/\/bildungsmanagement.net\/wp-content\/uploads\/sites\/4\/2023\/08\/digilead-bg-1.png\",\"contentUrl\":\"https:\/\/bildungsmanagement.net\/wp-content\/uploads\/sites\/4\/2023\/08\/digilead-bg-1.png\",\"width\":1280,\"height\":720},{\"@type\":\"BreadcrumbList\",\"@id\":\"https:\/\/bildungsmanagement.net\/en\/digilead-2023\/experteninterviews\/#breadcrumb\",\"itemListElement\":[{\"@type\":\"ListItem\",\"position\":1,\"name\":\"Startseite\",\"item\":\"https:\/\/bildungsmanagement.net\/en\/\"},{\"@type\":\"ListItem\",\"position\":2,\"name\":\"DigiLead\",\"item\":\"https:\/\/bildungsmanagement.net\/en\/digilead-2023\/\"},{\"@type\":\"ListItem\",\"position\":3,\"name\":\"Experteninterviews\"}]},{\"@type\":\"WebSite\",\"@id\":\"https:\/\/bildungsmanagement.net\/en\/#website\",\"url\":\"https:\/\/bildungsmanagement.net\/en\/\",\"name\":\"Education Management\",\"description\":\"\",\"potentialAction\":[{\"@type\":\"SearchAction\",\"target\":{\"@type\":\"EntryPoint\",\"urlTemplate\":\"https:\/\/bildungsmanagement.net\/en\/?s={search_term_string}\"},\"query-input\":{\"@type\":\"PropertyValueSpecification\",\"valueRequired\":true,\"valueName\":\"search_term_string\"}}],\"inLanguage\":\"en-US\"}]}<\/script>\n<!-- \/ Yoast SEO plugin. -->","yoast_head_json":{"title":"Experteninterviews - Education Management","robots":{"index":"index","follow":"follow","max-snippet":"max-snippet:-1","max-image-preview":"max-image-preview:large","max-video-preview":"max-video-preview:-1"},"canonical":"https:\/\/bildungsmanagement.net\/en\/digilead-2023\/experteninterviews\/","og_locale":"en_US","og_type":"article","og_title":"Experteninterviews - Education Management","og_description":"DigiLead: Experteninterviews Schule und Bildung in der Digitalit\u00e4t gestalten \u2013 Perspektiven von Expertinnen und Experten In den Interviews zeigen Fachexpertinnen und -experten aus der Bildungspraxis und dem Unterst\u00fctzungssystem auf, wie digitaler Wandel und Bildung integrativ gedacht werden k\u00f6nnen. In den Blick genommen werden sowohl die Ebene der Einzelschule als Organisation und die Rolle von F\u00fchrung [&hellip;]","og_url":"https:\/\/bildungsmanagement.net\/en\/digilead-2023\/experteninterviews\/","og_site_name":"Education Management","article_modified_time":"2023-08-28T08:49:37+00:00","og_image":[{"width":1280,"height":720,"url":"https:\/\/bildungsmanagement.net\/wp-content\/uploads\/sites\/4\/2023\/08\/digilead-bg-1.png","type":"image\/png"}],"twitter_card":"summary_large_image","twitter_misc":{"Est. reading time":"1 minute"},"schema":{"@context":"https:\/\/schema.org","@graph":[{"@type":"WebPage","@id":"https:\/\/bildungsmanagement.net\/en\/digilead-2023\/experteninterviews\/","url":"https:\/\/bildungsmanagement.net\/en\/digilead-2023\/experteninterviews\/","name":"Experteninterviews - Education Management","isPartOf":{"@id":"https:\/\/bildungsmanagement.net\/en\/#website"},"primaryImageOfPage":{"@id":"https:\/\/bildungsmanagement.net\/en\/digilead-2023\/experteninterviews\/#primaryimage"},"image":{"@id":"https:\/\/bildungsmanagement.net\/en\/digilead-2023\/experteninterviews\/#primaryimage"},"thumbnailUrl":"https:\/\/bildungsmanagement.net\/wp-content\/uploads\/sites\/4\/2023\/08\/digilead-bg-1.png","datePublished":"2023-08-28T08:18:53+00:00","dateModified":"2023-08-28T08:49:37+00:00","breadcrumb":{"@id":"https:\/\/bildungsmanagement.net\/en\/digilead-2023\/experteninterviews\/#breadcrumb"},"inLanguage":"en-US","potentialAction":[{"@type":"ReadAction","target":["https:\/\/bildungsmanagement.net\/en\/digilead-2023\/experteninterviews\/"]}]},{"@type":"ImageObject","inLanguage":"en-US","@id":"https:\/\/bildungsmanagement.net\/en\/digilead-2023\/experteninterviews\/#primaryimage","url":"https:\/\/bildungsmanagement.net\/wp-content\/uploads\/sites\/4\/2023\/08\/digilead-bg-1.png","contentUrl":"https:\/\/bildungsmanagement.net\/wp-content\/uploads\/sites\/4\/2023\/08\/digilead-bg-1.png","width":1280,"height":720},{"@type":"BreadcrumbList","@id":"https:\/\/bildungsmanagement.net\/en\/digilead-2023\/experteninterviews\/#breadcrumb","itemListElement":[{"@type":"ListItem","position":1,"name":"Startseite","item":"https:\/\/bildungsmanagement.net\/en\/"},{"@type":"ListItem","position":2,"name":"DigiLead","item":"https:\/\/bildungsmanagement.net\/en\/digilead-2023\/"},{"@type":"ListItem","position":3,"name":"Experteninterviews"}]},{"@type":"WebSite","@id":"https:\/\/bildungsmanagement.net\/en\/#website","url":"https:\/\/bildungsmanagement.net\/en\/","name":"Education Management","description":"","potentialAction":[{"@type":"SearchAction","target":{"@type":"EntryPoint","urlTemplate":"https:\/\/bildungsmanagement.net\/en\/?s={search_term_string}"},"query-input":{"@type":"PropertyValueSpecification","valueRequired":true,"valueName":"search_term_string"}}],"inLanguage":"en-US"}]}},"_links":{"self":[{"href":"https:\/\/bildungsmanagement.net\/en\/wp-json\/wp\/v2\/pages\/7276","targetHints":{"allow":["GET"]}}],"collection":[{"href":"https:\/\/bildungsmanagement.net\/en\/wp-json\/wp\/v2\/pages"}],"about":[{"href":"https:\/\/bildungsmanagement.net\/en\/wp-json\/wp\/v2\/types\/page"}],"author":[{"embeddable":true,"href":"https:\/\/bildungsmanagement.net\/en\/wp-json\/wp\/v2\/users\/1"}],"replies":[{"embeddable":true,"href":"https:\/\/bildungsmanagement.net\/en\/wp-json\/wp\/v2\/comments?post=7276"}],"version-history":[{"count":5,"href":"https:\/\/bildungsmanagement.net\/en\/wp-json\/wp\/v2\/pages\/7276\/revisions"}],"predecessor-version":[{"id":7318,"href":"https:\/\/bildungsmanagement.net\/en\/wp-json\/wp\/v2\/pages\/7276\/revisions\/7318"}],"up":[{"embeddable":true,"href":"https:\/\/bildungsmanagement.net\/en\/wp-json\/wp\/v2\/pages\/7226"}],"wp:featuredmedia":[{"embeddable":true,"href":"https:\/\/bildungsmanagement.net\/en\/wp-json\/wp\/v2\/media\/7315"}],"wp:attachment":[{"href":"https:\/\/bildungsmanagement.net\/en\/wp-json\/wp\/v2\/media?parent=7276"}],"curies":[{"name":"wp","href":"https:\/\/api.w.org\/{rel}","templated":true}]}}