{"id":7277,"date":"2023-08-28T10:19:00","date_gmt":"2023-08-28T08:19:00","guid":{"rendered":"https:\/\/bildungsmanagement.net\/?page_id=7277"},"modified":"2023-08-28T10:49:51","modified_gmt":"2023-08-28T08:49:51","slug":"schulleitung","status":"publish","type":"page","link":"https:\/\/bildungsmanagement.net\/en\/digilead-2023\/schulleitung\/","title":{"rendered":"Schulleitung"},"content":{"rendered":"\t\t<div data-elementor-type=\"wp-page\" data-elementor-id=\"7277\" data-post-id=\"7277\" data-obj-id=\"7277\" class=\"elementor elementor-7277 dce-elementor-post-7277\" data-elementor-post-type=\"page\">\n\t\t\t\t\t\t<section class=\"elementor-section elementor-top-section elementor-element elementor-element-7001bc0f elementor-section-boxed elementor-section-height-default elementor-section-height-default\" data-id=\"7001bc0f\" data-element_type=\"section\" data-e-type=\"section\">\n\t\t\t\t\t\t<div class=\"elementor-container elementor-column-gap-default\">\n\t\t\t\t\t<div class=\"elementor-column elementor-col-100 elementor-top-column elementor-element elementor-element-4f0711d9\" data-id=\"4f0711d9\" data-element_type=\"column\" data-e-type=\"column\">\n\t\t\t<div class=\"elementor-widget-wrap elementor-element-populated\">\n\t\t\t\t\t\t<div class=\"elementor-element elementor-element-d9d4949 elementor-widget elementor-widget-heading\" data-id=\"d9d4949\" data-element_type=\"widget\" data-e-type=\"widget\" data-widget_type=\"heading.default\">\n\t\t\t\t<div class=\"elementor-widget-container\">\n\t\t\t\t\t<h2 class=\"elementor-heading-title elementor-size-default\">DigiLead: Schulleitung<\/h2>\t\t\t\t<\/div>\n\t\t\t\t<\/div>\n\t\t\t\t\t<\/div>\n\t\t<\/div>\n\t\t\t\t\t<\/div>\n\t\t<\/section>\n\t\t\t\t<section class=\"elementor-section elementor-top-section elementor-element elementor-element-574ecde1 elementor-section-boxed elementor-section-height-default elementor-section-height-default\" data-id=\"574ecde1\" data-element_type=\"section\" data-e-type=\"section\">\n\t\t\t\t\t\t<div class=\"elementor-container elementor-column-gap-default\">\n\t\t\t\t\t<div class=\"elementor-column elementor-col-100 elementor-top-column elementor-element elementor-element-768847e5\" data-id=\"768847e5\" data-element_type=\"column\" data-e-type=\"column\">\n\t\t\t<div class=\"elementor-widget-wrap elementor-element-populated\">\n\t\t\t\t\t\t<div class=\"elementor-element elementor-element-632395da elementor-widget elementor-widget-heading\" data-id=\"632395da\" data-element_type=\"widget\" data-e-type=\"widget\" data-widget_type=\"heading.default\">\n\t\t\t\t<div class=\"elementor-widget-container\">\n\t\t\t\t\t<h3 class=\"elementor-heading-title elementor-size-default\">Schulleitung, Schulentwicklung und Digitalit\u00e4t - Responsible Leadership und BIO-Strategie\n<\/h3>\t\t\t\t<\/div>\n\t\t\t\t<\/div>\n\t\t\t\t<div class=\"elementor-element elementor-element-5c58abb5 elementor-widget elementor-widget-text-editor\" data-id=\"5c58abb5\" data-element_type=\"widget\" data-e-type=\"widget\" data-widget_type=\"text-editor.default\">\n\t\t\t\t<div class=\"elementor-widget-container\">\n\t\t\t\t\t\t\t\t\t<p>Der Vortrag widmet sich der Rolle der Schulleitung beim digitalen Wandel von Schule und zeigt das Spektrum der Handlungsbereiche und Steuerungsaufgaben von Schulleitung auf. Eingef\u00fchrt wird in die \u201eBIO-Strategie\u201c &#8211; Schulentwicklung in der Balance von Bewahren, Optimieren, Innovieren. Eine Transfer\u00fcbung unterst\u00fctzt dabei, diese Strategie unmittelbar f\u00fcr die Entwicklung der eigenen Schule anzuwenden.<\/p>\t\t\t\t\t\t\t\t<\/div>\n\t\t\t\t<\/div>\n\t\t\t\t\t<\/div>\n\t\t<\/div>\n\t\t\t\t\t<\/div>\n\t\t<\/section>\n\t\t\t\t<section class=\"elementor-section elementor-top-section elementor-element elementor-element-30c22553 elementor-section-boxed elementor-section-height-default elementor-section-height-default\" data-id=\"30c22553\" data-element_type=\"section\" data-e-type=\"section\">\n\t\t\t\t\t\t<div class=\"elementor-container elementor-column-gap-default\">\n\t\t\t\t\t<div class=\"elementor-column elementor-col-50 elementor-top-column elementor-element elementor-element-86eabba\" data-id=\"86eabba\" data-element_type=\"column\" data-e-type=\"column\">\n\t\t\t<div class=\"elementor-widget-wrap elementor-element-populated\">\n\t\t\t\t\t\t<div class=\"elementor-element elementor-element-7da9390c elementor-widget elementor-widget-heading\" data-id=\"7da9390c\" data-element_type=\"widget\" data-e-type=\"widget\" data-widget_type=\"heading.default\">\n\t\t\t\t<div class=\"elementor-widget-container\">\n\t\t\t\t\t<h3 class=\"elementor-heading-title elementor-size-default\">Stephan Huber: Profil Schulleitung: Gute F\u00fchrung \/ Schulleitung \u2013 auf die Passung kommt es an<\/h3>\t\t\t\t<\/div>\n\t\t\t\t<\/div>\n\t\t\t\t\t<\/div>\n\t\t<\/div>\n\t\t\t\t<div class=\"elementor-column elementor-col-50 elementor-top-column elementor-element elementor-element-d815b4f\" data-id=\"d815b4f\" data-element_type=\"column\" data-e-type=\"column\">\n\t\t\t<div class=\"elementor-widget-wrap elementor-element-populated\">\n\t\t\t\t\t\t<div class=\"elementor-element elementor-element-4f6940f0 elementor-widget elementor-widget-heading\" data-id=\"4f6940f0\" data-element_type=\"widget\" data-e-type=\"widget\" data-widget_type=\"heading.default\">\n\t\t\t\t<div class=\"elementor-widget-container\">\n\t\t\t\t\t<h3 class=\"elementor-heading-title elementor-size-default\">Stephan Huber: BIO-Strategie und Perspektive<\/h3>\t\t\t\t<\/div>\n\t\t\t\t<\/div>\n\t\t\t\t\t<\/div>\n\t\t<\/div>\n\t\t\t\t\t<\/div>\n\t\t<\/section>\n\t\t\t\t<section class=\"elementor-section elementor-top-section elementor-element elementor-element-12bd1498 elementor-section-boxed elementor-section-height-default elementor-section-height-default\" data-id=\"12bd1498\" data-element_type=\"section\" data-e-type=\"section\">\n\t\t\t\t\t\t<div class=\"elementor-container elementor-column-gap-default\">\n\t\t\t\t\t<div class=\"elementor-column elementor-col-50 elementor-top-column elementor-element elementor-element-3aca0739\" data-id=\"3aca0739\" data-element_type=\"column\" data-e-type=\"column\">\n\t\t\t<div class=\"elementor-widget-wrap elementor-element-populated\">\n\t\t\t\t\t\t<div class=\"elementor-element elementor-element-4b7becb7 dce_masking-none elementor-widget elementor-widget-video\" data-id=\"4b7becb7\" data-element_type=\"widget\" data-e-type=\"widget\" data-settings=\"{&quot;youtube_url&quot;:&quot;https:\\\/\\\/youtu.be\\\/dYDegQWpWzE&quot;,&quot;video_type&quot;:&quot;youtube&quot;,&quot;controls&quot;:&quot;yes&quot;}\" data-widget_type=\"video.default\">\n\t\t\t\t<div class=\"elementor-widget-container\">\n\t\t\t\t\t\t\t<div class=\"elementor-wrapper elementor-open-inline\">\n\t\t\t<div class=\"elementor-video\"><\/div>\t\t<\/div>\n\t\t\t\t\t\t<\/div>\n\t\t\t\t<\/div>\n\t\t\t\t\t<\/div>\n\t\t<\/div>\n\t\t\t\t<div class=\"elementor-column elementor-col-50 elementor-top-column elementor-element elementor-element-7e45f7f7\" data-id=\"7e45f7f7\" data-element_type=\"column\" data-e-type=\"column\">\n\t\t\t<div class=\"elementor-widget-wrap elementor-element-populated\">\n\t\t\t\t\t\t<div class=\"elementor-element elementor-element-18469761 dce_masking-none elementor-widget elementor-widget-video\" data-id=\"18469761\" data-element_type=\"widget\" data-e-type=\"widget\" data-settings=\"{&quot;youtube_url&quot;:&quot;https:\\\/\\\/youtu.be\\\/e463WN8U3m0&quot;,&quot;video_type&quot;:&quot;youtube&quot;,&quot;controls&quot;:&quot;yes&quot;}\" data-widget_type=\"video.default\">\n\t\t\t\t<div class=\"elementor-widget-container\">\n\t\t\t\t\t\t\t<div class=\"elementor-wrapper elementor-open-inline\">\n\t\t\t<div class=\"elementor-video\"><\/div>\t\t<\/div>\n\t\t\t\t\t\t<\/div>\n\t\t\t\t<\/div>\n\t\t\t\t\t<\/div>\n\t\t<\/div>\n\t\t\t\t\t<\/div>\n\t\t<\/section>\n\t\t\t\t<\/div>\n\t\t","protected":false},"excerpt":{"rendered":"<p>DigiLead: Schulleitung Schulleitung, Schulentwicklung und Digitalit\u00e4t &#8211; Responsible Leadership und BIO-Strategie Der Vortrag widmet sich der Rolle der Schulleitung beim digitalen Wandel von Schule und zeigt das Spektrum der Handlungsbereiche und Steuerungsaufgaben von Schulleitung auf. Eingef\u00fchrt wird in die \u201eBIO-Strategie\u201c &#8211; Schulentwicklung in der Balance von Bewahren, Optimieren, Innovieren. Eine Transfer\u00fcbung unterst\u00fctzt dabei, diese Strategie [&hellip;]<\/p>\n","protected":false},"author":1,"featured_media":7315,"parent":7226,"menu_order":0,"comment_status":"closed","ping_status":"closed","template":"","meta":{"footnotes":""},"class_list":["post-7277","page","type-page","status-publish","has-post-thumbnail","hentry"],"yoast_head":"<!-- This site is optimized with the Yoast SEO plugin v27.1.1 - https:\/\/yoast.com\/product\/yoast-seo-wordpress\/ -->\n<title>Schulleitung - Education Management<\/title>\n<meta name=\"robots\" content=\"index, follow, max-snippet:-1, max-image-preview:large, max-video-preview:-1\" \/>\n<link rel=\"canonical\" href=\"https:\/\/bildungsmanagement.net\/en\/digilead-2023\/schulleitung\/\" \/>\n<meta property=\"og:locale\" content=\"en_US\" \/>\n<meta property=\"og:type\" content=\"article\" \/>\n<meta property=\"og:title\" content=\"Schulleitung - Education Management\" \/>\n<meta property=\"og:description\" content=\"DigiLead: Schulleitung Schulleitung, Schulentwicklung und Digitalit\u00e4t &#8211; Responsible Leadership und BIO-Strategie Der Vortrag widmet sich der Rolle der Schulleitung beim digitalen Wandel von Schule und zeigt das Spektrum der Handlungsbereiche und Steuerungsaufgaben von Schulleitung auf. Eingef\u00fchrt wird in die \u201eBIO-Strategie\u201c &#8211; Schulentwicklung in der Balance von Bewahren, Optimieren, Innovieren. Eine Transfer\u00fcbung unterst\u00fctzt dabei, diese Strategie [&hellip;]\" \/>\n<meta property=\"og:url\" content=\"https:\/\/bildungsmanagement.net\/en\/digilead-2023\/schulleitung\/\" \/>\n<meta property=\"og:site_name\" content=\"Education Management\" \/>\n<meta property=\"article:modified_time\" content=\"2023-08-28T08:49:51+00:00\" \/>\n<meta property=\"og:image\" content=\"https:\/\/bildungsmanagement.net\/wp-content\/uploads\/sites\/4\/2023\/08\/digilead-bg-1.png\" \/>\n\t<meta property=\"og:image:width\" content=\"1280\" \/>\n\t<meta property=\"og:image:height\" content=\"720\" \/>\n\t<meta property=\"og:image:type\" content=\"image\/png\" \/>\n<meta name=\"twitter:card\" content=\"summary_large_image\" \/>\n<meta name=\"twitter:label1\" content=\"Est. reading time\" \/>\n\t<meta name=\"twitter:data1\" content=\"1 minute\" \/>\n<script type=\"application\/ld+json\" class=\"yoast-schema-graph\">{\"@context\":\"https:\/\/schema.org\",\"@graph\":[{\"@type\":\"WebPage\",\"@id\":\"https:\/\/bildungsmanagement.net\/en\/digilead-2023\/schulleitung\/\",\"url\":\"https:\/\/bildungsmanagement.net\/en\/digilead-2023\/schulleitung\/\",\"name\":\"Schulleitung - Education Management\",\"isPartOf\":{\"@id\":\"https:\/\/bildungsmanagement.net\/en\/#website\"},\"primaryImageOfPage\":{\"@id\":\"https:\/\/bildungsmanagement.net\/en\/digilead-2023\/schulleitung\/#primaryimage\"},\"image\":{\"@id\":\"https:\/\/bildungsmanagement.net\/en\/digilead-2023\/schulleitung\/#primaryimage\"},\"thumbnailUrl\":\"https:\/\/bildungsmanagement.net\/wp-content\/uploads\/sites\/4\/2023\/08\/digilead-bg-1.png\",\"datePublished\":\"2023-08-28T08:19:00+00:00\",\"dateModified\":\"2023-08-28T08:49:51+00:00\",\"breadcrumb\":{\"@id\":\"https:\/\/bildungsmanagement.net\/en\/digilead-2023\/schulleitung\/#breadcrumb\"},\"inLanguage\":\"en-US\",\"potentialAction\":[{\"@type\":\"ReadAction\",\"target\":[\"https:\/\/bildungsmanagement.net\/en\/digilead-2023\/schulleitung\/\"]}]},{\"@type\":\"ImageObject\",\"inLanguage\":\"en-US\",\"@id\":\"https:\/\/bildungsmanagement.net\/en\/digilead-2023\/schulleitung\/#primaryimage\",\"url\":\"https:\/\/bildungsmanagement.net\/wp-content\/uploads\/sites\/4\/2023\/08\/digilead-bg-1.png\",\"contentUrl\":\"https:\/\/bildungsmanagement.net\/wp-content\/uploads\/sites\/4\/2023\/08\/digilead-bg-1.png\",\"width\":1280,\"height\":720},{\"@type\":\"BreadcrumbList\",\"@id\":\"https:\/\/bildungsmanagement.net\/en\/digilead-2023\/schulleitung\/#breadcrumb\",\"itemListElement\":[{\"@type\":\"ListItem\",\"position\":1,\"name\":\"Startseite\",\"item\":\"https:\/\/bildungsmanagement.net\/en\/\"},{\"@type\":\"ListItem\",\"position\":2,\"name\":\"DigiLead\",\"item\":\"https:\/\/bildungsmanagement.net\/en\/digilead-2023\/\"},{\"@type\":\"ListItem\",\"position\":3,\"name\":\"Schulleitung\"}]},{\"@type\":\"WebSite\",\"@id\":\"https:\/\/bildungsmanagement.net\/en\/#website\",\"url\":\"https:\/\/bildungsmanagement.net\/en\/\",\"name\":\"Education Management\",\"description\":\"\",\"potentialAction\":[{\"@type\":\"SearchAction\",\"target\":{\"@type\":\"EntryPoint\",\"urlTemplate\":\"https:\/\/bildungsmanagement.net\/en\/?s={search_term_string}\"},\"query-input\":{\"@type\":\"PropertyValueSpecification\",\"valueRequired\":true,\"valueName\":\"search_term_string\"}}],\"inLanguage\":\"en-US\"}]}<\/script>\n<!-- \/ Yoast SEO plugin. -->","yoast_head_json":{"title":"Schulleitung - Education Management","robots":{"index":"index","follow":"follow","max-snippet":"max-snippet:-1","max-image-preview":"max-image-preview:large","max-video-preview":"max-video-preview:-1"},"canonical":"https:\/\/bildungsmanagement.net\/en\/digilead-2023\/schulleitung\/","og_locale":"en_US","og_type":"article","og_title":"Schulleitung - Education Management","og_description":"DigiLead: Schulleitung Schulleitung, Schulentwicklung und Digitalit\u00e4t &#8211; Responsible Leadership und BIO-Strategie Der Vortrag widmet sich der Rolle der Schulleitung beim digitalen Wandel von Schule und zeigt das Spektrum der Handlungsbereiche und Steuerungsaufgaben von Schulleitung auf. Eingef\u00fchrt wird in die \u201eBIO-Strategie\u201c &#8211; Schulentwicklung in der Balance von Bewahren, Optimieren, Innovieren. Eine Transfer\u00fcbung unterst\u00fctzt dabei, diese Strategie [&hellip;]","og_url":"https:\/\/bildungsmanagement.net\/en\/digilead-2023\/schulleitung\/","og_site_name":"Education Management","article_modified_time":"2023-08-28T08:49:51+00:00","og_image":[{"width":1280,"height":720,"url":"https:\/\/bildungsmanagement.net\/wp-content\/uploads\/sites\/4\/2023\/08\/digilead-bg-1.png","type":"image\/png"}],"twitter_card":"summary_large_image","twitter_misc":{"Est. reading time":"1 minute"},"schema":{"@context":"https:\/\/schema.org","@graph":[{"@type":"WebPage","@id":"https:\/\/bildungsmanagement.net\/en\/digilead-2023\/schulleitung\/","url":"https:\/\/bildungsmanagement.net\/en\/digilead-2023\/schulleitung\/","name":"Schulleitung - Education Management","isPartOf":{"@id":"https:\/\/bildungsmanagement.net\/en\/#website"},"primaryImageOfPage":{"@id":"https:\/\/bildungsmanagement.net\/en\/digilead-2023\/schulleitung\/#primaryimage"},"image":{"@id":"https:\/\/bildungsmanagement.net\/en\/digilead-2023\/schulleitung\/#primaryimage"},"thumbnailUrl":"https:\/\/bildungsmanagement.net\/wp-content\/uploads\/sites\/4\/2023\/08\/digilead-bg-1.png","datePublished":"2023-08-28T08:19:00+00:00","dateModified":"2023-08-28T08:49:51+00:00","breadcrumb":{"@id":"https:\/\/bildungsmanagement.net\/en\/digilead-2023\/schulleitung\/#breadcrumb"},"inLanguage":"en-US","potentialAction":[{"@type":"ReadAction","target":["https:\/\/bildungsmanagement.net\/en\/digilead-2023\/schulleitung\/"]}]},{"@type":"ImageObject","inLanguage":"en-US","@id":"https:\/\/bildungsmanagement.net\/en\/digilead-2023\/schulleitung\/#primaryimage","url":"https:\/\/bildungsmanagement.net\/wp-content\/uploads\/sites\/4\/2023\/08\/digilead-bg-1.png","contentUrl":"https:\/\/bildungsmanagement.net\/wp-content\/uploads\/sites\/4\/2023\/08\/digilead-bg-1.png","width":1280,"height":720},{"@type":"BreadcrumbList","@id":"https:\/\/bildungsmanagement.net\/en\/digilead-2023\/schulleitung\/#breadcrumb","itemListElement":[{"@type":"ListItem","position":1,"name":"Startseite","item":"https:\/\/bildungsmanagement.net\/en\/"},{"@type":"ListItem","position":2,"name":"DigiLead","item":"https:\/\/bildungsmanagement.net\/en\/digilead-2023\/"},{"@type":"ListItem","position":3,"name":"Schulleitung"}]},{"@type":"WebSite","@id":"https:\/\/bildungsmanagement.net\/en\/#website","url":"https:\/\/bildungsmanagement.net\/en\/","name":"Education Management","description":"","potentialAction":[{"@type":"SearchAction","target":{"@type":"EntryPoint","urlTemplate":"https:\/\/bildungsmanagement.net\/en\/?s={search_term_string}"},"query-input":{"@type":"PropertyValueSpecification","valueRequired":true,"valueName":"search_term_string"}}],"inLanguage":"en-US"}]}},"_links":{"self":[{"href":"https:\/\/bildungsmanagement.net\/en\/wp-json\/wp\/v2\/pages\/7277","targetHints":{"allow":["GET"]}}],"collection":[{"href":"https:\/\/bildungsmanagement.net\/en\/wp-json\/wp\/v2\/pages"}],"about":[{"href":"https:\/\/bildungsmanagement.net\/en\/wp-json\/wp\/v2\/types\/page"}],"author":[{"embeddable":true,"href":"https:\/\/bildungsmanagement.net\/en\/wp-json\/wp\/v2\/users\/1"}],"replies":[{"embeddable":true,"href":"https:\/\/bildungsmanagement.net\/en\/wp-json\/wp\/v2\/comments?post=7277"}],"version-history":[{"count":5,"href":"https:\/\/bildungsmanagement.net\/en\/wp-json\/wp\/v2\/pages\/7277\/revisions"}],"predecessor-version":[{"id":7320,"href":"https:\/\/bildungsmanagement.net\/en\/wp-json\/wp\/v2\/pages\/7277\/revisions\/7320"}],"up":[{"embeddable":true,"href":"https:\/\/bildungsmanagement.net\/en\/wp-json\/wp\/v2\/pages\/7226"}],"wp:featuredmedia":[{"embeddable":true,"href":"https:\/\/bildungsmanagement.net\/en\/wp-json\/wp\/v2\/media\/7315"}],"wp:attachment":[{"href":"https:\/\/bildungsmanagement.net\/en\/wp-json\/wp\/v2\/media?parent=7277"}],"curies":[{"name":"wp","href":"https:\/\/api.w.org\/{rel}","templated":true}]}}