{"id":7278,"date":"2023-08-28T10:18:43","date_gmt":"2023-08-28T08:18:43","guid":{"rendered":"https:\/\/bildungsmanagement.net\/?page_id=7278"},"modified":"2023-08-28T10:49:31","modified_gmt":"2023-08-28T08:49:31","slug":"digitalitaet","status":"publish","type":"page","link":"https:\/\/bildungsmanagement.net\/en\/digilead-2023\/digitalitaet\/","title":{"rendered":"Digitalit\u00e4t"},"content":{"rendered":"\t\t<div data-elementor-type=\"wp-page\" data-elementor-id=\"7278\" data-post-id=\"7278\" data-obj-id=\"7278\" class=\"elementor elementor-7278 dce-elementor-post-7278\" data-elementor-post-type=\"page\">\n\t\t\t\t\t\t<section class=\"elementor-section elementor-top-section elementor-element elementor-element-36155fe9 elementor-section-boxed elementor-section-height-default elementor-section-height-default\" data-id=\"36155fe9\" data-element_type=\"section\" data-e-type=\"section\">\n\t\t\t\t\t\t<div class=\"elementor-container elementor-column-gap-default\">\n\t\t\t\t\t<div class=\"elementor-column elementor-col-100 elementor-top-column elementor-element elementor-element-5ca3e8dc\" data-id=\"5ca3e8dc\" data-element_type=\"column\" data-e-type=\"column\">\n\t\t\t<div class=\"elementor-widget-wrap elementor-element-populated\">\n\t\t\t\t\t\t<div class=\"elementor-element elementor-element-31324f1 elementor-widget elementor-widget-heading\" data-id=\"31324f1\" data-element_type=\"widget\" data-e-type=\"widget\" data-widget_type=\"heading.default\">\n\t\t\t\t<div class=\"elementor-widget-container\">\n\t\t\t\t\t<h2 class=\"elementor-heading-title elementor-size-default\">DigiLead: Digitalit\u00e4t<\/h2>\t\t\t\t<\/div>\n\t\t\t\t<\/div>\n\t\t\t\t<div class=\"elementor-element elementor-element-69687517 elementor-widget elementor-widget-heading\" data-id=\"69687517\" data-element_type=\"widget\" data-e-type=\"widget\" data-widget_type=\"heading.default\">\n\t\t\t\t<div class=\"elementor-widget-container\">\n\t\t\t\t\t<h3 class=\"elementor-heading-title elementor-size-default\">Schule und Bildung in der Digitalit\u00e4t gestalten \u2013 Zentrale Pr\u00e4missen, kritische Perspektiven, thematischer \u00dcberblick  <\/h3>\t\t\t\t<\/div>\n\t\t\t\t<\/div>\n\t\t\t\t<div class=\"elementor-element elementor-element-4f32a50b elementor-widget elementor-widget-text-editor\" data-id=\"4f32a50b\" data-element_type=\"widget\" data-e-type=\"widget\" data-widget_type=\"text-editor.default\">\n\t\t\t\t<div class=\"elementor-widget-container\">\n\t\t\t\t\t\t\t\t\tIm Vortrag werden zentrale Prinzipien, Empfehlungen und konzeptionelle Ideen f\u00fcr Schule und Bildung in der Digitalit\u00e4t vorgestellt. Zwei Praxis-Checks erm\u00f6glichen die Analyse der eigenen Schulsituation vor dem Hintergrund der Pr\u00e4missen.\t\t\t\t\t\t\t\t<\/div>\n\t\t\t\t<\/div>\n\t\t\t\t<div class=\"elementor-element elementor-element-353b1ead dce_masking-none elementor-widget elementor-widget-video\" data-id=\"353b1ead\" data-element_type=\"widget\" data-e-type=\"widget\" data-settings=\"{&quot;youtube_url&quot;:&quot;https:\\\/\\\/youtu.be\\\/MqxZXklkL6U&quot;,&quot;video_type&quot;:&quot;youtube&quot;,&quot;controls&quot;:&quot;yes&quot;}\" data-widget_type=\"video.default\">\n\t\t\t\t<div class=\"elementor-widget-container\">\n\t\t\t\t\t\t\t<div class=\"elementor-wrapper elementor-open-inline\">\n\t\t\t<div class=\"elementor-video\"><\/div>\t\t<\/div>\n\t\t\t\t\t\t<\/div>\n\t\t\t\t<\/div>\n\t\t\t\t<div class=\"elementor-element elementor-element-2f48717b elementor-widget elementor-widget-text-editor\" data-id=\"2f48717b\" data-element_type=\"widget\" data-e-type=\"widget\" data-widget_type=\"text-editor.default\">\n\t\t\t\t<div class=\"elementor-widget-container\">\n\t\t\t\t\t\t\t\t\t<p style=\"font-weight: 400;\">Der Aufsatz vertieft den Vortrag: <a href=\"https:\/\/bildungsmanagement.net\/publikationen\/schule-in-der-digitalitaet-gestalten\/\">https:\/\/bildungsmanagement.net\/publikationen\/schule-in-der-digitalitaet-gestalten\/<\/a><\/p><p style=\"font-weight: 400;\">Er geht der Frage nach, wie Schule in Zeiten des digitalen Wandels zu gestalten ist. Einf\u00fchrend wird die Corona-Pandemie als Booster digitalen Wandels beschrieben. Grundlegende Perspektiven werden pr\u00e4sentiert und die Rolle von Schulleitungen und Kollegien im Umgang mit dem digitalen Wandel im Rahmen der Schulentwicklung skizziert. Mit dem Handlungsmodell Schulgestaltung wird eine theoretische Rahmung von Bildung, Lernen und Schulgestaltung mit Digitalit\u00e4t vorgenommen. Es werden Pr\u00e4missen, Empfehlungen, konzeptionelle Ideen und M\u00f6glichkeiten und das thematische Spektrum aufgezeigt, beides f\u00fcr einen Praxis-Check und im Handlungsmodell Schulgestaltung verankert. Im Anschluss werden digitaler Wandel, Schule und Bildung nach Erfahrungsgrad und Schulform differenziert. Der Beitrag schlie\u00dft mit einem Fazit, auch in Sachen Digitalisierung das Richtige richtig zu tun, schrittweise und in einer Balance von Bewahren, Innovieren und Optimieren.<\/p>\t\t\t\t\t\t\t\t<\/div>\n\t\t\t\t<\/div>\n\t\t\t\t\t<\/div>\n\t\t<\/div>\n\t\t\t\t\t<\/div>\n\t\t<\/section>\n\t\t\t\t<\/div>\n\t\t","protected":false},"excerpt":{"rendered":"<p>DigiLead: Digitalit\u00e4t Schule und Bildung in der Digitalit\u00e4t gestalten \u2013 Zentrale Pr\u00e4missen, kritische Perspektiven, thematischer \u00dcberblick Im Vortrag werden zentrale Prinzipien, Empfehlungen und konzeptionelle Ideen f\u00fcr Schule und Bildung in der Digitalit\u00e4t vorgestellt. Zwei Praxis-Checks erm\u00f6glichen die Analyse der eigenen Schulsituation vor dem Hintergrund der Pr\u00e4missen.https:\/\/youtu.be\/MqxZXklkL6U Der Aufsatz vertieft den Vortrag: https:\/\/bildungsmanagement.net\/publikationen\/schule-in-der-digitalitaet-gestalten\/ Er geht der [&hellip;]<\/p>\n","protected":false},"author":1,"featured_media":7315,"parent":7226,"menu_order":0,"comment_status":"closed","ping_status":"closed","template":"","meta":{"footnotes":""},"class_list":["post-7278","page","type-page","status-publish","has-post-thumbnail","hentry"],"yoast_head":"<!-- This site is optimized with the Yoast SEO plugin v27.1.1 - https:\/\/yoast.com\/product\/yoast-seo-wordpress\/ -->\n<title>Digitalit\u00e4t - Education Management<\/title>\n<meta name=\"robots\" content=\"index, follow, max-snippet:-1, max-image-preview:large, max-video-preview:-1\" \/>\n<link rel=\"canonical\" href=\"https:\/\/bildungsmanagement.net\/en\/digilead-2023\/digitalitaet\/\" \/>\n<meta property=\"og:locale\" content=\"en_US\" \/>\n<meta property=\"og:type\" content=\"article\" \/>\n<meta property=\"og:title\" content=\"Digitalit\u00e4t - Education Management\" \/>\n<meta property=\"og:description\" content=\"DigiLead: Digitalit\u00e4t Schule und Bildung in der Digitalit\u00e4t gestalten \u2013 Zentrale Pr\u00e4missen, kritische Perspektiven, thematischer \u00dcberblick Im Vortrag werden zentrale Prinzipien, Empfehlungen und konzeptionelle Ideen f\u00fcr Schule und Bildung in der Digitalit\u00e4t vorgestellt. Zwei Praxis-Checks erm\u00f6glichen die Analyse der eigenen Schulsituation vor dem Hintergrund der Pr\u00e4missen.https:\/\/youtu.be\/MqxZXklkL6U Der Aufsatz vertieft den Vortrag: https:\/\/bildungsmanagement.net\/publikationen\/schule-in-der-digitalitaet-gestalten\/ Er geht der [&hellip;]\" \/>\n<meta property=\"og:url\" content=\"https:\/\/bildungsmanagement.net\/en\/digilead-2023\/digitalitaet\/\" \/>\n<meta property=\"og:site_name\" content=\"Education Management\" \/>\n<meta property=\"article:modified_time\" content=\"2023-08-28T08:49:31+00:00\" \/>\n<meta property=\"og:image\" content=\"https:\/\/bildungsmanagement.net\/wp-content\/uploads\/sites\/4\/2023\/08\/digilead-bg-1.png\" \/>\n\t<meta property=\"og:image:width\" content=\"1280\" \/>\n\t<meta property=\"og:image:height\" content=\"720\" \/>\n\t<meta property=\"og:image:type\" content=\"image\/png\" \/>\n<meta name=\"twitter:card\" content=\"summary_large_image\" \/>\n<meta name=\"twitter:label1\" content=\"Est. reading time\" \/>\n\t<meta name=\"twitter:data1\" content=\"1 minute\" \/>\n<script type=\"application\/ld+json\" class=\"yoast-schema-graph\">{\"@context\":\"https:\/\/schema.org\",\"@graph\":[{\"@type\":\"WebPage\",\"@id\":\"https:\/\/bildungsmanagement.net\/en\/digilead-2023\/digitalitaet\/\",\"url\":\"https:\/\/bildungsmanagement.net\/en\/digilead-2023\/digitalitaet\/\",\"name\":\"Digitalit\u00e4t - Education Management\",\"isPartOf\":{\"@id\":\"https:\/\/bildungsmanagement.net\/en\/#website\"},\"primaryImageOfPage\":{\"@id\":\"https:\/\/bildungsmanagement.net\/en\/digilead-2023\/digitalitaet\/#primaryimage\"},\"image\":{\"@id\":\"https:\/\/bildungsmanagement.net\/en\/digilead-2023\/digitalitaet\/#primaryimage\"},\"thumbnailUrl\":\"https:\/\/bildungsmanagement.net\/wp-content\/uploads\/sites\/4\/2023\/08\/digilead-bg-1.png\",\"datePublished\":\"2023-08-28T08:18:43+00:00\",\"dateModified\":\"2023-08-28T08:49:31+00:00\",\"breadcrumb\":{\"@id\":\"https:\/\/bildungsmanagement.net\/en\/digilead-2023\/digitalitaet\/#breadcrumb\"},\"inLanguage\":\"en-US\",\"potentialAction\":[{\"@type\":\"ReadAction\",\"target\":[\"https:\/\/bildungsmanagement.net\/en\/digilead-2023\/digitalitaet\/\"]}]},{\"@type\":\"ImageObject\",\"inLanguage\":\"en-US\",\"@id\":\"https:\/\/bildungsmanagement.net\/en\/digilead-2023\/digitalitaet\/#primaryimage\",\"url\":\"https:\/\/bildungsmanagement.net\/wp-content\/uploads\/sites\/4\/2023\/08\/digilead-bg-1.png\",\"contentUrl\":\"https:\/\/bildungsmanagement.net\/wp-content\/uploads\/sites\/4\/2023\/08\/digilead-bg-1.png\",\"width\":1280,\"height\":720},{\"@type\":\"BreadcrumbList\",\"@id\":\"https:\/\/bildungsmanagement.net\/en\/digilead-2023\/digitalitaet\/#breadcrumb\",\"itemListElement\":[{\"@type\":\"ListItem\",\"position\":1,\"name\":\"Startseite\",\"item\":\"https:\/\/bildungsmanagement.net\/en\/\"},{\"@type\":\"ListItem\",\"position\":2,\"name\":\"DigiLead\",\"item\":\"https:\/\/bildungsmanagement.net\/en\/digilead-2023\/\"},{\"@type\":\"ListItem\",\"position\":3,\"name\":\"Digitalit\u00e4t\"}]},{\"@type\":\"WebSite\",\"@id\":\"https:\/\/bildungsmanagement.net\/en\/#website\",\"url\":\"https:\/\/bildungsmanagement.net\/en\/\",\"name\":\"Education Management\",\"description\":\"\",\"potentialAction\":[{\"@type\":\"SearchAction\",\"target\":{\"@type\":\"EntryPoint\",\"urlTemplate\":\"https:\/\/bildungsmanagement.net\/en\/?s={search_term_string}\"},\"query-input\":{\"@type\":\"PropertyValueSpecification\",\"valueRequired\":true,\"valueName\":\"search_term_string\"}}],\"inLanguage\":\"en-US\"}]}<\/script>\n<!-- \/ Yoast SEO plugin. -->","yoast_head_json":{"title":"Digitalit\u00e4t - Education Management","robots":{"index":"index","follow":"follow","max-snippet":"max-snippet:-1","max-image-preview":"max-image-preview:large","max-video-preview":"max-video-preview:-1"},"canonical":"https:\/\/bildungsmanagement.net\/en\/digilead-2023\/digitalitaet\/","og_locale":"en_US","og_type":"article","og_title":"Digitalit\u00e4t - Education Management","og_description":"DigiLead: Digitalit\u00e4t Schule und Bildung in der Digitalit\u00e4t gestalten \u2013 Zentrale Pr\u00e4missen, kritische Perspektiven, thematischer \u00dcberblick Im Vortrag werden zentrale Prinzipien, Empfehlungen und konzeptionelle Ideen f\u00fcr Schule und Bildung in der Digitalit\u00e4t vorgestellt. Zwei Praxis-Checks erm\u00f6glichen die Analyse der eigenen Schulsituation vor dem Hintergrund der Pr\u00e4missen.https:\/\/youtu.be\/MqxZXklkL6U Der Aufsatz vertieft den Vortrag: https:\/\/bildungsmanagement.net\/publikationen\/schule-in-der-digitalitaet-gestalten\/ Er geht der [&hellip;]","og_url":"https:\/\/bildungsmanagement.net\/en\/digilead-2023\/digitalitaet\/","og_site_name":"Education Management","article_modified_time":"2023-08-28T08:49:31+00:00","og_image":[{"width":1280,"height":720,"url":"https:\/\/bildungsmanagement.net\/wp-content\/uploads\/sites\/4\/2023\/08\/digilead-bg-1.png","type":"image\/png"}],"twitter_card":"summary_large_image","twitter_misc":{"Est. reading time":"1 minute"},"schema":{"@context":"https:\/\/schema.org","@graph":[{"@type":"WebPage","@id":"https:\/\/bildungsmanagement.net\/en\/digilead-2023\/digitalitaet\/","url":"https:\/\/bildungsmanagement.net\/en\/digilead-2023\/digitalitaet\/","name":"Digitalit\u00e4t - Education Management","isPartOf":{"@id":"https:\/\/bildungsmanagement.net\/en\/#website"},"primaryImageOfPage":{"@id":"https:\/\/bildungsmanagement.net\/en\/digilead-2023\/digitalitaet\/#primaryimage"},"image":{"@id":"https:\/\/bildungsmanagement.net\/en\/digilead-2023\/digitalitaet\/#primaryimage"},"thumbnailUrl":"https:\/\/bildungsmanagement.net\/wp-content\/uploads\/sites\/4\/2023\/08\/digilead-bg-1.png","datePublished":"2023-08-28T08:18:43+00:00","dateModified":"2023-08-28T08:49:31+00:00","breadcrumb":{"@id":"https:\/\/bildungsmanagement.net\/en\/digilead-2023\/digitalitaet\/#breadcrumb"},"inLanguage":"en-US","potentialAction":[{"@type":"ReadAction","target":["https:\/\/bildungsmanagement.net\/en\/digilead-2023\/digitalitaet\/"]}]},{"@type":"ImageObject","inLanguage":"en-US","@id":"https:\/\/bildungsmanagement.net\/en\/digilead-2023\/digitalitaet\/#primaryimage","url":"https:\/\/bildungsmanagement.net\/wp-content\/uploads\/sites\/4\/2023\/08\/digilead-bg-1.png","contentUrl":"https:\/\/bildungsmanagement.net\/wp-content\/uploads\/sites\/4\/2023\/08\/digilead-bg-1.png","width":1280,"height":720},{"@type":"BreadcrumbList","@id":"https:\/\/bildungsmanagement.net\/en\/digilead-2023\/digitalitaet\/#breadcrumb","itemListElement":[{"@type":"ListItem","position":1,"name":"Startseite","item":"https:\/\/bildungsmanagement.net\/en\/"},{"@type":"ListItem","position":2,"name":"DigiLead","item":"https:\/\/bildungsmanagement.net\/en\/digilead-2023\/"},{"@type":"ListItem","position":3,"name":"Digitalit\u00e4t"}]},{"@type":"WebSite","@id":"https:\/\/bildungsmanagement.net\/en\/#website","url":"https:\/\/bildungsmanagement.net\/en\/","name":"Education Management","description":"","potentialAction":[{"@type":"SearchAction","target":{"@type":"EntryPoint","urlTemplate":"https:\/\/bildungsmanagement.net\/en\/?s={search_term_string}"},"query-input":{"@type":"PropertyValueSpecification","valueRequired":true,"valueName":"search_term_string"}}],"inLanguage":"en-US"}]}},"_links":{"self":[{"href":"https:\/\/bildungsmanagement.net\/en\/wp-json\/wp\/v2\/pages\/7278","targetHints":{"allow":["GET"]}}],"collection":[{"href":"https:\/\/bildungsmanagement.net\/en\/wp-json\/wp\/v2\/pages"}],"about":[{"href":"https:\/\/bildungsmanagement.net\/en\/wp-json\/wp\/v2\/types\/page"}],"author":[{"embeddable":true,"href":"https:\/\/bildungsmanagement.net\/en\/wp-json\/wp\/v2\/users\/1"}],"replies":[{"embeddable":true,"href":"https:\/\/bildungsmanagement.net\/en\/wp-json\/wp\/v2\/comments?post=7278"}],"version-history":[{"count":5,"href":"https:\/\/bildungsmanagement.net\/en\/wp-json\/wp\/v2\/pages\/7278\/revisions"}],"predecessor-version":[{"id":7317,"href":"https:\/\/bildungsmanagement.net\/en\/wp-json\/wp\/v2\/pages\/7278\/revisions\/7317"}],"up":[{"embeddable":true,"href":"https:\/\/bildungsmanagement.net\/en\/wp-json\/wp\/v2\/pages\/7226"}],"wp:featuredmedia":[{"embeddable":true,"href":"https:\/\/bildungsmanagement.net\/en\/wp-json\/wp\/v2\/media\/7315"}],"wp:attachment":[{"href":"https:\/\/bildungsmanagement.net\/en\/wp-json\/wp\/v2\/media?parent=7278"}],"curies":[{"name":"wp","href":"https:\/\/api.w.org\/{rel}","templated":true}]}}