{"id":8007,"date":"2024-02-19T08:04:09","date_gmt":"2024-02-19T07:04:09","guid":{"rendered":"https:\/\/bildungsmanagement.net\/?page_id=8007"},"modified":"2025-07-16T12:09:19","modified_gmt":"2025-07-16T10:09:19","slug":"schulentwicklungsberatung-in-oesterreich","status":"publish","type":"page","link":"https:\/\/bildungsmanagement.net\/en\/schulentwicklungsberatung-in-oesterreich\/","title":{"rendered":"Schulentwicklungsberatung in \u00d6sterreich"},"content":{"rendered":"\t\t<div data-elementor-type=\"wp-page\" data-elementor-id=\"8007\" data-post-id=\"8007\" data-obj-id=\"8007\" class=\"elementor elementor-8007 dce-elementor-post-8007\" data-elementor-post-type=\"page\">\n\t\t\t\t\t\t<section class=\"elementor-section elementor-top-section elementor-element elementor-element-6f49fac elementor-section-boxed elementor-section-height-default elementor-section-height-default\" data-id=\"6f49fac\" data-element_type=\"section\" data-e-type=\"section\">\n\t\t\t\t\t\t<div class=\"elementor-container elementor-column-gap-default\">\n\t\t\t\t\t<div class=\"elementor-column elementor-col-100 elementor-top-column elementor-element elementor-element-c826c6c\" data-id=\"c826c6c\" data-element_type=\"column\" data-e-type=\"column\">\n\t\t\t<div class=\"elementor-widget-wrap elementor-element-populated\">\n\t\t\t\t\t\t<div class=\"elementor-element elementor-element-12fa510 elementor-widget elementor-widget-heading\" data-id=\"12fa510\" data-element_type=\"widget\" data-e-type=\"widget\" data-widget_type=\"heading.default\">\n\t\t\t\t<div class=\"elementor-widget-container\">\n\t\t\t\t\t<h1 class=\"elementor-heading-title elementor-size-default\">Schulentwicklungsberatung in \u00d6sterreich<\/h1>\t\t\t\t<\/div>\n\t\t\t\t<\/div>\n\t\t\t\t<div class=\"elementor-element elementor-element-5385fd6 elementor-widget elementor-widget-heading\" data-id=\"5385fd6\" data-element_type=\"widget\" data-e-type=\"widget\" data-widget_type=\"heading.default\">\n\t\t\t\t<div class=\"elementor-widget-container\">\n\t\t\t\t\t<h3 class=\"elementor-heading-title elementor-size-default\">Eine Mixed-Methods-Studie <\/h3>\t\t\t\t<\/div>\n\t\t\t\t<\/div>\n\t\t\t\t<div class=\"elementor-element elementor-element-b46b4ba elementor-widget elementor-widget-text-editor\" data-id=\"b46b4ba\" data-element_type=\"widget\" data-e-type=\"widget\" data-widget_type=\"text-editor.default\">\n\t\t\t\t<div class=\"elementor-widget-container\">\n\t\t\t\t\t\t\t\t\t<p>Die wissenschaftliche empirische Mixed-Methods-Studie befasst sich mit den Zielen, Themen, Arbeitsweisen, Rahmenbedingungen sowie dem Nutzen und den Wirkungen der Schulentwicklungsberatung aus der Sicht der Beraterinnen und Berater sowie den beratenden Schulleitungen und ihren Teams.\u00a0<\/p><h3>Design: Ziele und Methoden<\/h3><p>Ziel des vertiefenden wissenschaftlichen Beitrags zum Thema Schulentwicklungsberatung ist es, aussagekr\u00e4ftige Empfehlungen zu erarbeiten, wie und unter welchen Bedingungen Schulen unterst\u00fctzt werden k\u00f6nnen, um die Qualit\u00e4t ihrer Arbeit zu verbessern und die Bildungschancen der Sch\u00fclerinnen und Sch\u00fcler zu erh\u00f6hen.<\/p><p>Die Studie analysiert, wie sich verschiedene Merkmale der Schulentwicklungsberatung gestalten, also Kontextmerkmale (wie z.B. Rahmenbedingungen, Verpflichtungsgrad, Erwartungen), Prozessmerkmale (wie z.B. Ziele, Themen, Methoden und Arbeitsweisen, Dauer, Intensit\u00e4t) und Ergebnisqualit\u00e4ten (wie z.B. Kompetenzzuwachs, Verhaltensver\u00e4nderungen und insgesamt das Erleben von Nutzen), und welche makro- und mikrodidaktischen Merkmale zu einem Gelingen von Schulentwicklungsberatung beitragen.<\/p><p>Auf der Basis der Befunde werden generische und spezifische Erfolgsfaktoren und Gelingensbedingungen abgeleitet f\u00fcr eine Schulentwicklungsberatung mit gr\u00f6\u00dftm\u00f6glicher Passung zum schulspezifischen Bedarf und Bed\u00fcrfnis.<\/p><p>Ausgangspunkt der Studie ist die Untersuchung aktueller (laufender und abgeschlossener) Schulentwicklungsberatungsprozesse der letzten beiden Schuljahre (2021\/22 und 2022\/23) aus verschiedenen Perspektiven, n\u00e4mlich aus der der Schulleitungen, der Schulkollegien und der Berater*innen.<\/p><p>Hierf\u00fcr werden sowohl qualitative Methoden wie Interviews als auch quantitative Erhebungsinstrumente wie eine Fragebogenbefragung angewandt.\u00a0Um die T\u00e4tigkeit der Schulentwicklungsberatung zu verstehen und ihre komplexen Wirkungszusammenh\u00e4nge herauszuarbeiten, braucht es die Einsch\u00e4tzung sowohl von den Beraterinnen und Beratern wie auch von den schulischen Mitarbeitenden, welche die Beratung erlebt haben. Das multimethodische und multiperspektivische Vorgehen dient dazu, Daten zu triangulieren und Zusammenh\u00e4nge aufzeigen und verstehen zu k\u00f6nnen.\u00a0Es werden also Schulleitungen und ihre Teams sowie die Schulentwicklungsberater*innen befragt. Zus\u00e4tzlich finden Interviews mit den Koordinationspersonen an den PHs statt.<\/p><h4>a)\u00a0\u00a0\u00a0\u00a0\u00a0 Fragebogenbefragung der Schulen und Schulentwicklungsberater*innen<\/h4><p>Es wird eine Vollerhebung aller Schulen in \u00d6sterreich durchgef\u00fchrt, die in den letzten beiden Schuljahren (2021\/22 und 2022\/23) eine Schulentwicklungsberatung in Anspruch genommen haben. Der online administrierte Fragebogen befasst sich in einem umfangreicheren ersten Teil mit der Einsch\u00e4tzung der Qualit\u00e4t und des Nutzens der Schulentwicklungsberatung, vgl. Forschungsfragen. Der zweite Teil bezieht sich auf Aspekte der Arbeitssituation, der Schulentwicklung und der Schulqualit\u00e4t. Neben den Schulleitungen werden die in den Beratungsprozess eingebundenen Mitarbeitenden befragt.<\/p><h4>b)\u00a0\u00a0\u00a0\u00a0\u00a0 Interviews mit ausgew\u00e4hlten Schulen und deren Beratungspersonen<\/h4><p>Im Rahmen einer Interviewerhebung werden ausgew\u00e4hlte Schulentwicklungsberatungsprozesse betrachtet, die die Vielfalt von Schulentwicklung repr\u00e4sentieren. Diese sollen sich gem\u00e4\u00df eines \u201emost diverse\u201c Ansatzes kriterienbasiert unterscheiden. Interviewt werden in den Beratungsprozess involvierte Schulleitungen, Mitarbeitende sowie die entsprechenden Schulentwicklungsberater*innen, um exemplarische Fallstudien zu verfassen.<\/p><p>Die Studie stellt keine Evaluation von Schulentwicklungsberatungen dar und es gibt keine R\u00fcckschl\u00fcsse auf einzelne Schulentwicklungsberatungen, Schulentwicklungsberater*innen, beratene Schulen und koordinierende und organisierende Hochschulen.<\/p><h3>Datenschutz<\/h3><p>Die Befragungen werden mit der bew\u00e4hrten Online-Befragungssoftware \u201aUnipark\u2018 durchgef\u00fchrt, die den Schutz der Angaben der Befragungsteilnehmenden gew\u00e4hrleistet. Au\u00dferdem wird mit ausgew\u00e4hlten Personen ein kurzes Interview gef\u00fchrt.<\/p><p>F\u00fcr die allgemeinen (systemkontext-bezogenen) Analysen erfolgen die Auswertungen \u00fcber mehrere Schulen hinweg. Es sind daher keine R\u00fcckschl\u00fcsse auf einzelne Personen und einzelne Schulen m\u00f6glich. Die Erkenntnisse dienen der Qualit\u00e4tssicherung und Weiterentwicklung der Schulentwicklungsberatung an Schulen in \u00d6sterreich und werden im Rahmen des Nationalen Bildungsberichts 2024 berichtet.<\/p><p>Alle datenschutzrechtlichen Bestimmungen werden von uns selbstverst\u00e4ndlich beachtet. Dies hei\u00dft konkret, dass die Antworten aus dem Fragebogen<\/p><ul><li>streng vertraulich behandelt werden,<\/li><li>nur f\u00fcr den mit der Befragung verbundenen Zweck verarbeitet werden,<\/li><li>nur von Personen eingesehen werden, die im Projektkontext der obenstehenden Studie arbeiten.<\/li><\/ul><p>Wir sichern zu, dass alle befassten Personen \u00fcber die Grunds\u00e4tze f\u00fcr die Verarbeitung personenbezogener Daten gem\u00e4\u00df Art. 5 DSGVO sowie die Sicherheit der Verarbeitung unterrichtet worden sind (Art. 5 Abs. 2, Art. 24, Art. 32 DSGVO).<\/p><p>Ausf\u00fchrlichere Informationen enth\u00e4lt die <a href=\"https:\/\/bildungsmanagement.net\/wp-content\/uploads\/sites\/4\/2023\/10\/SEB-AT-Datenschutzerk-laerung-23-10-04.pdf\">Datenschutzerkl\u00e4rung<\/a>.<\/p>\t\t\t\t\t\t\t\t<\/div>\n\t\t\t\t<\/div>\n\t\t\t\t\t<\/div>\n\t\t<\/div>\n\t\t\t\t\t<\/div>\n\t\t<\/section>\n\t\t\t\t<\/div>\n\t\t","protected":false},"excerpt":{"rendered":"<p>Schulentwicklungsberatung in \u00d6sterreich Eine Mixed-Methods-Studie Die wissenschaftliche empirische Mixed-Methods-Studie befasst sich mit den Zielen, Themen, Arbeitsweisen, Rahmenbedingungen sowie dem Nutzen und den Wirkungen der Schulentwicklungsberatung aus der Sicht der Beraterinnen und Berater sowie den beratenden Schulleitungen und ihren Teams.\u00a0 Design: Ziele und Methoden Ziel des vertiefenden wissenschaftlichen Beitrags zum Thema Schulentwicklungsberatung ist es, aussagekr\u00e4ftige Empfehlungen [&hellip;]<\/p>\n","protected":false},"author":1,"featured_media":0,"parent":0,"menu_order":0,"comment_status":"closed","ping_status":"closed","template":"","meta":{"footnotes":""},"class_list":["post-8007","page","type-page","status-publish","hentry"],"yoast_head":"<!-- This site is optimized with the Yoast SEO plugin v27.1.1 - https:\/\/yoast.com\/product\/yoast-seo-wordpress\/ -->\n<title>Schulentwicklungsberatung in \u00d6sterreich - Education Management<\/title>\n<meta name=\"robots\" content=\"index, follow, max-snippet:-1, max-image-preview:large, max-video-preview:-1\" \/>\n<link rel=\"canonical\" href=\"https:\/\/bildungsmanagement.net\/en\/schulentwicklungsberatung-in-oesterreich\/\" \/>\n<meta property=\"og:locale\" content=\"en_US\" \/>\n<meta property=\"og:type\" content=\"article\" \/>\n<meta property=\"og:title\" content=\"Schulentwicklungsberatung in \u00d6sterreich - Education Management\" \/>\n<meta property=\"og:description\" content=\"Schulentwicklungsberatung in \u00d6sterreich Eine Mixed-Methods-Studie Die wissenschaftliche empirische Mixed-Methods-Studie befasst sich mit den Zielen, Themen, Arbeitsweisen, Rahmenbedingungen sowie dem Nutzen und den Wirkungen der Schulentwicklungsberatung aus der Sicht der Beraterinnen und Berater sowie den beratenden Schulleitungen und ihren Teams.\u00a0 Design: Ziele und Methoden Ziel des vertiefenden wissenschaftlichen Beitrags zum Thema Schulentwicklungsberatung ist es, aussagekr\u00e4ftige Empfehlungen [&hellip;]\" \/>\n<meta property=\"og:url\" content=\"https:\/\/bildungsmanagement.net\/en\/schulentwicklungsberatung-in-oesterreich\/\" \/>\n<meta property=\"og:site_name\" content=\"Education Management\" \/>\n<meta property=\"article:modified_time\" content=\"2025-07-16T10:09:19+00:00\" \/>\n<meta name=\"twitter:card\" content=\"summary_large_image\" \/>\n<meta name=\"twitter:label1\" content=\"Est. reading time\" \/>\n\t<meta name=\"twitter:data1\" content=\"4 minutes\" \/>\n<script type=\"application\/ld+json\" class=\"yoast-schema-graph\">{\"@context\":\"https:\/\/schema.org\",\"@graph\":[{\"@type\":\"WebPage\",\"@id\":\"https:\/\/bildungsmanagement.net\/en\/schulentwicklungsberatung-in-oesterreich\/\",\"url\":\"https:\/\/bildungsmanagement.net\/en\/schulentwicklungsberatung-in-oesterreich\/\",\"name\":\"Schulentwicklungsberatung in \u00d6sterreich - Education Management\",\"isPartOf\":{\"@id\":\"https:\/\/bildungsmanagement.net\/en\/#website\"},\"datePublished\":\"2024-02-19T07:04:09+00:00\",\"dateModified\":\"2025-07-16T10:09:19+00:00\",\"breadcrumb\":{\"@id\":\"https:\/\/bildungsmanagement.net\/en\/schulentwicklungsberatung-in-oesterreich\/#breadcrumb\"},\"inLanguage\":\"en-US\",\"potentialAction\":[{\"@type\":\"ReadAction\",\"target\":[\"https:\/\/bildungsmanagement.net\/en\/schulentwicklungsberatung-in-oesterreich\/\"]}]},{\"@type\":\"BreadcrumbList\",\"@id\":\"https:\/\/bildungsmanagement.net\/en\/schulentwicklungsberatung-in-oesterreich\/#breadcrumb\",\"itemListElement\":[{\"@type\":\"ListItem\",\"position\":1,\"name\":\"Startseite\",\"item\":\"https:\/\/bildungsmanagement.net\/en\/\"},{\"@type\":\"ListItem\",\"position\":2,\"name\":\"Schulentwicklungsberatung in \u00d6sterreich\"}]},{\"@type\":\"WebSite\",\"@id\":\"https:\/\/bildungsmanagement.net\/en\/#website\",\"url\":\"https:\/\/bildungsmanagement.net\/en\/\",\"name\":\"Education Management\",\"description\":\"\",\"potentialAction\":[{\"@type\":\"SearchAction\",\"target\":{\"@type\":\"EntryPoint\",\"urlTemplate\":\"https:\/\/bildungsmanagement.net\/en\/?s={search_term_string}\"},\"query-input\":{\"@type\":\"PropertyValueSpecification\",\"valueRequired\":true,\"valueName\":\"search_term_string\"}}],\"inLanguage\":\"en-US\"}]}<\/script>\n<!-- \/ Yoast SEO plugin. -->","yoast_head_json":{"title":"Schulentwicklungsberatung in \u00d6sterreich - Education Management","robots":{"index":"index","follow":"follow","max-snippet":"max-snippet:-1","max-image-preview":"max-image-preview:large","max-video-preview":"max-video-preview:-1"},"canonical":"https:\/\/bildungsmanagement.net\/en\/schulentwicklungsberatung-in-oesterreich\/","og_locale":"en_US","og_type":"article","og_title":"Schulentwicklungsberatung in \u00d6sterreich - Education Management","og_description":"Schulentwicklungsberatung in \u00d6sterreich Eine Mixed-Methods-Studie Die wissenschaftliche empirische Mixed-Methods-Studie befasst sich mit den Zielen, Themen, Arbeitsweisen, Rahmenbedingungen sowie dem Nutzen und den Wirkungen der Schulentwicklungsberatung aus der Sicht der Beraterinnen und Berater sowie den beratenden Schulleitungen und ihren Teams.\u00a0 Design: Ziele und Methoden Ziel des vertiefenden wissenschaftlichen Beitrags zum Thema Schulentwicklungsberatung ist es, aussagekr\u00e4ftige Empfehlungen [&hellip;]","og_url":"https:\/\/bildungsmanagement.net\/en\/schulentwicklungsberatung-in-oesterreich\/","og_site_name":"Education Management","article_modified_time":"2025-07-16T10:09:19+00:00","twitter_card":"summary_large_image","twitter_misc":{"Est. reading time":"4 minutes"},"schema":{"@context":"https:\/\/schema.org","@graph":[{"@type":"WebPage","@id":"https:\/\/bildungsmanagement.net\/en\/schulentwicklungsberatung-in-oesterreich\/","url":"https:\/\/bildungsmanagement.net\/en\/schulentwicklungsberatung-in-oesterreich\/","name":"Schulentwicklungsberatung in \u00d6sterreich - Education Management","isPartOf":{"@id":"https:\/\/bildungsmanagement.net\/en\/#website"},"datePublished":"2024-02-19T07:04:09+00:00","dateModified":"2025-07-16T10:09:19+00:00","breadcrumb":{"@id":"https:\/\/bildungsmanagement.net\/en\/schulentwicklungsberatung-in-oesterreich\/#breadcrumb"},"inLanguage":"en-US","potentialAction":[{"@type":"ReadAction","target":["https:\/\/bildungsmanagement.net\/en\/schulentwicklungsberatung-in-oesterreich\/"]}]},{"@type":"BreadcrumbList","@id":"https:\/\/bildungsmanagement.net\/en\/schulentwicklungsberatung-in-oesterreich\/#breadcrumb","itemListElement":[{"@type":"ListItem","position":1,"name":"Startseite","item":"https:\/\/bildungsmanagement.net\/en\/"},{"@type":"ListItem","position":2,"name":"Schulentwicklungsberatung in \u00d6sterreich"}]},{"@type":"WebSite","@id":"https:\/\/bildungsmanagement.net\/en\/#website","url":"https:\/\/bildungsmanagement.net\/en\/","name":"Education Management","description":"","potentialAction":[{"@type":"SearchAction","target":{"@type":"EntryPoint","urlTemplate":"https:\/\/bildungsmanagement.net\/en\/?s={search_term_string}"},"query-input":{"@type":"PropertyValueSpecification","valueRequired":true,"valueName":"search_term_string"}}],"inLanguage":"en-US"}]}},"_links":{"self":[{"href":"https:\/\/bildungsmanagement.net\/en\/wp-json\/wp\/v2\/pages\/8007","targetHints":{"allow":["GET"]}}],"collection":[{"href":"https:\/\/bildungsmanagement.net\/en\/wp-json\/wp\/v2\/pages"}],"about":[{"href":"https:\/\/bildungsmanagement.net\/en\/wp-json\/wp\/v2\/types\/page"}],"author":[{"embeddable":true,"href":"https:\/\/bildungsmanagement.net\/en\/wp-json\/wp\/v2\/users\/1"}],"replies":[{"embeddable":true,"href":"https:\/\/bildungsmanagement.net\/en\/wp-json\/wp\/v2\/comments?post=8007"}],"version-history":[{"count":31,"href":"https:\/\/bildungsmanagement.net\/en\/wp-json\/wp\/v2\/pages\/8007\/revisions"}],"predecessor-version":[{"id":9860,"href":"https:\/\/bildungsmanagement.net\/en\/wp-json\/wp\/v2\/pages\/8007\/revisions\/9860"}],"wp:attachment":[{"href":"https:\/\/bildungsmanagement.net\/en\/wp-json\/wp\/v2\/media?parent=8007"}],"curies":[{"name":"wp","href":"https:\/\/api.w.org\/{rel}","templated":true}]}}