{"id":8179,"date":"2024-03-12T18:32:46","date_gmt":"2024-03-12T17:32:46","guid":{"rendered":"https:\/\/bildungsmanagement.net\/?page_id=8179"},"modified":"2024-03-13T08:27:48","modified_gmt":"2024-03-13T07:27:48","slug":"inklusion-video","status":"publish","type":"page","link":"https:\/\/bildungsmanagement.net\/en\/inklusion-video\/","title":{"rendered":"Inklusion-Video"},"content":{"rendered":"\t\t<div data-elementor-type=\"wp-page\" data-elementor-id=\"8179\" data-post-id=\"8179\" data-obj-id=\"8179\" class=\"elementor elementor-8179 dce-elementor-post-8179\" data-elementor-post-type=\"page\">\n\t\t\t\t\t\t<section class=\"elementor-section elementor-top-section elementor-element elementor-element-89e69ca elementor-section-boxed elementor-section-height-default elementor-section-height-default\" data-id=\"89e69ca\" data-element_type=\"section\" data-e-type=\"section\">\n\t\t\t\t\t\t<div class=\"elementor-container elementor-column-gap-default\">\n\t\t\t\t\t<div class=\"elementor-column elementor-col-100 elementor-top-column elementor-element elementor-element-3110259\" data-id=\"3110259\" data-element_type=\"column\" data-e-type=\"column\">\n\t\t\t<div class=\"elementor-widget-wrap elementor-element-populated\">\n\t\t\t\t\t\t<div class=\"elementor-element elementor-element-d4f3b02 elementor-widget elementor-widget-heading\" data-id=\"d4f3b02\" data-element_type=\"widget\" data-e-type=\"widget\" data-widget_type=\"heading.default\">\n\t\t\t\t<div class=\"elementor-widget-container\">\n\t\t\t\t\t<h1 class=\"elementor-heading-title elementor-size-default\">Integrative Schule in der Schweiz. Dokumentenanalyse der kantonalen Strategien als Teil der SNF-Studie zu Inklusion<\/h1>\t\t\t\t<\/div>\n\t\t\t\t<\/div>\n\t\t\t\t<div class=\"elementor-element elementor-element-f48be28 dce_masking-none elementor-widget elementor-widget-video\" data-id=\"f48be28\" data-element_type=\"widget\" data-e-type=\"widget\" data-settings=\"{&quot;youtube_url&quot;:&quot;https:\\\/\\\/youtu.be\\\/WDVwYQv9LoM&quot;,&quot;video_type&quot;:&quot;youtube&quot;,&quot;controls&quot;:&quot;yes&quot;}\" data-widget_type=\"video.default\">\n\t\t\t\t<div class=\"elementor-widget-container\">\n\t\t\t\t\t\t\t<div class=\"elementor-wrapper elementor-open-inline\">\n\t\t\t<div class=\"elementor-video\"><\/div>\t\t<\/div>\n\t\t\t\t\t\t<\/div>\n\t\t\t\t<\/div>\n\t\t\t\t<div class=\"elementor-element elementor-element-1a158d2 elementor-widget-divider--view-line elementor-widget elementor-widget-divider\" data-id=\"1a158d2\" data-element_type=\"widget\" data-e-type=\"widget\" data-widget_type=\"divider.default\">\n\t\t\t\t<div class=\"elementor-widget-container\">\n\t\t\t\t\t\t\t<div class=\"elementor-divider\">\n\t\t\t<span class=\"elementor-divider-separator\">\n\t\t\t\t\t\t<\/span>\n\t\t<\/div>\n\t\t\t\t\t\t<\/div>\n\t\t\t\t<\/div>\n\t\t\t\t<div class=\"elementor-element elementor-element-3937f12 elementor-widget elementor-widget-heading\" data-id=\"3937f12\" data-element_type=\"widget\" data-e-type=\"widget\" data-widget_type=\"heading.default\">\n\t\t\t\t<div class=\"elementor-widget-container\">\n\t\t\t\t\t<h1 class=\"elementor-heading-title elementor-size-default\">Inklusion zwischen Anspruch und Realit\u00e4t: Interview mit Prof. Dr. Mel Ainscow<\/h1>\t\t\t\t<\/div>\n\t\t\t\t<\/div>\n\t\t\t\t<div class=\"elementor-element elementor-element-543a84d dce_masking-none elementor-widget elementor-widget-video\" data-id=\"543a84d\" data-element_type=\"widget\" data-e-type=\"widget\" data-settings=\"{&quot;youtube_url&quot;:&quot;https:\\\/\\\/youtu.be\\\/T2xIobK5dOI&quot;,&quot;video_type&quot;:&quot;youtube&quot;,&quot;controls&quot;:&quot;yes&quot;}\" data-widget_type=\"video.default\">\n\t\t\t\t<div class=\"elementor-widget-container\">\n\t\t\t\t\t\t\t<div class=\"elementor-wrapper elementor-open-inline\">\n\t\t\t<div class=\"elementor-video\"><\/div>\t\t<\/div>\n\t\t\t\t\t\t<\/div>\n\t\t\t\t<\/div>\n\t\t\t\t<div class=\"elementor-element elementor-element-d2fcabe elementor-widget-divider--view-line elementor-widget elementor-widget-divider\" data-id=\"d2fcabe\" data-element_type=\"widget\" data-e-type=\"widget\" data-widget_type=\"divider.default\">\n\t\t\t\t<div class=\"elementor-widget-container\">\n\t\t\t\t\t\t\t<div class=\"elementor-divider\">\n\t\t\t<span class=\"elementor-divider-separator\">\n\t\t\t\t\t\t<\/span>\n\t\t<\/div>\n\t\t\t\t\t\t<\/div>\n\t\t\t\t<\/div>\n\t\t\t\t<div class=\"elementor-element elementor-element-8a7bb00 elementor-widget elementor-widget-text-editor\" data-id=\"8a7bb00\" data-element_type=\"widget\" data-e-type=\"widget\" data-widget_type=\"text-editor.default\">\n\t\t\t\t<div class=\"elementor-widget-container\">\n\t\t\t\t\t\t\t\t\t<h2 style=\"font-weight: 400;\"><strong>Deutsche Gesellschaft f\u00fcr Erziehungswissenschaft 2023<\/strong><\/h2><h3 style=\"font-weight: 400;\"><strong>Transformation zu Inklusion:<\/strong><br \/><strong>Anforderungen und Ressourcen f\u00fcr Schul- und Bildungssysteme in<\/strong><\/h3><p style=\"font-weight: 400;\"><strong>Deutschland, \u00d6sterreich und der Schweiz und weiteren europ\u00e4ischen L\u00e4ndern<\/strong><\/p><p style=\"font-weight: 400;\"><em>Chair(s):\u00a0<\/em><strong>Prof. Dr. Stephan Gerhard Huber<\/strong>\u00a0(P\u00e4dagogische Hochschule Zug, Schweiz),\u00a0<strong>Prof. Dr. Kerstin Merz-Atalik<\/strong>\u00a0(P\u00e4dagogische Hochschule Ludwigsburg),\u00a0<strong>Prof. Dr. Barbara Gasteiger-Klicpera<\/strong>\u00a0(Universit\u00e4t Graz, \u00d6sterreich: Forschungszentrum f\u00fcr Inklusive Bildung Graz, \u00d6sterreich)<\/p><p style=\"font-weight: 400;\"><em>Diskutant:in(nen):\u00a0<\/em><strong>Prof. Dr. Mel Ainscow<\/strong>\u00a0(University of Glasgow, Scotland, UK),\u00a0<strong>Prof. Dr. Christopher Chapman<\/strong>\u00a0(University of Glasgow, Scotland, UK)<\/p><p style=\"font-weight: 400;\">Die Etablierung inklusiver Bildung stellt eine herausfordernde Aufgabe f\u00fcr Schulen und schulischen Akteure dar. Inklusion ist zu einem umfassenden Reformanliegen in den deutschsprachigen sowie zahlreichen europ\u00e4ischen Bildungssystemen geworden, wobei deren Entwicklungsverl\u00e4ufe in der praktischen Ausgestaltung uneinheitlich sind.<\/p><p style=\"font-weight: 400;\">Die Arbeitsgruppe befasst sich mit Fragen zu Steuerungshandeln sowie den Anforderungen und Ressourcen f\u00fcr Transformationsprozesse zu einer Steigerung von Inklusion im Bildungswesen. Vier Beitr\u00e4ge aus der DACH-Region behandeln u.a. rechtliche und konzeptionelle Rahmenbedingungen, den Beitrag digitaler Ressourcen zu digital-inklusiver Schulentwicklung, Ressourcenallokation und deren Folgen sowie Akteurskonstellationen und Prozesse in der Transformation zu einem inklusiven Bildungssystem. Neben theoretischen und methodischen Fragen werden die Bedeutung f\u00fcr den erziehungswissenschaftlichen Diskurs und die inklusive schulische Praxis diskutiert.<\/p><p style=\"font-weight: 400;\"><em>Beitr\u00e4ge des Panels<\/em><\/p><h4 style=\"font-weight: 400;\"><strong>Integrative Schule in der Schweiz. Die Rolle innovativer Schulleitung, Lehrpersonen und Fachpersonen der integrativen F\u00f6rderung f\u00fcr die Entwicklung der Qualit\u00e4t von Bildung und Schule.<\/strong><\/h4><p style=\"font-weight: 400;\"><strong><u>Prof. Dr. Stephan Gerhard Huber<\/u><\/strong><strong>, Dr. Isabella Lussi, Marius Schwander, Julia Schaub, Manuela Egger<\/strong><br \/>Institut f\u00fcr Bildungsmanagement und Bildungs\u00f6konomie IBB, P\u00e4dagogische Hochschule Zug, Schweiz<\/p><p style=\"font-weight: 400;\">Die Schweiz ist zur Entwicklung eines integrativen Bildungssystems verpflichtet. Die gesetzlichen Vorgaben daf\u00fcr sind jedoch kantonal verschieden (Wicki &amp; Antognini, 2022). Der Beitrag stellt eine Studie vor, die Rahmenbedingungen, Zielvorstellungen und Ma\u00dfnahmen f\u00fcr die Gestaltung von Inklusion in der Schule erfasst und ergr\u00fcndet, welche Rolle die Koordination durch die Schulleitung, die Kooperation im p\u00e4dagogischen Team und die Einstellungen schulischer Akteure f\u00fcr die Umsetzung spielen.<\/p><p style=\"font-weight: 400;\">Im Rahmen einer Dokumentenanalyse werden kantonale Konzepte zur inklusiven Schule auf ihr Inklusionsverst\u00e4ndnis hin untersucht (Piezunka et al., 2017) und anhand des\u00a0<em>Index for Inclusion<\/em>\u00a0(Booth &amp; Ainscow, 2011) analysiert und die darin vorgesehenen Ma\u00dfnahmen induktiv erfasst. Zus\u00e4tzlich werden Schulleitungen, Lehrpersonen und sonderp\u00e4dagogische Fachpersonen in zehn Kantonen zu ihren Einstellungen zu Inklusion, zur Koordination und Kooperation im Kollegium und zur Umsetzung im Unterricht befragt.<\/p><p style=\"font-weight: 400;\">Die Konzepte unterscheiden sich in allen untersuchten Aspekten, wobei Zielsetzungen st\u00e4rker auf Leistungsf\u00f6rderung fokussieren als auf soziale Teilhabe und Ma\u00dfnahmen eher im Unterricht angesiedelt sind als in der Organisation oder beim Personal. Das Verh\u00e4ltnis zwischen Zielsetzungen und Ma\u00dfnahmen erlaubt eine Typologisierung der Kantone nach ihrem Stand im Transformationsprozess. Die Erkenntnisse aus der Dokumentenanalyse werden mit jenen aus der Online-Befragung erg\u00e4nzt und zu ihnen in Bezug gesetzt.<\/p><h4 style=\"font-weight: 400;\"><strong>Allokation von Ressourcen f\u00fcr heil- und sonderp\u00e4dagogische Angebote in inklusiven Schulen<\/strong><\/h4><p style=\"font-weight: 400;\"><strong><u>Prof. Dr. Monika T. Wicki<\/u><\/strong><br \/>Interkantonale Hochschule f\u00fcr Heilp\u00e4dagogik, Institut f\u00fcr Professionalisierung und Systementwicklung, Z\u00fcrich, Schweiz<\/p><p style=\"font-weight: 400;\">F\u00fcr die Gestaltung inklusiver Lernsettings stehen den Schulen &#8211; vorwiegend personelle &#8211; Ressourcen zur Verf\u00fcgung, \u00fcber deren Einsatz sie im Rahmen der gesetzlichen Vorgaben selbst entscheiden k\u00f6nnen. Bisher gibt es f\u00fcr die Schulen jedoch keine evidenzbasierten Grundlagen, wie sie die Ressourcen effektiv und effizient einsetzen k\u00f6nnen. Solche Kenntnisse \u00fcber die Allokation von Ressourcen sind wichtig als Grundlagen f\u00fcr die Qualit\u00e4tssicherung und die Weiterentwicklung der regulatorischen Rahmenbedingungen.<\/p><p style=\"font-weight: 400;\">Ziel des Projektes war zu pr\u00fcfen, inwiefern die Allokation der Ressourcen die inklusive Schulung von Sch\u00fclerinnen und Sch\u00fclern beeinflusst. In f\u00fcnf Deutschschweizer Kantonen wurden Daten zur Ressourcenallokation sowie zum Umfang, zur Nutzung und zur Art der Finanzierung heil- und sonderp\u00e4dagogischer Angebote in der Volkschule erhoben. Befragt wurden Schulleitende, Lehr- und heilp\u00e4dagogische Fachpersonen.<\/p><p style=\"font-weight: 400;\">Die Daten werden deskriptiv aufbereitet. Mittels Clusteranalyse (K-Means-Verfahren) werden Typen der Allokation herausgearbeitet. Mit Varianzanalysen wird \u00fcberpr\u00fcft, ob sich diese Typen in Umfang, Nutzung und Art der Finanzierung unterscheiden.<\/p><p style=\"font-weight: 400;\">Das Projekt liefert fundierte Hinweise und Empfehlungen zur Allokation von Ressourcen in inklusiven Schulen. Dies ist vor allem deshalb von gro\u00dfer Bedeutung, da zahlreiche Kantone aktuell im Begriff sind, die regulatorischen Grundlagen zur Finanzierung, Organisation und Steuerung heilp\u00e4dagogischer Angebote neu zu formulieren.<\/p><h4 style=\"font-weight: 400;\"><strong>Ressourcen f\u00fcr eine digital-inklusive Schulentwicklung in \u00d6sterreich basierend auf den Erfahrungen von Lehrkr\u00e4ften aus dem pandemiebedingten Fernunterricht<\/strong><\/h4><p style=\"font-weight: 400;\"><strong><u>Lea Hochgatterer<\/u><\/strong><strong>,\u00a0<u>Franziska Reitegger<\/u>,\u00a0<u>Prof. Dr. Barbara Gasteiger-Klicpera<\/u><\/strong><br \/>Universit\u00e4t Graz, \u00d6sterreich; Forschungszentrum f\u00fcr Inklusive Bildung Graz, \u00d6sterreich<\/p><p style=\"font-weight: 400;\">Die digitale Transformation des Unterrichts kann schulische Inklusion f\u00f6rdern, indem die Teilhabe am sozialen Leben maximiert, Diskriminierung reduziert und Bildungschancen erh\u00f6ht werden (Arndt &amp; Werning, 2017; Ainscow et al., 2006; Hartung et al., 2021). Allerdings sind mit dieser Transformation umfangreiche Herausforderungen verbunden, die w\u00e4hrend des pandemiebedingten Fernunterrichts deutlich wurden (Huber et al., 2020).<\/p><p style=\"font-weight: 400;\">Dieser Beitrag widmet sich der Analyse der Erfahrungen \u00f6sterreichischer Lehrpersonen mit dem Einsatz digitaler Ressourcen im Fernunterricht sowie der Frage, wie diese Erfahrungen zur digital-inklusiven-Schulentwicklung beitragen k\u00f6nnen. Dazu werden die qualitativen Ergebnisse einer Interviewstudie von Lehrkr\u00e4ften (N=16) der Primar- und Sekundarstufe herangezogen, welche im Rahmen eines Mixed-Methods Forschungsprojekts von April 2021 bis J\u00e4nner 2022 erhoben wurden. Erg\u00e4nzend werden Ergebnisse der quantitativen Erhebung von 51 Lehrpersonen berichtet.<\/p><p style=\"font-weight: 400;\">Die Lehrkr\u00e4fte berichteten von positiven Erfahrungen mit digital-inklusiven Praktiken, die zu einem nachhaltigen schulischen Entwicklungsprozess gef\u00fchrt haben. Eine enge Zusammenarbeit mit allen Beteiligten und die Nutzung digitaler Kommunikationskan\u00e4le konnten als wichtige Gelingensfaktoren zur F\u00f6rderung einer inklusiven Schulentwicklung identifiziert werden. Entscheidend scheint zudem die Fokussierung auf vorhandene Ressourcen und St\u00e4rken zu sein, um inklusiv-digitale Schulentwicklung weiterzuentwickeln.\u00a0<\/p><h4 style=\"font-weight: 400;\"><strong>Akteurskonstellationen und Prozesse der Transformation zu einem inklusiven Bildungssystem in Deutschland und weiteren europ\u00e4ischen L\u00e4ndern<\/strong><\/h4><p style=\"font-weight: 400;\"><strong><u>Prof. Dr. Kerstin Merz-Atalik<\/u><\/strong><strong><sup>1<\/sup><\/strong><strong>,\u00a0<u>Prof. Silvia Kopp-Sixt<\/u><sup>2<\/sup>,\u00a0<u>Prof. Dr. Heike Tiemann<\/u><sup>3<\/sup>,\u00a0<u>Katja Beck<\/u><sup>1<\/sup><\/strong><br \/><sup>1<\/sup>P\u00e4dagogische Hochschule Ludwigsburg,\u00a0<sup>2<\/sup>P\u00e4dagogische Hochschule Steiermark, \u00d6sterreich,\u00a0<sup>3<\/sup>Universit\u00e4t Leipzig<\/p><p style=\"font-weight: 400;\">Reformen zur Implementierung eines inklusiven Bildungssystems k\u00f6nnen als `konfliktreiche Reformprogramme\u00b4 (R\u00fcrup 2011) gesehen werden. Steuerung erweist sich hierbei h\u00e4ufig als \u00fcberkomplex, da vielf\u00e4ltige Ebenen der Bildungssysteme und ihrer Verwaltung, Organisationen und einzelne Akteure als auch Akteursgruppen eingebunden sind. F\u00fcr die angestrebte Transformation erscheint die Ber\u00fccksichtigung der Effekte f\u00fcr alle Akteure im Change-Management notwendig. Das Projekt GovInEd erzielt Erkenntnisse \u00fcber die Steuerungsprozesse und die Handlungskoordination in den Mehrebenensystemen in Baden-W\u00fcrttemberg (Deutschland), S\u00fcdtirol (Italien), Steiermark (\u00d6sterreich) und Barcelona (Spanien). Im Rahmen der ErasmusPlus kooperativen Partnerschaft (2022-2024) wurden mit einem qualitativen Ansatz, der \u201ePartizipativen Mehrebenen-Netzwerk-Analyse\u201c (PMNA) (Merz-Atalik &amp; Beck, 2023), unter Beteiligung der Akteure die Strukturen, Prozesse und Interdependenzen in den Schulverwaltungsregionen erhoben, sowie auf der Basis von Dimensionen effektiver Governance gegen\u00fcbergestellt und diskutiert. Der internationale Vergleich soll dazu beitragen effektives Steuerungshandeln zu erkennen. Im Vortrag wird das Projekt, die grundlegenden (forschungs-)methodischen und wissenschaftstheoretischen Zugangsweisen, sowie erste Ergebnisse pr\u00e4sentiert.<\/p>\t\t\t\t\t\t\t\t<\/div>\n\t\t\t\t<\/div>\n\t\t\t\t\t<\/div>\n\t\t<\/div>\n\t\t\t\t\t<\/div>\n\t\t<\/section>\n\t\t\t\t<\/div>\n\t\t","protected":false},"excerpt":{"rendered":"<p>Integrative Schule in der Schweiz. Dokumentenanalyse der kantonalen Strategien als Teil der SNF-Studie zu Inklusion Inklusion zwischen Anspruch und Realit\u00e4t: Interview mit Prof. Dr. Mel Ainscow Deutsche Gesellschaft f\u00fcr Erziehungswissenschaft 2023 Transformation zu Inklusion:Anforderungen und Ressourcen f\u00fcr Schul- und Bildungssysteme in Deutschland, \u00d6sterreich und der Schweiz und weiteren europ\u00e4ischen L\u00e4ndern Chair(s):\u00a0Prof. Dr. Stephan Gerhard Huber\u00a0(P\u00e4dagogische [&hellip;]<\/p>\n","protected":false},"author":1,"featured_media":0,"parent":0,"menu_order":0,"comment_status":"closed","ping_status":"closed","template":"","meta":{"footnotes":""},"class_list":["post-8179","page","type-page","status-publish","hentry"],"yoast_head":"<!-- This site is optimized with the Yoast SEO plugin v27.1.1 - https:\/\/yoast.com\/product\/yoast-seo-wordpress\/ -->\n<title>Inklusion-Video - Education Management<\/title>\n<meta name=\"robots\" content=\"index, follow, max-snippet:-1, max-image-preview:large, max-video-preview:-1\" \/>\n<link rel=\"canonical\" href=\"https:\/\/bildungsmanagement.net\/en\/inklusion-video\/\" \/>\n<meta property=\"og:locale\" content=\"en_US\" \/>\n<meta property=\"og:type\" content=\"article\" \/>\n<meta property=\"og:title\" content=\"Inklusion-Video - Education Management\" \/>\n<meta property=\"og:description\" content=\"Integrative Schule in der Schweiz. Dokumentenanalyse der kantonalen Strategien als Teil der SNF-Studie zu Inklusion Inklusion zwischen Anspruch und Realit\u00e4t: Interview mit Prof. Dr. Mel Ainscow Deutsche Gesellschaft f\u00fcr Erziehungswissenschaft 2023 Transformation zu Inklusion:Anforderungen und Ressourcen f\u00fcr Schul- und Bildungssysteme in Deutschland, \u00d6sterreich und der Schweiz und weiteren europ\u00e4ischen L\u00e4ndern Chair(s):\u00a0Prof. Dr. Stephan Gerhard Huber\u00a0(P\u00e4dagogische [&hellip;]\" \/>\n<meta property=\"og:url\" content=\"https:\/\/bildungsmanagement.net\/en\/inklusion-video\/\" \/>\n<meta property=\"og:site_name\" content=\"Education Management\" \/>\n<meta property=\"article:modified_time\" content=\"2024-03-13T07:27:48+00:00\" \/>\n<meta name=\"twitter:card\" content=\"summary_large_image\" \/>\n<meta name=\"twitter:label1\" content=\"Est. reading time\" \/>\n\t<meta name=\"twitter:data1\" content=\"6 minutes\" \/>\n<script type=\"application\/ld+json\" class=\"yoast-schema-graph\">{\"@context\":\"https:\/\/schema.org\",\"@graph\":[{\"@type\":\"WebPage\",\"@id\":\"https:\/\/bildungsmanagement.net\/en\/inklusion-video\/\",\"url\":\"https:\/\/bildungsmanagement.net\/en\/inklusion-video\/\",\"name\":\"Inklusion-Video - Education Management\",\"isPartOf\":{\"@id\":\"https:\/\/bildungsmanagement.net\/en\/#website\"},\"datePublished\":\"2024-03-12T17:32:46+00:00\",\"dateModified\":\"2024-03-13T07:27:48+00:00\",\"breadcrumb\":{\"@id\":\"https:\/\/bildungsmanagement.net\/en\/inklusion-video\/#breadcrumb\"},\"inLanguage\":\"en-US\",\"potentialAction\":[{\"@type\":\"ReadAction\",\"target\":[\"https:\/\/bildungsmanagement.net\/en\/inklusion-video\/\"]}]},{\"@type\":\"BreadcrumbList\",\"@id\":\"https:\/\/bildungsmanagement.net\/en\/inklusion-video\/#breadcrumb\",\"itemListElement\":[{\"@type\":\"ListItem\",\"position\":1,\"name\":\"Startseite\",\"item\":\"https:\/\/bildungsmanagement.net\/en\/\"},{\"@type\":\"ListItem\",\"position\":2,\"name\":\"Inklusion-Video\"}]},{\"@type\":\"WebSite\",\"@id\":\"https:\/\/bildungsmanagement.net\/en\/#website\",\"url\":\"https:\/\/bildungsmanagement.net\/en\/\",\"name\":\"Education Management\",\"description\":\"\",\"potentialAction\":[{\"@type\":\"SearchAction\",\"target\":{\"@type\":\"EntryPoint\",\"urlTemplate\":\"https:\/\/bildungsmanagement.net\/en\/?s={search_term_string}\"},\"query-input\":{\"@type\":\"PropertyValueSpecification\",\"valueRequired\":true,\"valueName\":\"search_term_string\"}}],\"inLanguage\":\"en-US\"}]}<\/script>\n<!-- \/ Yoast SEO plugin. -->","yoast_head_json":{"title":"Inklusion-Video - Education Management","robots":{"index":"index","follow":"follow","max-snippet":"max-snippet:-1","max-image-preview":"max-image-preview:large","max-video-preview":"max-video-preview:-1"},"canonical":"https:\/\/bildungsmanagement.net\/en\/inklusion-video\/","og_locale":"en_US","og_type":"article","og_title":"Inklusion-Video - Education Management","og_description":"Integrative Schule in der Schweiz. Dokumentenanalyse der kantonalen Strategien als Teil der SNF-Studie zu Inklusion Inklusion zwischen Anspruch und Realit\u00e4t: Interview mit Prof. Dr. Mel Ainscow Deutsche Gesellschaft f\u00fcr Erziehungswissenschaft 2023 Transformation zu Inklusion:Anforderungen und Ressourcen f\u00fcr Schul- und Bildungssysteme in Deutschland, \u00d6sterreich und der Schweiz und weiteren europ\u00e4ischen L\u00e4ndern Chair(s):\u00a0Prof. Dr. Stephan Gerhard Huber\u00a0(P\u00e4dagogische [&hellip;]","og_url":"https:\/\/bildungsmanagement.net\/en\/inklusion-video\/","og_site_name":"Education Management","article_modified_time":"2024-03-13T07:27:48+00:00","twitter_card":"summary_large_image","twitter_misc":{"Est. reading time":"6 minutes"},"schema":{"@context":"https:\/\/schema.org","@graph":[{"@type":"WebPage","@id":"https:\/\/bildungsmanagement.net\/en\/inklusion-video\/","url":"https:\/\/bildungsmanagement.net\/en\/inklusion-video\/","name":"Inklusion-Video - Education Management","isPartOf":{"@id":"https:\/\/bildungsmanagement.net\/en\/#website"},"datePublished":"2024-03-12T17:32:46+00:00","dateModified":"2024-03-13T07:27:48+00:00","breadcrumb":{"@id":"https:\/\/bildungsmanagement.net\/en\/inklusion-video\/#breadcrumb"},"inLanguage":"en-US","potentialAction":[{"@type":"ReadAction","target":["https:\/\/bildungsmanagement.net\/en\/inklusion-video\/"]}]},{"@type":"BreadcrumbList","@id":"https:\/\/bildungsmanagement.net\/en\/inklusion-video\/#breadcrumb","itemListElement":[{"@type":"ListItem","position":1,"name":"Startseite","item":"https:\/\/bildungsmanagement.net\/en\/"},{"@type":"ListItem","position":2,"name":"Inklusion-Video"}]},{"@type":"WebSite","@id":"https:\/\/bildungsmanagement.net\/en\/#website","url":"https:\/\/bildungsmanagement.net\/en\/","name":"Education Management","description":"","potentialAction":[{"@type":"SearchAction","target":{"@type":"EntryPoint","urlTemplate":"https:\/\/bildungsmanagement.net\/en\/?s={search_term_string}"},"query-input":{"@type":"PropertyValueSpecification","valueRequired":true,"valueName":"search_term_string"}}],"inLanguage":"en-US"}]}},"_links":{"self":[{"href":"https:\/\/bildungsmanagement.net\/en\/wp-json\/wp\/v2\/pages\/8179","targetHints":{"allow":["GET"]}}],"collection":[{"href":"https:\/\/bildungsmanagement.net\/en\/wp-json\/wp\/v2\/pages"}],"about":[{"href":"https:\/\/bildungsmanagement.net\/en\/wp-json\/wp\/v2\/types\/page"}],"author":[{"embeddable":true,"href":"https:\/\/bildungsmanagement.net\/en\/wp-json\/wp\/v2\/users\/1"}],"replies":[{"embeddable":true,"href":"https:\/\/bildungsmanagement.net\/en\/wp-json\/wp\/v2\/comments?post=8179"}],"version-history":[{"count":13,"href":"https:\/\/bildungsmanagement.net\/en\/wp-json\/wp\/v2\/pages\/8179\/revisions"}],"predecessor-version":[{"id":8193,"href":"https:\/\/bildungsmanagement.net\/en\/wp-json\/wp\/v2\/pages\/8179\/revisions\/8193"}],"wp:attachment":[{"href":"https:\/\/bildungsmanagement.net\/en\/wp-json\/wp\/v2\/media?parent=8179"}],"curies":[{"name":"wp","href":"https:\/\/api.w.org\/{rel}","templated":true}]}}