{"id":8519,"date":"2024-04-19T08:31:30","date_gmt":"2024-04-19T06:31:30","guid":{"rendered":"https:\/\/bildungsmanagement.net\/lectures\/"},"modified":"2024-04-19T08:31:33","modified_gmt":"2024-04-19T06:31:33","slug":"lectures","status":"publish","type":"page","link":"https:\/\/bildungsmanagement.net\/en\/lectures\/","title":{"rendered":"Lectures"},"content":{"rendered":"\t\t<div data-elementor-type=\"wp-page\" data-elementor-id=\"8519\" data-post-id=\"8519\" data-obj-id=\"8519\" class=\"elementor elementor-8519 dce-elementor-post-8519 elementor-7141\" data-elementor-post-type=\"page\">\n\t\t\t\t\t\t<section class=\"elementor-section elementor-top-section elementor-element elementor-element-a4b0fc6 elementor-section-boxed elementor-section-height-default elementor-section-height-default\" data-id=\"a4b0fc6\" data-element_type=\"section\" data-e-type=\"section\">\n\t\t\t\t\t\t<div class=\"elementor-container elementor-column-gap-default\">\n\t\t\t\t\t<div class=\"elementor-column elementor-col-100 elementor-top-column elementor-element elementor-element-a6f92cd\" data-id=\"a6f92cd\" data-element_type=\"column\" data-e-type=\"column\">\n\t\t\t<div class=\"elementor-widget-wrap elementor-element-populated\">\n\t\t\t\t\t\t<div class=\"elementor-element elementor-element-c6bf906 elementor-widget elementor-widget-heading\" data-id=\"c6bf906\" data-element_type=\"widget\" data-e-type=\"widget\" data-widget_type=\"heading.default\">\n\t\t\t\t<div class=\"elementor-widget-container\">\n\t\t\t\t\t<h1 class=\"elementor-heading-title elementor-size-default\">Lectures<\/h1>\t\t\t\t<\/div>\n\t\t\t\t<\/div>\n\t\t\t\t\t<\/div>\n\t\t<\/div>\n\t\t\t\t\t<\/div>\n\t\t<\/section>\n\t\t\t\t<section class=\"elementor-section elementor-top-section elementor-element elementor-element-78f8d78 elementor-section-boxed elementor-section-height-default elementor-section-height-default\" data-id=\"78f8d78\" data-element_type=\"section\" data-e-type=\"section\">\n\t\t\t\t\t\t<div class=\"elementor-container elementor-column-gap-default\">\n\t\t\t\t\t<div class=\"elementor-column elementor-col-100 elementor-top-column elementor-element elementor-element-a8b3116\" data-id=\"a8b3116\" data-element_type=\"column\" data-e-type=\"column\">\n\t\t\t<div class=\"elementor-widget-wrap elementor-element-populated\">\n\t\t\t\t\t\t<div class=\"elementor-element elementor-element-4d4f941 elementor-widget elementor-widget-text-editor\" data-id=\"4d4f941\" data-element_type=\"widget\" data-e-type=\"widget\" data-widget_type=\"text-editor.default\">\n\t\t\t\t<div class=\"elementor-widget-container\">\n\t\t\t\t\t\t\t\t\t<p>Im Kontext der Forschungst\u00e4tigkeit sowie der Beratungs- und Unterst\u00fctzungsangebote fliessen Ergebnisse, Erkenntnisse und Empfehlungen ein in Vortr\u00e4ge und Pr\u00e4sentationen im Rahmen von wissenschaftlichen Tagungen und Kongressen, aber auch im Rahmen von Qualifizierungen, Tagungen und Konferenzen der Bildungspolitik und -praxis sowie gemischter Auditorien.<\/p>\n<p>So war und ist Stephan Huber Keynote Speaker bei wissenschaftlichen Fachtagungen und Kongressen, z.B. der der British Educational Leadership, Management and Administration Society (BELMAS), des European Policy Network on School Leadership (EPNoSL), des International Successful School Principal Project (ISSPP), des Asia Leadership Roundtable (ALR) sowie bei Gro\u00dfveranstaltungen von nationalen Initiativen, Ministerien, Beh\u00f6rden, Verb\u00e4nden, Akademien staatlichen Einrichtungen und Stiftungen. Er h\u00e4lt Fachvortr\u00e4ge bei einschl\u00e4gigen Kongressen, z.B. der American Educational Research Association (AERA), des Commonwealth Council for Educational Administration and Management (CCEAM), der European Educational Research Association (EERA), des International Congress for School Effectiveness and Improvement (ICSEI), der Schweizerischen Gesellschaft f\u00fcr Bildungsforschung (SGBF) sowie der Deutschen Gesellschaft f\u00fcr Erziehungswissenschaft (DGfE).<\/p>\n<p>Anfragen f\u00fcr Vortr\u00e4ge richten Sie bitte an folgende E-Mail-Adresse: <a href=\"mailto:Vortrag@Bildungsmanagement.net\">Vortrag@Bildungsmanagement.net<\/a><\/p>\n<p>Eine Auswahl an Vortr\u00e4gen von Stephan Huber finden Sie hier:<\/p>\n\t\t\t\t\t\t\t\t<\/div>\n\t\t\t\t<\/div>\n\t\t\t\t<section class=\"elementor-section elementor-inner-section elementor-element elementor-element-f13f092 elementor-section-boxed elementor-section-height-default elementor-section-height-default\" data-id=\"f13f092\" data-element_type=\"section\" data-e-type=\"section\">\n\t\t\t\t\t\t<div class=\"elementor-container elementor-column-gap-default\">\n\t\t\t\t\t<div class=\"elementor-column elementor-col-50 elementor-inner-column elementor-element elementor-element-56942b6\" data-id=\"56942b6\" data-element_type=\"column\" data-e-type=\"column\">\n\t\t\t<div class=\"elementor-widget-wrap elementor-element-populated\">\n\t\t\t\t\t\t<div class=\"elementor-element elementor-element-2c3c1cb dce_masking-none elementor-widget elementor-widget-video\" data-id=\"2c3c1cb\" data-element_type=\"widget\" data-e-type=\"widget\" data-settings=\"{&quot;youtube_url&quot;:&quot;https:\\\/\\\/youtu.be\\\/cSCnIkPV-3k&quot;,&quot;video_type&quot;:&quot;youtube&quot;,&quot;controls&quot;:&quot;yes&quot;}\" data-widget_type=\"video.default\">\n\t\t\t\t<div class=\"elementor-widget-container\">\n\t\t\t\t\t\t\t<div class=\"elementor-wrapper elementor-open-inline\">\n\t\t\t<div class=\"elementor-video\"><\/div>\t\t<\/div>\n\t\t\t\t\t\t<\/div>\n\t\t\t\t<\/div>\n\t\t\t\t\t<\/div>\n\t\t<\/div>\n\t\t\t\t<div class=\"elementor-column elementor-col-50 elementor-inner-column elementor-element elementor-element-05e505e\" data-id=\"05e505e\" data-element_type=\"column\" data-e-type=\"column\">\n\t\t\t<div class=\"elementor-widget-wrap elementor-element-populated\">\n\t\t\t\t\t\t<div class=\"elementor-element elementor-element-b5e3f03 elementor-widget elementor-widget-text-editor\" data-id=\"b5e3f03\" data-element_type=\"widget\" data-e-type=\"widget\" data-widget_type=\"text-editor.default\">\n\t\t\t\t<div class=\"elementor-widget-container\">\n\t\t\t\t\t\t\t\t\t<p style=\"font-weight: 400;\"><strong>Zukunft der Bildung \u2013 Schule der Zukunft: Trends, Herausforderungen und Empfehlungen<\/strong><\/p>\n<p style=\"font-weight: 400;\">Vortrag im Rahmen der Konferenz EduTrends des Minist\u00e8re de l\u2019\u00c9ducation nationale, de l\u2019Enfance et de la Jeunesse Luxembourg vom 3. bis 4. Juli 2023 in Kirchberg, Luxembourg.<\/p>\n\t\t\t\t\t\t\t\t<\/div>\n\t\t\t\t<\/div>\n\t\t\t\t\t<\/div>\n\t\t<\/div>\n\t\t\t\t\t<\/div>\n\t\t<\/section>\n\t\t\t\t<section class=\"elementor-section elementor-inner-section elementor-element elementor-element-a7c54d5 elementor-section-boxed elementor-section-height-default elementor-section-height-default\" data-id=\"a7c54d5\" data-element_type=\"section\" data-e-type=\"section\">\n\t\t\t\t\t\t<div class=\"elementor-container elementor-column-gap-default\">\n\t\t\t\t\t<div class=\"elementor-column elementor-col-50 elementor-inner-column elementor-element elementor-element-9d89894\" data-id=\"9d89894\" data-element_type=\"column\" data-e-type=\"column\">\n\t\t\t<div class=\"elementor-widget-wrap elementor-element-populated\">\n\t\t\t\t\t\t<div class=\"elementor-element elementor-element-d35b3af dce_masking-none elementor-widget elementor-widget-video\" data-id=\"d35b3af\" data-element_type=\"widget\" data-e-type=\"widget\" data-settings=\"{&quot;youtube_url&quot;:&quot;https:\\\/\\\/www.youtube.com\\\/watch?v=vf37JbHGZa8&quot;,&quot;video_type&quot;:&quot;youtube&quot;,&quot;controls&quot;:&quot;yes&quot;}\" data-widget_type=\"video.default\">\n\t\t\t\t<div class=\"elementor-widget-container\">\n\t\t\t\t\t\t\t<div class=\"elementor-wrapper elementor-open-inline\">\n\t\t\t<div class=\"elementor-video\"><\/div>\t\t<\/div>\n\t\t\t\t\t\t<\/div>\n\t\t\t\t<\/div>\n\t\t\t\t\t<\/div>\n\t\t<\/div>\n\t\t\t\t<div class=\"elementor-column elementor-col-50 elementor-inner-column elementor-element elementor-element-07e57aa\" data-id=\"07e57aa\" data-element_type=\"column\" data-e-type=\"column\">\n\t\t\t<div class=\"elementor-widget-wrap elementor-element-populated\">\n\t\t\t\t\t\t<div class=\"elementor-element elementor-element-2b5f708 elementor-widget elementor-widget-text-editor\" data-id=\"2b5f708\" data-element_type=\"widget\" data-e-type=\"widget\" data-widget_type=\"text-editor.default\">\n\t\t\t\t<div class=\"elementor-widget-container\">\n\t\t\t\t\t\t\t\t\t<p><strong>Impulse zur Zusammenarbeit von Schulleitung und Schulqualit\u00e4tsmanager<\/strong><\/p>\n<p>Vortrag im Rahmen des Schulaufsichtskongresses 2023 des Bundesministeriums f\u00fcr Bildung, Wissenschaft und Forschung der Republik \u00d6sterreich vom 11. bis. 14. Juli 2023 in Wels, \u00d6sterreich.<\/p>\n\t\t\t\t\t\t\t\t<\/div>\n\t\t\t\t<\/div>\n\t\t\t\t\t<\/div>\n\t\t<\/div>\n\t\t\t\t\t<\/div>\n\t\t<\/section>\n\t\t\t\t<section class=\"elementor-section elementor-inner-section elementor-element elementor-element-f5542f5 elementor-section-boxed elementor-section-height-default elementor-section-height-default\" data-id=\"f5542f5\" data-element_type=\"section\" data-e-type=\"section\">\n\t\t\t\t\t\t<div class=\"elementor-container elementor-column-gap-default\">\n\t\t\t\t\t<div class=\"elementor-column elementor-col-50 elementor-inner-column elementor-element elementor-element-1bc5fbc\" data-id=\"1bc5fbc\" data-element_type=\"column\" data-e-type=\"column\">\n\t\t\t<div class=\"elementor-widget-wrap elementor-element-populated\">\n\t\t\t\t\t\t<div class=\"elementor-element elementor-element-0595c32 dce_masking-none elementor-widget elementor-widget-video\" data-id=\"0595c32\" data-element_type=\"widget\" data-e-type=\"widget\" data-settings=\"{&quot;youtube_url&quot;:&quot;https:\\\/\\\/youtu.be\\\/xdGysfhpkfM&quot;,&quot;video_type&quot;:&quot;youtube&quot;,&quot;controls&quot;:&quot;yes&quot;}\" data-widget_type=\"video.default\">\n\t\t\t\t<div class=\"elementor-widget-container\">\n\t\t\t\t\t\t\t<div class=\"elementor-wrapper elementor-open-inline\">\n\t\t\t<div class=\"elementor-video\"><\/div>\t\t<\/div>\n\t\t\t\t\t\t<\/div>\n\t\t\t\t<\/div>\n\t\t\t\t\t<\/div>\n\t\t<\/div>\n\t\t\t\t<div class=\"elementor-column elementor-col-50 elementor-inner-column elementor-element elementor-element-0349a72\" data-id=\"0349a72\" data-element_type=\"column\" data-e-type=\"column\">\n\t\t\t<div class=\"elementor-widget-wrap elementor-element-populated\">\n\t\t\t\t\t\t<div class=\"elementor-element elementor-element-66cf482 elementor-widget elementor-widget-text-editor\" data-id=\"66cf482\" data-element_type=\"widget\" data-e-type=\"widget\" data-widget_type=\"text-editor.default\">\n\t\t\t\t<div class=\"elementor-widget-container\">\n\t\t\t\t\t\t\t\t\t<p><strong>Die Zukunft der Schule gestalten: Empfehlungen zur Arbeit mit der BIO-Strategie \u2013 Schulentwicklung in der Balance von Bewahren, Optimieren, Innovieren.<\/strong><\/p>\n<p>Vortrag im Rahmen der 10. Berliner Schulleitungstagung des LISUM Berlin-Brandenburg in Kooperation mit der Heinrich-B\u00f6ll-Stiftung und dem LI Hamburg vom 14. bis. 15. September 2022 in Berlin.<\/p>\n\t\t\t\t\t\t\t\t<\/div>\n\t\t\t\t<\/div>\n\t\t\t\t\t<\/div>\n\t\t<\/div>\n\t\t\t\t\t<\/div>\n\t\t<\/section>\n\t\t\t\t<section class=\"elementor-section elementor-inner-section elementor-element elementor-element-d06dc33 elementor-section-boxed elementor-section-height-default elementor-section-height-default\" data-id=\"d06dc33\" data-element_type=\"section\" data-e-type=\"section\">\n\t\t\t\t\t\t<div class=\"elementor-container elementor-column-gap-default\">\n\t\t\t\t\t<div class=\"elementor-column elementor-col-50 elementor-inner-column elementor-element elementor-element-61ac8e2\" data-id=\"61ac8e2\" data-element_type=\"column\" data-e-type=\"column\">\n\t\t\t<div class=\"elementor-widget-wrap elementor-element-populated\">\n\t\t\t\t\t\t<div class=\"elementor-element elementor-element-e30ad2e dce_masking-none elementor-widget elementor-widget-video\" data-id=\"e30ad2e\" data-element_type=\"widget\" data-e-type=\"widget\" data-settings=\"{&quot;youtube_url&quot;:&quot;https:\\\/\\\/youtu.be\\\/K_vXNsDlS08&quot;,&quot;video_type&quot;:&quot;youtube&quot;,&quot;controls&quot;:&quot;yes&quot;}\" data-widget_type=\"video.default\">\n\t\t\t\t<div class=\"elementor-widget-container\">\n\t\t\t\t\t\t\t<div class=\"elementor-wrapper elementor-open-inline\">\n\t\t\t<div class=\"elementor-video\"><\/div>\t\t<\/div>\n\t\t\t\t\t\t<\/div>\n\t\t\t\t<\/div>\n\t\t\t\t\t<\/div>\n\t\t<\/div>\n\t\t\t\t<div class=\"elementor-column elementor-col-50 elementor-inner-column elementor-element elementor-element-65dee6f\" data-id=\"65dee6f\" data-element_type=\"column\" data-e-type=\"column\">\n\t\t\t<div class=\"elementor-widget-wrap elementor-element-populated\">\n\t\t\t\t\t\t<div class=\"elementor-element elementor-element-347adc6 elementor-widget elementor-widget-text-editor\" data-id=\"347adc6\" data-element_type=\"widget\" data-e-type=\"widget\" data-widget_type=\"text-editor.default\">\n\t\t\t\t<div class=\"elementor-widget-container\">\n\t\t\t\t\t\t\t\t\t<p><strong>Zusammen den digitalen Wandel gestalten, Netzwerke aufbauen, Kompetenzen b\u00fcndeln, Schule gemeinsam entwickeln. 12 plus Impulse.<\/strong><\/p>\n<p>Keynote im Rahmen der Digitalen Fortbildungsoffensive DFO f\u00fcr Schulleitungen des Landes Nordrhein-Westfalen, Live-Input zur digitalen Fortbildungsveranstaltung vom 21. bis 24. November 2022.<\/p>\n\t\t\t\t\t\t\t\t<\/div>\n\t\t\t\t<\/div>\n\t\t\t\t\t<\/div>\n\t\t<\/div>\n\t\t\t\t\t<\/div>\n\t\t<\/section>\n\t\t\t\t<section class=\"elementor-section elementor-inner-section elementor-element elementor-element-100ba59 elementor-section-boxed elementor-section-height-default elementor-section-height-default\" data-id=\"100ba59\" data-element_type=\"section\" data-e-type=\"section\">\n\t\t\t\t\t\t<div class=\"elementor-container elementor-column-gap-default\">\n\t\t\t\t\t<div class=\"elementor-column elementor-col-50 elementor-inner-column elementor-element elementor-element-22872dd\" data-id=\"22872dd\" data-element_type=\"column\" data-e-type=\"column\">\n\t\t\t<div class=\"elementor-widget-wrap elementor-element-populated\">\n\t\t\t\t\t\t<div class=\"elementor-element elementor-element-3f08344 dce_masking-none elementor-widget elementor-widget-video\" data-id=\"3f08344\" data-element_type=\"widget\" data-e-type=\"widget\" data-settings=\"{&quot;youtube_url&quot;:&quot;https:\\\/\\\/www.youtube.com\\\/watch?v=0UQAwE0cQ-o&quot;,&quot;video_type&quot;:&quot;youtube&quot;,&quot;controls&quot;:&quot;yes&quot;}\" data-widget_type=\"video.default\">\n\t\t\t\t<div class=\"elementor-widget-container\">\n\t\t\t\t\t\t\t<div class=\"elementor-wrapper elementor-open-inline\">\n\t\t\t<div class=\"elementor-video\"><\/div>\t\t<\/div>\n\t\t\t\t\t\t<\/div>\n\t\t\t\t<\/div>\n\t\t\t\t\t<\/div>\n\t\t<\/div>\n\t\t\t\t<div class=\"elementor-column elementor-col-50 elementor-inner-column elementor-element elementor-element-31abe83\" data-id=\"31abe83\" data-element_type=\"column\" data-e-type=\"column\">\n\t\t\t<div class=\"elementor-widget-wrap elementor-element-populated\">\n\t\t\t\t\t\t<div class=\"elementor-element elementor-element-8977f32 elementor-widget elementor-widget-text-editor\" data-id=\"8977f32\" data-element_type=\"widget\" data-e-type=\"widget\" data-widget_type=\"text-editor.default\">\n\t\t\t\t<div class=\"elementor-widget-container\">\n\t\t\t\t\t\t\t\t\t<p><strong>Bildung 5.0? Zukunft des Lernens \u2013 Zukunft der Schule.<\/strong><\/p>\n<p>Er\u00f6ffnungsvortrag im Rahmen des World Education Leadership Symposiums vom 7. bis. 9. September 2017 in Zug.<\/p>\n\t\t\t\t\t\t\t\t<\/div>\n\t\t\t\t<\/div>\n\t\t\t\t\t<\/div>\n\t\t<\/div>\n\t\t\t\t\t<\/div>\n\t\t<\/section>\n\t\t\t\t\t<\/div>\n\t\t<\/div>\n\t\t\t\t\t<\/div>\n\t\t<\/section>\n\t\t\t\t<\/div>\n\t\t","protected":false},"excerpt":{"rendered":"<p>Lectures Im Kontext der Forschungst\u00e4tigkeit sowie der Beratungs- und Unterst\u00fctzungsangebote fliessen Ergebnisse, Erkenntnisse und Empfehlungen ein in Vortr\u00e4ge und Pr\u00e4sentationen im Rahmen von wissenschaftlichen Tagungen und Kongressen, aber auch im Rahmen von Qualifizierungen, Tagungen und Konferenzen der Bildungspolitik und -praxis sowie gemischter Auditorien. So war und ist Stephan Huber Keynote Speaker bei wissenschaftlichen Fachtagungen und [&hellip;]<\/p>\n","protected":false},"author":1,"featured_media":4676,"parent":0,"menu_order":0,"comment_status":"closed","ping_status":"closed","template":"","meta":{"footnotes":""},"class_list":["post-8519","page","type-page","status-publish","has-post-thumbnail","hentry"],"yoast_head":"<!-- This site is optimized with the Yoast SEO plugin v27.1.1 - https:\/\/yoast.com\/product\/yoast-seo-wordpress\/ -->\n<title>Lectures - Education Management<\/title>\n<meta name=\"robots\" content=\"index, follow, max-snippet:-1, max-image-preview:large, max-video-preview:-1\" \/>\n<link rel=\"canonical\" href=\"https:\/\/bildungsmanagement.net\/en\/lectures\/\" \/>\n<meta property=\"og:locale\" content=\"en_US\" \/>\n<meta property=\"og:type\" content=\"article\" \/>\n<meta property=\"og:title\" content=\"Lectures - Education Management\" \/>\n<meta property=\"og:description\" content=\"Lectures Im Kontext der Forschungst\u00e4tigkeit sowie der Beratungs- und Unterst\u00fctzungsangebote fliessen Ergebnisse, Erkenntnisse und Empfehlungen ein in Vortr\u00e4ge und Pr\u00e4sentationen im Rahmen von wissenschaftlichen Tagungen und Kongressen, aber auch im Rahmen von Qualifizierungen, Tagungen und Konferenzen der Bildungspolitik und -praxis sowie gemischter Auditorien. So war und ist Stephan Huber Keynote Speaker bei wissenschaftlichen Fachtagungen und [&hellip;]\" \/>\n<meta property=\"og:url\" content=\"https:\/\/bildungsmanagement.net\/en\/lectures\/\" \/>\n<meta property=\"og:site_name\" content=\"Education Management\" \/>\n<meta property=\"article:modified_time\" content=\"2024-04-19T06:31:33+00:00\" \/>\n<meta property=\"og:image\" content=\"https:\/\/bildungsmanagement.net\/wp-content\/uploads\/sites\/4\/2021\/10\/IMG_5969.jpg\" \/>\n\t<meta property=\"og:image:width\" content=\"1200\" \/>\n\t<meta property=\"og:image:height\" content=\"800\" \/>\n\t<meta property=\"og:image:type\" content=\"image\/jpeg\" \/>\n<meta name=\"twitter:card\" content=\"summary_large_image\" \/>\n<meta name=\"twitter:label1\" content=\"Est. reading time\" \/>\n\t<meta name=\"twitter:data1\" content=\"2 minutes\" \/>\n<script type=\"application\/ld+json\" class=\"yoast-schema-graph\">{\"@context\":\"https:\/\/schema.org\",\"@graph\":[{\"@type\":\"WebPage\",\"@id\":\"https:\/\/bildungsmanagement.net\/en\/lectures\/\",\"url\":\"https:\/\/bildungsmanagement.net\/en\/lectures\/\",\"name\":\"Lectures - Education Management\",\"isPartOf\":{\"@id\":\"https:\/\/bildungsmanagement.net\/en\/#website\"},\"primaryImageOfPage\":{\"@id\":\"https:\/\/bildungsmanagement.net\/en\/lectures\/#primaryimage\"},\"image\":{\"@id\":\"https:\/\/bildungsmanagement.net\/en\/lectures\/#primaryimage\"},\"thumbnailUrl\":\"https:\/\/bildungsmanagement.net\/wp-content\/uploads\/sites\/4\/2021\/10\/IMG_5969.jpg\",\"datePublished\":\"2024-04-19T06:31:30+00:00\",\"dateModified\":\"2024-04-19T06:31:33+00:00\",\"breadcrumb\":{\"@id\":\"https:\/\/bildungsmanagement.net\/en\/lectures\/#breadcrumb\"},\"inLanguage\":\"en-US\",\"potentialAction\":[{\"@type\":\"ReadAction\",\"target\":[\"https:\/\/bildungsmanagement.net\/en\/lectures\/\"]}]},{\"@type\":\"ImageObject\",\"inLanguage\":\"en-US\",\"@id\":\"https:\/\/bildungsmanagement.net\/en\/lectures\/#primaryimage\",\"url\":\"https:\/\/bildungsmanagement.net\/wp-content\/uploads\/sites\/4\/2021\/10\/IMG_5969.jpg\",\"contentUrl\":\"https:\/\/bildungsmanagement.net\/wp-content\/uploads\/sites\/4\/2021\/10\/IMG_5969.jpg\",\"width\":1200,\"height\":800},{\"@type\":\"BreadcrumbList\",\"@id\":\"https:\/\/bildungsmanagement.net\/en\/lectures\/#breadcrumb\",\"itemListElement\":[{\"@type\":\"ListItem\",\"position\":1,\"name\":\"Startseite\",\"item\":\"https:\/\/bildungsmanagement.net\/en\/\"},{\"@type\":\"ListItem\",\"position\":2,\"name\":\"Lectures\"}]},{\"@type\":\"WebSite\",\"@id\":\"https:\/\/bildungsmanagement.net\/en\/#website\",\"url\":\"https:\/\/bildungsmanagement.net\/en\/\",\"name\":\"Education Management\",\"description\":\"\",\"potentialAction\":[{\"@type\":\"SearchAction\",\"target\":{\"@type\":\"EntryPoint\",\"urlTemplate\":\"https:\/\/bildungsmanagement.net\/en\/?s={search_term_string}\"},\"query-input\":{\"@type\":\"PropertyValueSpecification\",\"valueRequired\":true,\"valueName\":\"search_term_string\"}}],\"inLanguage\":\"en-US\"}]}<\/script>\n<!-- \/ Yoast SEO plugin. -->","yoast_head_json":{"title":"Lectures - Education Management","robots":{"index":"index","follow":"follow","max-snippet":"max-snippet:-1","max-image-preview":"max-image-preview:large","max-video-preview":"max-video-preview:-1"},"canonical":"https:\/\/bildungsmanagement.net\/en\/lectures\/","og_locale":"en_US","og_type":"article","og_title":"Lectures - Education Management","og_description":"Lectures Im Kontext der Forschungst\u00e4tigkeit sowie der Beratungs- und Unterst\u00fctzungsangebote fliessen Ergebnisse, Erkenntnisse und Empfehlungen ein in Vortr\u00e4ge und Pr\u00e4sentationen im Rahmen von wissenschaftlichen Tagungen und Kongressen, aber auch im Rahmen von Qualifizierungen, Tagungen und Konferenzen der Bildungspolitik und -praxis sowie gemischter Auditorien. So war und ist Stephan Huber Keynote Speaker bei wissenschaftlichen Fachtagungen und [&hellip;]","og_url":"https:\/\/bildungsmanagement.net\/en\/lectures\/","og_site_name":"Education Management","article_modified_time":"2024-04-19T06:31:33+00:00","og_image":[{"width":1200,"height":800,"url":"https:\/\/bildungsmanagement.net\/wp-content\/uploads\/sites\/4\/2021\/10\/IMG_5969.jpg","type":"image\/jpeg"}],"twitter_card":"summary_large_image","twitter_misc":{"Est. reading time":"2 minutes"},"schema":{"@context":"https:\/\/schema.org","@graph":[{"@type":"WebPage","@id":"https:\/\/bildungsmanagement.net\/en\/lectures\/","url":"https:\/\/bildungsmanagement.net\/en\/lectures\/","name":"Lectures - Education Management","isPartOf":{"@id":"https:\/\/bildungsmanagement.net\/en\/#website"},"primaryImageOfPage":{"@id":"https:\/\/bildungsmanagement.net\/en\/lectures\/#primaryimage"},"image":{"@id":"https:\/\/bildungsmanagement.net\/en\/lectures\/#primaryimage"},"thumbnailUrl":"https:\/\/bildungsmanagement.net\/wp-content\/uploads\/sites\/4\/2021\/10\/IMG_5969.jpg","datePublished":"2024-04-19T06:31:30+00:00","dateModified":"2024-04-19T06:31:33+00:00","breadcrumb":{"@id":"https:\/\/bildungsmanagement.net\/en\/lectures\/#breadcrumb"},"inLanguage":"en-US","potentialAction":[{"@type":"ReadAction","target":["https:\/\/bildungsmanagement.net\/en\/lectures\/"]}]},{"@type":"ImageObject","inLanguage":"en-US","@id":"https:\/\/bildungsmanagement.net\/en\/lectures\/#primaryimage","url":"https:\/\/bildungsmanagement.net\/wp-content\/uploads\/sites\/4\/2021\/10\/IMG_5969.jpg","contentUrl":"https:\/\/bildungsmanagement.net\/wp-content\/uploads\/sites\/4\/2021\/10\/IMG_5969.jpg","width":1200,"height":800},{"@type":"BreadcrumbList","@id":"https:\/\/bildungsmanagement.net\/en\/lectures\/#breadcrumb","itemListElement":[{"@type":"ListItem","position":1,"name":"Startseite","item":"https:\/\/bildungsmanagement.net\/en\/"},{"@type":"ListItem","position":2,"name":"Lectures"}]},{"@type":"WebSite","@id":"https:\/\/bildungsmanagement.net\/en\/#website","url":"https:\/\/bildungsmanagement.net\/en\/","name":"Education Management","description":"","potentialAction":[{"@type":"SearchAction","target":{"@type":"EntryPoint","urlTemplate":"https:\/\/bildungsmanagement.net\/en\/?s={search_term_string}"},"query-input":{"@type":"PropertyValueSpecification","valueRequired":true,"valueName":"search_term_string"}}],"inLanguage":"en-US"}]}},"_links":{"self":[{"href":"https:\/\/bildungsmanagement.net\/en\/wp-json\/wp\/v2\/pages\/8519","targetHints":{"allow":["GET"]}}],"collection":[{"href":"https:\/\/bildungsmanagement.net\/en\/wp-json\/wp\/v2\/pages"}],"about":[{"href":"https:\/\/bildungsmanagement.net\/en\/wp-json\/wp\/v2\/types\/page"}],"author":[{"embeddable":true,"href":"https:\/\/bildungsmanagement.net\/en\/wp-json\/wp\/v2\/users\/1"}],"replies":[{"embeddable":true,"href":"https:\/\/bildungsmanagement.net\/en\/wp-json\/wp\/v2\/comments?post=8519"}],"version-history":[{"count":2,"href":"https:\/\/bildungsmanagement.net\/en\/wp-json\/wp\/v2\/pages\/8519\/revisions"}],"predecessor-version":[{"id":8520,"href":"https:\/\/bildungsmanagement.net\/en\/wp-json\/wp\/v2\/pages\/8519\/revisions\/8520"}],"wp:featuredmedia":[{"embeddable":true,"href":"https:\/\/bildungsmanagement.net\/en\/wp-json\/wp\/v2\/media\/4676"}],"wp:attachment":[{"href":"https:\/\/bildungsmanagement.net\/en\/wp-json\/wp\/v2\/media?parent=8519"}],"curies":[{"name":"wp","href":"https:\/\/api.w.org\/{rel}","templated":true}]}}